{"id":36,"date":"2024-04-01T19:10:56","date_gmt":"2024-04-01T19:10:56","guid":{"rendered":"https:\/\/cbditaly.lt\/?page_id=36"},"modified":"2026-03-30T18:14:11","modified_gmt":"2026-03-30T15:14:11","slug":"contacts","status":"publish","type":"page","link":"https:\/\/cbditaly.lt\/en\/contacts\/","title":{"rendered":"Contacts"},"content":{"rendered":"<div class=\"wpb-content-wrapper\"><section data-vc-full-width=\"true\" data-vc-full-width-init=\"false\" class=\"vc_section\"><div class=\"vc_row wpb_row vc_row-fluid\"><div class=\"wpb_column vc_column_container vc_col-sm-8\"><div class=\"vc_column-inner\"><div class=\"wpb_wrapper\"><div class=\"heading  theme-icon align-center color-black transform-default ltx-theme-header icon-type-hidden   vc_custom_1589282549243 heading-tag-h4\" id=\"like_sc_header_720873309\"><h4 class=\"header ltx-sr-id-like_sc_header_720873309381175305 ltx-sr ltx-sr-effect-fade_in ltx-sr-el-block ltx-sr-delay-0 ltx-sr-duration-1000 ltx-sr-sequences-0\">CBDITALY STORE<\/h4><\/div><div class=\"align-default\"><ul class=\"social-icons-list   vc_custom_1774883636821 bg-main  icon-weight-bold\" id=\"like_sc_header_1217468813\"><li class=\"\"><span class=\"\"><\/span><span class=\"head\">CBDITALY<\/span><\/li><li class=\"\"><span class=\"far fa-handshake\"><\/span><span class=\"head\">\u0160i\u0105 parduotuv\u0119 valdo: sales@cbditaly.lt<\/span><\/li><li class=\"\"><span class=\"fas fa-landmark\"><\/span><span class=\"head\">CBDITALY is a franchise of ORGANIC CBD ITALY KFT, 1068 Budapest, Kir\u00e1ly utca 80\u201311.\nEmail: biz@cbditaly.store\n \u2013 Warehouses in Italy, Estonia, Latvia, Lithuania, and Hungary.<\/span><\/li><\/ul><\/div><div class=\"align-default\"><ul class=\"social-big bg-main  icon-weight-bold\" id=\"like_sc_header_241412419\"><li><a href=\"http:\/\/www.facebook.com\/cbditaly.store\" class=\"ltx-social-color\" target=\"_blank\" rel=\"noopener\"><\/a><\/li><li><a href=\"http:\/\/www.instagram.com\/cbditaly.store\" class=\"ltx-social-color\" target=\"_blank\" rel=\"noopener\"><\/a><\/li><\/ul><\/div><\/div><\/div><\/div><div class=\"wpb_column vc_column_container vc_col-sm-4\"><div class=\"vc_column-inner\"><div class=\"wpb_wrapper\"><\/div><\/div><\/div><\/div><\/section><div class=\"vc_row-full-width vc_clearfix\"><\/div>\n<\/div>","protected":false},"excerpt":{"rendered":"CBDITALY STORECBDITALY\u0160i\u0105 parduotuv\u0119 valdo: sales@cbditaly.ltCBDITALY is a franchise by ORGANIC CBD ITALY KFT, 1068 Budapest, Kir\u00e1ly utca 80- 11. email: biz@cbditaly.store - Ind\u0117liai Italijoje, Estijoje, Latvijoje, Lietuvoje ir Vengrijoje.","protected":false},"author":1,"featured_media":0,"parent":0,"menu_order":0,"comment_status":"closed","ping_status":"closed","template":"page-templates\/full-width.php","meta":{"_joinchat":[],"footnotes":""},"_links":{"self":[{"href":"https:\/\/cbditaly.lt\/en\/wp-json\/wp\/v2\/pages\/36"}],"collection":[{"href":"https:\/\/cbditaly.lt\/en\/wp-json\/wp\/v2\/pages"}],"about":[{"href":"https:\/\/cbditaly.lt\/en\/wp-json\/wp\/v2\/types\/page"}],"author":[{"embeddable":true,"href":"https:\/\/cbditaly.lt\/en\/wp-json\/wp\/v2\/users\/1"}],"replies":[{"embeddable":true,"href":"https:\/\/cbditaly.lt\/en\/wp-json\/wp\/v2\/comments?post=36"}],"version-history":[{"count":9,"href":"https:\/\/cbditaly.lt\/en\/wp-json\/wp\/v2\/pages\/36\/revisions"}],"predecessor-version":[{"id":1768,"href":"https:\/\/cbditaly.lt\/en\/wp-json\/wp\/v2\/pages\/36\/revisions\/1768"}],"wp:attachment":[{"href":"https:\/\/cbditaly.lt\/en\/wp-json\/wp\/v2\/media?parent=36"}],"curies":[{"name":"wp","href":"https:\/\/api.w.org\/{rel}","templated":true}]}}