{"id":1012,"date":"2025-07-21T23:33:22","date_gmt":"2025-07-21T20:33:22","guid":{"rendered":"https:\/\/cbditaly.lt\/?post_type=product&#038;p=1012"},"modified":"2026-02-09T18:47:08","modified_gmt":"2026-02-09T15:47:08","slug":"swiss-cheese-hhcp-m-60","status":"publish","type":"product","link":"https:\/\/cbditaly.lt\/en\/product\/swiss-cheese-hhcp-m-60\/","title":{"rendered":"SWISS CHEESE HHCP-M 60% 10g *OUTLET"},"content":{"rendered":"<h6 data-start=\"198\" data-end=\"251\">*OUTLET<\/h6>\n<h6 data-start=\"198\" data-end=\"251\">Kanapi\u0173 \u017eiedai SWISS CHEESE X HHCP-M 60% THC 0% 10g<\/h6>\n<p data-start=\"253\" data-end=\"643\"><strong data-start=\"253\" data-end=\"278\">SWISS CHEESE X HHCP-M<\/strong> \u2013 tai unikali kanapi\u0173 veisl\u0117, sukurta i\u0161 klasikin\u0117s <em data-start=\"331\" data-end=\"339\">Cheese<\/em> genetikos ir praturtinta naujos kartos kanabinoidu <strong data-start=\"391\" data-end=\"428\">HHCP-M (Hexahydrocannabiphorol-M)<\/strong>, kurio koncentracija siekia <strong data-start=\"457\" data-end=\"464\">60%<\/strong>. \u0160is derinys sujungia tradicin\u012f selekcijos paveld\u0105 su \u0161iuolaikiniais biocheminiais sprendimais, tod\u0117l produktas idealiai tinka <strong data-start=\"592\" data-end=\"640\">kolekcionavimui ir profesionaliam naudojimui<\/strong>.<\/p>\n<p data-start=\"645\" data-end=\"783\"><strong data-start=\"645\" data-end=\"658\">I\u0161vaizda:<\/strong><br data-start=\"658\" data-end=\"661\" \/>Kompakti\u0161ki, dervoti \u017eiedai su \u0161viesiai \u017ealiu atspalviu, gausiai padengti oran\u017ein\u0117mis piestel\u0117mis ir trichom\u0173 sluoksniu.<\/p>\n<p data-start=\"785\" data-end=\"955\"><strong data-start=\"785\" data-end=\"798\">Aromatas:<\/strong><br data-start=\"798\" data-end=\"801\" \/>Ry\u0161kus klasikinis s\u016brio aromatas, papildytas subtiliomis \u017eoleli\u0173 ir sald\u017ei\u0173 vaisi\u0173 natomis. Sud\u0117tingas ir i\u0161skirtinis profilis, vertinamas kolekcinink\u0173.<\/p>\n<p data-start=\"957\" data-end=\"1327\"><strong data-start=\"957\" data-end=\"975\">HHCP-M kiekis:<\/strong> 60%<br data-start=\"979\" data-end=\"982\" \/><strong data-start=\"982\" data-end=\"997\">THC kiekis:<\/strong> 0%<br data-start=\"1000\" data-end=\"1003\" \/><strong data-start=\"1003\" data-end=\"1020\">Kilm\u0117s \u0161alis:<\/strong> Italija<br data-start=\"1028\" data-end=\"1031\" \/><strong data-start=\"1031\" data-end=\"1046\">Usage:<\/strong> Tik profesionaliam naudojimui arba kolekcionavimui.<br data-start=\"1098\" data-end=\"1101\" \/><strong data-start=\"1101\" data-end=\"1127\" data-is-only-node=\"\">Pardavimo apribojimai:<\/strong> Neparduodama asmenims iki 18 met\u0173.<br data-start=\"1162\" data-end=\"1165\" \/><strong data-start=\"1165\" data-end=\"1178\">Laikymas:<\/strong> Laikyti sausoje, v\u0117sioje, vaikams nepasiekiamoje vietoje.<br data-start=\"1236\" data-end=\"1239\" \/><strong data-start=\"1239\" data-end=\"1276\">Wholesale for retailers:<\/strong> <a class=\"decorated-link\" href=\"https:\/\/www.cbditaly.store\" target=\"_new\" rel=\"noopener\" data-start=\"1277\" data-end=\"1325\">www.cbditaly.store<\/a><\/p>","protected":false},"excerpt":{"rendered":"<p>Kanapi\u0173 \u017eiedai SWISS CHEESE HHCP-M 60% 10g *OUTLET<br \/>\nPrieinama pakuot\u0117se: 2g-3g-5g-10g-20g-50g-100g<\/p>","protected":false},"featured_media":1654,"comment_status":"closed","ping_status":"closed","template":"","meta":{"_joinchat":[]},"product_cat":[27],"product_tag":[],"tiered_pricing_type":"fixed","tiered_pricing_fixed_rules":[],"tiered_pricing_product_settings":{"layout":"default","base_unit_name":{"singular":null,"plural":null},"default_variation":null},"tiered_pricing_minimum_quantity":null,"tiered_pricing_roles_data":[],"tiered_pricing_percentage_rules":[],"tiered_pricing_maximum_quantity":null,"tiered_pricing_quantity_step":null,"_links":{"self":[{"href":"https:\/\/cbditaly.lt\/en\/wp-json\/wp\/v2\/product\/1012"}],"collection":[{"href":"https:\/\/cbditaly.lt\/en\/wp-json\/wp\/v2\/product"}],"about":[{"href":"https:\/\/cbditaly.lt\/en\/wp-json\/wp\/v2\/types\/product"}],"replies":[{"embeddable":true,"href":"https:\/\/cbditaly.lt\/en\/wp-json\/wp\/v2\/comments?post=1012"}],"wp:featuredmedia":[{"embeddable":true,"href":"https:\/\/cbditaly.lt\/en\/wp-json\/wp\/v2\/media\/1654"}],"wp:attachment":[{"href":"https:\/\/cbditaly.lt\/en\/wp-json\/wp\/v2\/media?parent=1012"}],"wp:term":[{"taxonomy":"product_cat","embeddable":true,"href":"https:\/\/cbditaly.lt\/en\/wp-json\/wp\/v2\/product_cat?post=1012"},{"taxonomy":"product_tag","embeddable":true,"href":"https:\/\/cbditaly.lt\/en\/wp-json\/wp\/v2\/product_tag?post=1012"}],"curies":[{"name":"wp","href":"https:\/\/api.w.org\/{rel}","templated":true}]}}