{"id":107,"date":"2024-04-11T22:03:16","date_gmt":"2024-04-11T22:03:16","guid":{"rendered":"https:\/\/cbditaly.lt\/?post_type=product&#038;p=107"},"modified":"2026-01-07T05:02:47","modified_gmt":"2026-01-07T02:02:47","slug":"cbd-24-mct-aliejus-sportline","status":"publish","type":"product","link":"https:\/\/cbditaly.lt\/en\/product\/cbd-24-mct-aliejus-sportline\/","title":{"rendered":"CBD 24%, MCT aliejus, &#8222;SPORTLINE&#8221;"},"content":{"rendered":"<p>CBD 24%, MCT aliejus, be THC, &#8222;SPORTLINE&#8221; Organinis 2400 mg 99,9% i\u0161skirtinis CBD ekstraktas i\u0161 Italijos kanapi\u0173, MCT aliejuje. Laikyti v\u0117sioje ir sausoje vietoje, toli nuo tiesiogini\u0173 saul\u0117s spinduli\u0173. 10 ml. &#8211; THC=0 &#8211; Pagaminta ES.<\/p>\n<p>Manufacturer: Organic CBDITALY Limited\nWholesale: <a href=\"http:\/\/www.cbditaly.store\/\" target=\"_new\" rel=\"noopener\">www.cbditaly.store<\/a><\/p>\n<pre>EU CPNP registered cosmetic product.<\/pre>","protected":false},"excerpt":{"rendered":"<p>CBD 24%, MCT aliejus, SPORTLINE, be THC -10ml.-<\/p>","protected":false},"featured_media":136,"comment_status":"closed","ping_status":"closed","template":"","meta":{"_joinchat":[]},"product_cat":[18],"product_tag":[],"tiered_pricing_type":"fixed","tiered_pricing_fixed_rules":{"3":60,"5":50},"tiered_pricing_product_settings":{"layout":"default","base_unit_name":{"singular":null,"plural":null},"default_variation":null},"tiered_pricing_minimum_quantity":null,"tiered_pricing_roles_data":[],"tiered_pricing_percentage_rules":[],"tiered_pricing_maximum_quantity":null,"tiered_pricing_quantity_step":null,"_links":{"self":[{"href":"https:\/\/cbditaly.lt\/en\/wp-json\/wp\/v2\/product\/107"}],"collection":[{"href":"https:\/\/cbditaly.lt\/en\/wp-json\/wp\/v2\/product"}],"about":[{"href":"https:\/\/cbditaly.lt\/en\/wp-json\/wp\/v2\/types\/product"}],"replies":[{"embeddable":true,"href":"https:\/\/cbditaly.lt\/en\/wp-json\/wp\/v2\/comments?post=107"}],"wp:featuredmedia":[{"embeddable":true,"href":"https:\/\/cbditaly.lt\/en\/wp-json\/wp\/v2\/media\/136"}],"wp:attachment":[{"href":"https:\/\/cbditaly.lt\/en\/wp-json\/wp\/v2\/media?parent=107"}],"wp:term":[{"taxonomy":"product_cat","embeddable":true,"href":"https:\/\/cbditaly.lt\/en\/wp-json\/wp\/v2\/product_cat?post=107"},{"taxonomy":"product_tag","embeddable":true,"href":"https:\/\/cbditaly.lt\/en\/wp-json\/wp\/v2\/product_tag?post=107"}],"curies":[{"name":"wp","href":"https:\/\/api.w.org\/{rel}","templated":true}]}}