{"id":109,"date":"2024-04-11T22:03:16","date_gmt":"2024-04-11T22:03:16","guid":{"rendered":"https:\/\/cbditaly.lt\/?post_type=product&#038;p=109"},"modified":"2024-04-22T21:29:16","modified_gmt":"2024-04-22T21:29:16","slug":"cbd-alyvuogiu-aliejus-12-sportline","status":"publish","type":"product","link":"https:\/\/cbditaly.lt\/en\/product\/cbd-alyvuogiu-aliejus-12-sportline\/","title":{"rendered":"CBD Alyvuogi\u0173 aliejus 12% SPORTLINE"},"content":{"rendered":"<div class=\"flex-1 overflow-hidden\">\n<div class=\"react-scroll-to-bottom--css-jyrfv-79elbk h-full\">\n<div class=\"react-scroll-to-bottom--css-jyrfv-1n7m0yu\">\n<div class=\"flex flex-col text-sm pb-9\">\n<div class=\"w-full text-token-text-primary\" dir=\"auto\" data-testid=\"conversation-turn-11\">\n<div class=\"px-4 py-2 justify-center text-base md:gap-6 m-auto\">\n<div class=\"flex flex-1 text-base mx-auto gap-3 juice:gap-4 juice:md:gap-6 md:px-5 lg:px-1 xl:px-5 md:max-w-3xl lg:max-w-[40rem] xl:max-w-[48rem]\">\n<div class=\"relative flex w-full flex-col agent-turn\">\n<div class=\"flex-col gap-1 md:gap-3\">\n<div class=\"flex flex-grow flex-col max-w-full\">\n<div class=\"min-h-[20px] text-message flex flex-col items-start gap-3 whitespace-pre-wrap break-words [.text-message+&amp;]:mt-5 overflow-x-auto\" dir=\"auto\" data-message-author-role=\"assistant\" data-message-id=\"a567f969-2aef-4e3c-978d-b17b11088c87\">\n<div class=\"markdown prose w-full break-words dark:prose-invert light\">\n<p>CBD Alyvuogi\u0173 aliejus 12% SPORTLINE<\/p>\n<p>CBD 12%, ekstra neitsi alyvuogi\u0173 aliejus, be THC. \u201eSPORTLINE\u201c serija yra 1200 mg ekologi\u0161ko CBD izoliato, 99,9% grynumo, i\u0161gauto i\u0161 Italijos kanapi\u0173 ir i\u0161tirpinto alyvuogi\u0173 aliejuje. Laikyti vaikams nepasiekiamoje vietoje. Vengti kontakto su akimis ir atviromis \u017eaizdomis. Be THC. Pagaminta ES.<\/p>\n<p>Manufacturer: Organic CBDITALY Limited\nWholesale: <a href=\"http:\/\/www.cbditaly.store\/\" target=\"_new\" rel=\"noopener\">www.cbditaly.store<\/a><\/p>\n<pre>EU CPNP registered cosmetic product.<\/pre>\n<\/div>\n<\/div>\n<\/div>\n<div class=\"mt-1 flex gap-3 empty:hidden\">\n<div class=\"text-gray-400 flex self-end lg:self-center items-center justify-center lg:justify-start mt-0 -ml-1 h-7 gap-[2px] visible\">\n<div class=\"flex\"><\/div>\n<\/div>\n<\/div>\n<div class=\"pr-2 lg:pr-0\"><\/div>\n<\/div>\n<div class=\"absolute\">\n<div class=\"flex w-full gap-2 items-center justify-center\"><\/div>\n<\/div>\n<\/div>\n<\/div>\n<\/div>\n<\/div>\n<\/div>\n<\/div>\n<\/div>\n<\/div>\n<div class=\"w-full pt-2 md:pt-0 dark:border-white\/20 md:border-transparent md:dark:border-transparent md:w-[calc(100%-.5rem)]\">\n<form class=\"stretch mx-2 flex flex-row gap-3 last:mb-2 md:mx-4 md:last:mb-6 lg:mx-auto lg:max-w-2xl xl:max-w-3xl\" action=\"\">\n<div class=\"relative flex h-full flex-1 flex-col\">\n<div class=\"absolute bottom-full left-0 right-0\"><\/div>\n<div class=\"flex w-full items-center\"><\/div>\n<\/div>\n<input type=\"hidden\" name=\"trp-form-language\" value=\"en\"\/><\/form>\n<\/div>","protected":false},"excerpt":{"rendered":"<p>CBD Alyvuogi\u0173 aliejus 12% OLIVE SPORTLINE, be THC -10ml.-<\/p>","protected":false},"featured_media":142,"comment_status":"closed","ping_status":"closed","template":"","meta":{"_joinchat":[]},"product_cat":[18],"product_tag":[],"tiered_pricing_type":"fixed","tiered_pricing_fixed_rules":{"3":35,"5":30},"tiered_pricing_product_settings":{"layout":"default","base_unit_name":{"singular":null,"plural":null},"default_variation":null},"tiered_pricing_minimum_quantity":null,"tiered_pricing_roles_data":[],"tiered_pricing_percentage_rules":[],"tiered_pricing_maximum_quantity":null,"tiered_pricing_quantity_step":null,"_links":{"self":[{"href":"https:\/\/cbditaly.lt\/en\/wp-json\/wp\/v2\/product\/109"}],"collection":[{"href":"https:\/\/cbditaly.lt\/en\/wp-json\/wp\/v2\/product"}],"about":[{"href":"https:\/\/cbditaly.lt\/en\/wp-json\/wp\/v2\/types\/product"}],"replies":[{"embeddable":true,"href":"https:\/\/cbditaly.lt\/en\/wp-json\/wp\/v2\/comments?post=109"}],"wp:featuredmedia":[{"embeddable":true,"href":"https:\/\/cbditaly.lt\/en\/wp-json\/wp\/v2\/media\/142"}],"wp:attachment":[{"href":"https:\/\/cbditaly.lt\/en\/wp-json\/wp\/v2\/media?parent=109"}],"wp:term":[{"taxonomy":"product_cat","embeddable":true,"href":"https:\/\/cbditaly.lt\/en\/wp-json\/wp\/v2\/product_cat?post=109"},{"taxonomy":"product_tag","embeddable":true,"href":"https:\/\/cbditaly.lt\/en\/wp-json\/wp\/v2\/product_tag?post=109"}],"curies":[{"name":"wp","href":"https:\/\/api.w.org\/{rel}","templated":true}]}}