{"id":1092,"date":"2025-08-27T21:06:34","date_gmt":"2025-08-27T18:06:34","guid":{"rendered":"https:\/\/cbditaly.lt\/?post_type=product&#038;p=1092"},"modified":"2026-02-10T18:33:00","modified_gmt":"2026-02-10T15:33:00","slug":"ak-47-cbd-21","status":"publish","type":"product","link":"https:\/\/cbditaly.lt\/en\/product\/ak-47-cbd-21\/","title":{"rendered":"AK-47 CBD 21%"},"content":{"rendered":"<p data-start=\"229\" data-end=\"573\">AK-47 \u2013 tai klasikin\u0117, pasaulyje gerai \u017einoma kanapi\u0173 veisl\u0117, kuri \u0161iuo atveju pateikiama su auk\u0161tu CBD kiekiu ir legaliai leid\u017eiamu THC lygiu. \u0160is derinys suteikia ry\u0161k\u0173, gaiv\u0173 aromat\u0105 ir subalansuot\u0105, raminant\u012f poveik\u012f be psichoaktyvaus apsvaigimo. Idealiai tinka ie\u0161kantiems nat\u016bralios savijautos palaikymo dienos ar vakaro metu.<\/p>\n<p data-start=\"575\" data-end=\"776\">Aromatas ir skonis:<br data-start=\"594\" data-end=\"597\" \/>Intensyvus, \u017eemi\u0161kas ir \u0161iek tiek a\u0161trus kvapas su lengvomis pu\u0161ies ir citrusini\u0173 vaisi\u0173 natomis. Skonis i\u0161rai\u0161kingas, bet neperkrautas \u2013 palieka \u0161var\u0173 ir ilgai i\u0161liekant\u012f poj\u016bt\u012f.<\/p>\n<p data-start=\"778\" data-end=\"970\">Variety characteristics:<br data-start=\"794\" data-end=\"797\" \/>CBD kiekis: 21 %<br data-start=\"813\" data-end=\"816\" \/>THC kiekis: 0,2 % (atitinka ES reikalavimus)<br data-start=\"860\" data-end=\"863\" \/>I\u0161vaizda: kompakti\u0161ki, dervos gaus\u016bs \u017eiedai, tamsesnio \u017ealumo atspalvi\u0173 su ry\u0161kiais oran\u017einiais plaukeliais<\/p>\n<p data-start=\"972\" data-end=\"1042\">Produktas jau prekyboje \u2013 atrinktas rankomis ir kruop\u0161\u010diai supakuotas.<\/p>\n<p data-start=\"1044\" data-end=\"1320\">Produkto naudojimas: tik profesionaliam naudojimui arba kolekcionavimui. Ne vartoti \u017emon\u0117ms.<br data-start=\"1136\" data-end=\"1139\" \/>Sales restrictions: Not sold to persons under 18 years of age.<br data-start=\"1196\" data-end=\"1199\" \/>Laikymas: laikyti sausoje vietoje, toliau nuo \u0161ilumos \u0161altini\u0173 ir vaikams nepasiekiamoje vietoje.<br data-start=\"1296\" data-end=\"1299\" \/>Country of origin: Italy<\/p>\n<p data-start=\"1322\" data-end=\"1548\">Interested in becoming an independent distributor or franchise partner?<br data-start=\"1385\" data-end=\"1388\" \/>Ma\u017ei minimal\u016bs kiekiai, auk\u0161ta kokyb\u0117 ir kainos, pritaikytos j\u016bs\u0173 poreikiams. Prisijunkite prie m\u016bs\u0173 Cash &amp; Carry programos arba susisiekite: <a class=\"decorated-link cursor-pointer\" rel=\"noopener\" data-start=\"1530\" data-end=\"1548\">biz@cbditaly.store<\/a><\/p>","protected":false},"excerpt":{"rendered":"<p>Kanapi\u0173 \u017eiedai AK-47 X CBD 21%<br \/>\nPrieinama pakuot\u0117se: 2g, 3g, 5g, 10g, 20g, 50g, 100g.<\/p>","protected":false},"featured_media":1093,"comment_status":"closed","ping_status":"closed","template":"","meta":{"_joinchat":[]},"product_cat":[26,105],"product_tag":[],"tiered_pricing_type":"fixed","tiered_pricing_fixed_rules":{"2":7,"3":6,"5":5,"10":4,"20":3.5,"50":3,"100":2.5,"1000":2},"tiered_pricing_product_settings":{"layout":"default","base_unit_name":{"singular":null,"plural":null},"default_variation":null},"tiered_pricing_minimum_quantity":null,"tiered_pricing_roles_data":[],"tiered_pricing_percentage_rules":[],"tiered_pricing_maximum_quantity":null,"tiered_pricing_quantity_step":null,"_links":{"self":[{"href":"https:\/\/cbditaly.lt\/en\/wp-json\/wp\/v2\/product\/1092"}],"collection":[{"href":"https:\/\/cbditaly.lt\/en\/wp-json\/wp\/v2\/product"}],"about":[{"href":"https:\/\/cbditaly.lt\/en\/wp-json\/wp\/v2\/types\/product"}],"replies":[{"embeddable":true,"href":"https:\/\/cbditaly.lt\/en\/wp-json\/wp\/v2\/comments?post=1092"}],"wp:featuredmedia":[{"embeddable":true,"href":"https:\/\/cbditaly.lt\/en\/wp-json\/wp\/v2\/media\/1093"}],"wp:attachment":[{"href":"https:\/\/cbditaly.lt\/en\/wp-json\/wp\/v2\/media?parent=1092"}],"wp:term":[{"taxonomy":"product_cat","embeddable":true,"href":"https:\/\/cbditaly.lt\/en\/wp-json\/wp\/v2\/product_cat?post=1092"},{"taxonomy":"product_tag","embeddable":true,"href":"https:\/\/cbditaly.lt\/en\/wp-json\/wp\/v2\/product_tag?post=1092"}],"curies":[{"name":"wp","href":"https:\/\/api.w.org\/{rel}","templated":true}]}}