{"id":1099,"date":"2025-08-28T02:55:38","date_gmt":"2025-08-27T23:55:38","guid":{"rendered":"https:\/\/cbditaly.lt\/?post_type=product&#038;p=1099"},"modified":"2026-02-10T13:57:24","modified_gmt":"2026-02-10T10:57:24","slug":"orange-kush-cbd-18","status":"publish","type":"product","link":"https:\/\/cbditaly.lt\/en\/product\/orange-kush-cbd-18\/","title":{"rendered":"ORANGE KUSH CBD 18%"},"content":{"rendered":"<p data-start=\"183\" data-end=\"465\">Orange Kush \u2013 tai sald\u017ei\u0173 citrusini\u0173 nat\u0173 kanapi\u0173 veisl\u0117, kuri i\u0161siskiria raminan\u010diu poveikiu ir maloniu, \u0161iltu kvapu. \u0160ioje versijoje yra 18 % CBD ir tik 0,2 % THC, tod\u0117l tai puikus pasirinkimas tiems, kurie ie\u0161ko \u0161velnaus atsipalaidavimo be joki\u0173 psichoaktyvi\u0173 efekt\u0173.<\/p>\n<p data-start=\"467\" data-end=\"679\">Aromatas ir skonis:<br data-start=\"486\" data-end=\"489\" \/>Sodrus apelsin\u0173 \u017eievel\u0117s aromatas, papildytas vanil\u0117s ir lengvais \u017eoleli\u0173 tonais. Skonis \u0161iltas, saldus, su i\u0161liekan\u010diu citrusiniu poskoniu \u2013 idealiai tinka naudoti vakarais ar poilsio metu.<\/p>\n<p data-start=\"681\" data-end=\"861\">Variety characteristics:<br data-start=\"697\" data-end=\"700\" \/>CBD kiekis: 18 %<br data-start=\"716\" data-end=\"719\" \/>THC kiekis: 0,2 % (atitinka ES teis\u0117s normas)<br data-start=\"764\" data-end=\"767\" \/>I\u0161vaizda: tank\u016bs, dervingi \u017eiedai tamsesn\u0117s \u017ealios spalvos su ry\u0161kiais oran\u017einiais plaukeliais<\/p>\n<p data-start=\"863\" data-end=\"933\">Produktas jau prekyboje \u2013 atrinktas rankomis ir kruop\u0161\u010diai supakuotas.<\/p>\n<p data-start=\"935\" data-end=\"1211\">Produkto naudojimas: tik profesionaliam naudojimui arba kolekcionavimui. Ne vartoti \u017emon\u0117ms.<br data-start=\"1027\" data-end=\"1030\" \/>Sales restrictions: Not sold to persons under 18 years of age.<br data-start=\"1087\" data-end=\"1090\" \/>Laikymas: laikyti sausoje vietoje, toliau nuo \u0161ilumos \u0161altini\u0173 ir vaikams nepasiekiamoje vietoje.<br data-start=\"1187\" data-end=\"1190\" \/>Country of origin: Italy<\/p>\n<p data-start=\"1213\" data-end=\"1439\">Interested in becoming an independent distributor or franchise partner?<br data-start=\"1276\" data-end=\"1279\" \/>Ma\u017ei minimal\u016bs kiekiai, auk\u0161ta kokyb\u0117 ir kainos, pritaikytos j\u016bs\u0173 poreikiams. Prisijunkite prie m\u016bs\u0173 Cash &amp; Carry programos arba susisiekite: <a class=\"decorated-link cursor-pointer\" rel=\"noopener\" data-start=\"1421\" data-end=\"1439\">biz@cbditaly.store<\/a><\/p>","protected":false},"excerpt":{"rendered":"<p>Kanapi\u0173 \u017eiedai ORANGE KUSH CBD 18%<br \/>\nPrieinama pakuot\u0117se: 2g, 3g, 5g, 10g, 20g, 50g, 100g.<\/p>","protected":false},"featured_media":568,"comment_status":"closed","ping_status":"closed","template":"","meta":{"_joinchat":[]},"product_cat":[26,105],"product_tag":[],"tiered_pricing_type":"fixed","tiered_pricing_fixed_rules":{"2":7,"3":6,"5":5,"10":4,"20":3.5,"50":3,"100":2.5,"1000":2},"tiered_pricing_product_settings":{"layout":"default","base_unit_name":{"singular":null,"plural":null},"default_variation":null},"tiered_pricing_minimum_quantity":null,"tiered_pricing_roles_data":[],"tiered_pricing_percentage_rules":[],"tiered_pricing_maximum_quantity":null,"tiered_pricing_quantity_step":null,"_links":{"self":[{"href":"https:\/\/cbditaly.lt\/en\/wp-json\/wp\/v2\/product\/1099"}],"collection":[{"href":"https:\/\/cbditaly.lt\/en\/wp-json\/wp\/v2\/product"}],"about":[{"href":"https:\/\/cbditaly.lt\/en\/wp-json\/wp\/v2\/types\/product"}],"replies":[{"embeddable":true,"href":"https:\/\/cbditaly.lt\/en\/wp-json\/wp\/v2\/comments?post=1099"}],"wp:featuredmedia":[{"embeddable":true,"href":"https:\/\/cbditaly.lt\/en\/wp-json\/wp\/v2\/media\/568"}],"wp:attachment":[{"href":"https:\/\/cbditaly.lt\/en\/wp-json\/wp\/v2\/media?parent=1099"}],"wp:term":[{"taxonomy":"product_cat","embeddable":true,"href":"https:\/\/cbditaly.lt\/en\/wp-json\/wp\/v2\/product_cat?post=1099"},{"taxonomy":"product_tag","embeddable":true,"href":"https:\/\/cbditaly.lt\/en\/wp-json\/wp\/v2\/product_tag?post=1099"}],"curies":[{"name":"wp","href":"https:\/\/api.w.org\/{rel}","templated":true}]}}