{"id":1105,"date":"2025-08-28T03:06:01","date_gmt":"2025-08-28T00:06:01","guid":{"rendered":"https:\/\/cbditaly.lt\/?post_type=product&#038;p=1105"},"modified":"2026-02-10T18:19:35","modified_gmt":"2026-02-10T15:19:35","slug":"cannatonic-cbd-20","status":"publish","type":"product","link":"https:\/\/cbditaly.lt\/en\/product\/cannatonic-cbd-20\/","title":{"rendered":"CANNATONIC CBD 20%"},"content":{"rendered":"<p data-start=\"0\" data-end=\"276\">Cannatonic \u2013 viena pirm\u0173j\u0173 technini\u0173 kanapi\u0173 veisli\u0173, vertinama d\u0117l stabilios genetikos ir tvarkingos morfologijos. \u0160i versija pasi\u017eymi 20 % CBD kiekiu ir THC: 0 %, tod\u0117l turi ai\u0161k\u0173 ir nuosekl\u0173 chemin\u012f profil\u012f, tinkam\u0105 profesionalioms kolekcijoms ir ekspozicijoms.<\/p>\n<p data-start=\"278\" data-end=\"481\">Aroma &amp; Appearance:<br data-start=\"299\" data-end=\"302\" \/>Nat\u016bralios citrusin\u0117s ir \u017eemi\u0161kos natos su subtiliu augaliniu prieskoniu. \u017diedai vidutinio dyd\u017eio, dervingi, su ry\u0161kiais oran\u017einiais plaukeliais ir intensyviu aromatiniu profiliu.<\/p>\n<p data-start=\"483\" data-end=\"576\">Variety characteristics:<br data-start=\"499\" data-end=\"502\" \/>CBD: 20 %<br data-start=\"511\" data-end=\"514\" \/>\u2022 THC: 0 %<br data-start=\"522\" data-end=\"525\" \/>Morfologija: stabil\u016bs, kompakti\u0161ki, dervingi \u017eiedai<\/p>\n<p data-start=\"578\" data-end=\"655\">Produktas atrinktas rankiniu b\u016bdu ir supakuotas u\u017etikrinant vizualin\u0119 kokyb\u0119.<\/p>\n<p data-start=\"657\" data-end=\"935\">Produkto naudojimas: tik profesionaliam naudojimui arba kolekcionavimui. Ne vartoti \u017emon\u0117ms.<br data-start=\"749\" data-end=\"752\" \/>Sales restrictions: Not sold to persons under 18 years of age.<br data-start=\"809\" data-end=\"812\" \/>Laikymas: laikyti sausoje vietoje, toliau nuo \u0161ilumos \u0161altini\u0173 ir vaikams nepasiekiamoje aplinkoje.<br data-start=\"911\" data-end=\"914\" \/>Country of origin: Italy<\/p>\n<p data-start=\"937\" data-end=\"1125\" data-is-last-node=\"\" data-is-only-node=\"\">Interested in becoming an independent distributor or franchise partner?<br data-start=\"1000\" data-end=\"1003\" \/>Ma\u017ei minimal\u016bs kiekiai, profesionali kokyb\u0117 ir lankst\u016bs sprendimai. Cash &amp; Carry programa ir kontaktai: <a class=\"decorated-link cursor-pointer\" rel=\"noopener\" data-start=\"1107\" data-end=\"1125\" data-is-last-node=\"\">biz@cbditaly.store<\/a><\/p>","protected":false},"excerpt":{"rendered":"<p>Kanapi\u0173 \u017eiedai CANNATONIC CBD 20%<br \/>\nPakuot\u0117s dyd\u017eiai: 2 g \u00b7 3 g \u00b7 5 g \u00b7 10 g \u00b7 20 g \u00b7 50 g \u00b7 100 g<\/p>","protected":false},"featured_media":1106,"comment_status":"closed","ping_status":"closed","template":"","meta":{"_joinchat":[]},"product_cat":[26,105],"product_tag":[],"tiered_pricing_type":"fixed","tiered_pricing_fixed_rules":{"2":7,"3":6,"5":5,"10":4,"20":3.5,"50":3,"100":2.5,"1000":2},"tiered_pricing_product_settings":{"layout":"default","base_unit_name":{"singular":null,"plural":null},"default_variation":null},"tiered_pricing_minimum_quantity":null,"tiered_pricing_roles_data":[],"tiered_pricing_percentage_rules":[],"tiered_pricing_maximum_quantity":null,"tiered_pricing_quantity_step":null,"_links":{"self":[{"href":"https:\/\/cbditaly.lt\/en\/wp-json\/wp\/v2\/product\/1105"}],"collection":[{"href":"https:\/\/cbditaly.lt\/en\/wp-json\/wp\/v2\/product"}],"about":[{"href":"https:\/\/cbditaly.lt\/en\/wp-json\/wp\/v2\/types\/product"}],"replies":[{"embeddable":true,"href":"https:\/\/cbditaly.lt\/en\/wp-json\/wp\/v2\/comments?post=1105"}],"wp:featuredmedia":[{"embeddable":true,"href":"https:\/\/cbditaly.lt\/en\/wp-json\/wp\/v2\/media\/1106"}],"wp:attachment":[{"href":"https:\/\/cbditaly.lt\/en\/wp-json\/wp\/v2\/media?parent=1105"}],"wp:term":[{"taxonomy":"product_cat","embeddable":true,"href":"https:\/\/cbditaly.lt\/en\/wp-json\/wp\/v2\/product_cat?post=1105"},{"taxonomy":"product_tag","embeddable":true,"href":"https:\/\/cbditaly.lt\/en\/wp-json\/wp\/v2\/product_tag?post=1105"}],"curies":[{"name":"wp","href":"https:\/\/api.w.org\/{rel}","templated":true}]}}