{"id":123,"date":"2024-04-11T22:03:17","date_gmt":"2024-04-11T22:03:17","guid":{"rendered":"https:\/\/cbditaly.lt\/?post_type=product&#038;p=123"},"modified":"2026-02-10T18:18:09","modified_gmt":"2026-02-10T15:18:09","slug":"moroccan-hash-pollen-cbd-28-2g","status":"publish","type":"product","link":"https:\/\/cbditaly.lt\/en\/product\/moroccan-hash-pollen-cbd-28-2g\/","title":{"rendered":"Moroccan Hash CBD 28% 2g"},"content":{"rendered":"<p data-start=\"58\" data-end=\"428\">Maroko Hash \u2013 presuotas technini\u0173 kanapi\u0173 \u017eiedadulki\u0173 produktas, paruo\u0161tas i\u0161 organi\u0161k\u0173 Strawberry ir Harlequin veisli\u0173 \u017ealiavos. Gamybos procesas grind\u017eiamas tradicine Maroko \u017eiedadulki\u0173 presavimo technika, kuri suteikia gaminiui autenti\u0161k\u0105 tekst\u016br\u0105 ir i\u0161rai\u0161king\u0105 vizualin\u012f charakter\u012f. \u0160i \u017ealiava skirta profesionaliam naudojimui ir kolekcionavimui.<\/p>\n<p data-start=\"430\" data-end=\"663\">Aroma &amp; Appearance:<br data-start=\"451\" data-end=\"454\" \/>Presuotos \u017eiedadulk\u0117s formuoja tamsiai \u017eali\u0105, kompakti\u0161k\u0105 mas\u0119 su nat\u016braliu \u017eiedadulki\u0173 ir terpen\u0173 aromatiniu profiliu. Pavir\u0161ius lygus, \u0161iek tiek lipnus, i\u0161laikantis tradicin\u0119 Maroko stiliaus ha\u0161i\u0161o estetik\u0105.<\/p>\n<p data-start=\"665\" data-end=\"803\">Key features:<br data-start=\"673\" data-end=\"676\" \/>CBD: 28 %<br data-start=\"685\" data-end=\"688\" \/>Nat\u016bral\u016bs terpenai i\u0161 Strawberry ir Harlequin genetikos<br data-start=\"743\" data-end=\"746\" \/>THC: 0%<br data-start=\"757\" data-end=\"760\" \/>Tekst\u016bra: presuota, vientisa, tamsiai \u017ealia<\/p>\n<p data-start=\"805\" data-end=\"958\">Origin &amp; Production:<br data-start=\"821\" data-end=\"824\" \/>Naudojamos 100 % ekologi\u0161kos Strawberry ir Harlequin kanapi\u0173 \u017eiedadulk\u0117s<br data-start=\"896\" data-end=\"899\" \/>Tradicinis Maroko presavimo metodas<br data-start=\"934\" data-end=\"937\" \/>Country of origin: Italy<\/p>\n<p data-start=\"960\" data-end=\"1216\">Product purpose: For professional use or collection purposes only. Not intended for human consumption.<br data-start=\"1051\" data-end=\"1054\" \/>Sales restrictions: Not sold to persons under 18 years of age.<br data-start=\"1111\" data-end=\"1114\" \/>Laikymas: laikyti sausoje, v\u0117sioje, nuo \u0161ilumos apsaugotoje vietoje, vaikams nepasiekiamoje aplinkoje.<\/p>\n<p data-start=\"1218\" data-end=\"1255\" data-is-last-node=\"\" data-is-only-node=\"\">Wholesale for Lithuania: <a class=\"decorated-link\" href=\"http:\/\/www.cbditaly.store\" target=\"_new\" rel=\"noopener\" data-start=\"1237\" data-end=\"1255\" data-is-last-node=\"\">www.cbditaly.store<\/a><\/p>","protected":false},"excerpt":{"rendered":"<p>Kanapi\u0173 ha\u0161i\u0161as MOROCCAN HASH CBD 28%<br data-start=\"37\" data-end=\"40\" \/>\u2022 THC: 0 %<br data-start=\"48\" data-end=\"51\" \/>Pakuot\u0117s dydis: 2 g<\/p>","protected":false},"featured_media":1509,"comment_status":"closed","ping_status":"closed","template":"","meta":{"_joinchat":[]},"product_cat":[105,23,20],"product_tag":[],"tiered_pricing_type":"fixed","tiered_pricing_fixed_rules":{"3":20},"tiered_pricing_product_settings":{"layout":"default","base_unit_name":{"singular":null,"plural":null},"default_variation":null},"tiered_pricing_minimum_quantity":null,"tiered_pricing_roles_data":[],"tiered_pricing_percentage_rules":[],"tiered_pricing_maximum_quantity":null,"tiered_pricing_quantity_step":null,"_links":{"self":[{"href":"https:\/\/cbditaly.lt\/en\/wp-json\/wp\/v2\/product\/123"}],"collection":[{"href":"https:\/\/cbditaly.lt\/en\/wp-json\/wp\/v2\/product"}],"about":[{"href":"https:\/\/cbditaly.lt\/en\/wp-json\/wp\/v2\/types\/product"}],"replies":[{"embeddable":true,"href":"https:\/\/cbditaly.lt\/en\/wp-json\/wp\/v2\/comments?post=123"}],"wp:featuredmedia":[{"embeddable":true,"href":"https:\/\/cbditaly.lt\/en\/wp-json\/wp\/v2\/media\/1509"}],"wp:attachment":[{"href":"https:\/\/cbditaly.lt\/en\/wp-json\/wp\/v2\/media?parent=123"}],"wp:term":[{"taxonomy":"product_cat","embeddable":true,"href":"https:\/\/cbditaly.lt\/en\/wp-json\/wp\/v2\/product_cat?post=123"},{"taxonomy":"product_tag","embeddable":true,"href":"https:\/\/cbditaly.lt\/en\/wp-json\/wp\/v2\/product_tag?post=123"}],"curies":[{"name":"wp","href":"https:\/\/api.w.org\/{rel}","templated":true}]}}