{"id":1249,"date":"2025-11-04T23:45:07","date_gmt":"2025-11-04T20:45:07","guid":{"rendered":"https:\/\/cbditaly.lt\/?post_type=product&#038;p=1249"},"modified":"2026-02-09T18:43:44","modified_gmt":"2026-02-09T15:43:44","slug":"ice-cream-x-hhcp-m-60-thc-0","status":"publish","type":"product","link":"https:\/\/cbditaly.lt\/en\/product\/ice-cream-x-hhcp-m-60-thc-0\/","title":{"rendered":"ICE CREAM X HHCP-M 60% 10g *OUTLET"},"content":{"rendered":"<p data-start=\"186\" data-end=\"236\">*OUTLET<\/p>\n<p data-start=\"186\" data-end=\"236\">Kanapi\u0173 \u017eiedai ICE CREAM X HHCP-M 60% THC 0%<\/p>\n<p data-start=\"238\" data-end=\"636\">ICE CREAM X HHCP-M \u2013 tai esteti\u0161kai i\u0161skirtin\u0117 ir saldaus aromato kanapi\u0173 veisl\u0117, vertinama d\u0117l harmoningos strukt\u016bros ir eleganti\u0161kos i\u0161vaizdos. \u0160is ypatingas variantas praturtintas inovatyviu HHCP-M (Hexahydrocannabiphorol-M) junginiu, suteikian\u010diu produktui mokslinio precizi\u0161kumo ir \u201epremium\u201c klas\u0117s charakter\u012f. Puikus pasirinkimas profesionaliems kolekcininkams ir ekspozicijoms.<\/p>\n<p data-start=\"638\" data-end=\"894\">Aroma &amp; Appearance:<br data-start=\"663\" data-end=\"666\" \/>\u0160velnus, kreminis aromatas su vanil\u0117s ir subtiliomis vaisi\u0173 natomis. \u017diedai tank\u016bs, dervingi, ry\u0161kiai \u017ealios spalvos, padengti oran\u017einiais plaukeliais ir kristaline danga, kuri pabr\u0117\u017eia \u0161ios veisl\u0117s prabang\u0173 vizualin\u012f profil\u012f.<\/p>\n<p data-start=\"896\" data-end=\"1018\">Variety characteristics:<br data-start=\"916\" data-end=\"919\" \/>HHCP-M kiekis: iki 60%<br data-start=\"945\" data-end=\"948\" \/>THC content: 0%<br data-start=\"966\" data-end=\"969\" \/>Stabili morfologija ir itin patraukli i\u0161vaizda.<\/p>\n<p data-start=\"1020\" data-end=\"1344\">Country of origin: Italy<br data-start=\"1045\" data-end=\"1048\" \/>Naudojimas: Tik profesionaliam naudojimui arba kolekcionavimui.<br data-start=\"1115\" data-end=\"1118\" \/>Pardavimo apribojimai: Neparduodama asmenims iki 18 met\u0173.<br data-start=\"1179\" data-end=\"1182\" \/>Laikymas: Laikyti sausoje, v\u0117sioje, vaikams nepasiekiamoje vietoje.<br data-start=\"1253\" data-end=\"1256\" \/>Wholesale for retailers: <a class=\"decorated-link\" href=\"https:\/\/www.cbditaly.store\" target=\"_new\" rel=\"noopener\" data-start=\"1294\" data-end=\"1342\">www.cbditaly.store<\/a><\/p>\n<h6 data-start=\"186\" data-end=\"236\"><\/h6>","protected":false},"excerpt":{"rendered":"<p>Kanapi\u0173 \u017eiedai ICE CREAM X HHCP-M 60% THC 0% 10g *OUTLET<br \/>\nPakuot\u0117s dyd\u017eiai: 2 g \u00b7 3 g \u00b7 5 g \u00b7 10 g \u00b7 20 g \u00b7 50 g \u00b7 100 g<\/p>\n<p data-start=\"199\" data-end=\"293\" data-is-last-node=\"\" data-is-only-node=\"\">","protected":false},"featured_media":0,"comment_status":"closed","ping_status":"closed","template":"","meta":{"_joinchat":[]},"product_cat":[27],"product_tag":[],"tiered_pricing_type":"fixed","tiered_pricing_fixed_rules":[],"tiered_pricing_product_settings":{"layout":"default","base_unit_name":{"singular":null,"plural":null},"default_variation":null},"tiered_pricing_minimum_quantity":null,"tiered_pricing_roles_data":[],"tiered_pricing_percentage_rules":[],"tiered_pricing_maximum_quantity":null,"tiered_pricing_quantity_step":null,"_links":{"self":[{"href":"https:\/\/cbditaly.lt\/en\/wp-json\/wp\/v2\/product\/1249"}],"collection":[{"href":"https:\/\/cbditaly.lt\/en\/wp-json\/wp\/v2\/product"}],"about":[{"href":"https:\/\/cbditaly.lt\/en\/wp-json\/wp\/v2\/types\/product"}],"replies":[{"embeddable":true,"href":"https:\/\/cbditaly.lt\/en\/wp-json\/wp\/v2\/comments?post=1249"}],"wp:attachment":[{"href":"https:\/\/cbditaly.lt\/en\/wp-json\/wp\/v2\/media?parent=1249"}],"wp:term":[{"taxonomy":"product_cat","embeddable":true,"href":"https:\/\/cbditaly.lt\/en\/wp-json\/wp\/v2\/product_cat?post=1249"},{"taxonomy":"product_tag","embeddable":true,"href":"https:\/\/cbditaly.lt\/en\/wp-json\/wp\/v2\/product_tag?post=1249"}],"curies":[{"name":"wp","href":"https:\/\/api.w.org\/{rel}","templated":true}]}}