{"id":132,"date":"2024-04-11T22:03:18","date_gmt":"2024-04-11T22:03:18","guid":{"rendered":"https:\/\/cbditaly.lt\/?post_type=product&#038;p=132"},"modified":"2024-04-23T18:07:54","modified_gmt":"2024-04-23T18:07:54","slug":"cbd-6-salmon-lasisu-aliejus-pets-line","status":"publish","type":"product","link":"https:\/\/cbditaly.lt\/en\/product\/cbd-6-salmon-lasisu-aliejus-pets-line\/","title":{"rendered":"CBD 6% SALMON salmon oil \u2013 PETS LINE"},"content":{"rendered":"<p><strong>CBD 6% SALMON la\u0161i\u0161\u0173 aliejus, be THC. PETS LINE<\/strong><\/p>\n<p>Organic 99.9% isolated CBD extract (600 mg) derived from Italian hemp, in a salmon oil base. Store in a cool, dry place, protected from direct sunlight. For laboratory and scientific research only. Keep out of reach of children.\nVolume: 10 ml \u2013 THC: 0 % \u2013 Made in the EU.<\/p>\n<p>Manufacturer: Organic CBDITALY Limited<br \/>\nWholesale for Lithuania: <a href=\"http:\/\/www.cbditaly.store\/\" target=\"_new\" rel=\"noopener\">www.cbditaly.store<\/a><\/p>\n<pre>EU CPNP registered cosmetic product (PETS LINE).<\/pre>","protected":false},"excerpt":{"rendered":"<p><strong>CBD 6% SALMON la\u0161i\u0161\u0173 aliejus, be THC. PETS LINE &#8211; 10ml. &#8211;<\/strong><\/p>","protected":false},"featured_media":180,"comment_status":"closed","ping_status":"closed","template":"","meta":{"_joinchat":[]},"product_cat":[24],"product_tag":[],"tiered_pricing_type":"fixed","tiered_pricing_fixed_rules":{"3":25,"5":20},"tiered_pricing_product_settings":{"layout":"default","base_unit_name":{"singular":null,"plural":null},"default_variation":null},"tiered_pricing_minimum_quantity":null,"tiered_pricing_roles_data":[],"tiered_pricing_percentage_rules":[],"tiered_pricing_maximum_quantity":null,"tiered_pricing_quantity_step":null,"_links":{"self":[{"href":"https:\/\/cbditaly.lt\/en\/wp-json\/wp\/v2\/product\/132"}],"collection":[{"href":"https:\/\/cbditaly.lt\/en\/wp-json\/wp\/v2\/product"}],"about":[{"href":"https:\/\/cbditaly.lt\/en\/wp-json\/wp\/v2\/types\/product"}],"replies":[{"embeddable":true,"href":"https:\/\/cbditaly.lt\/en\/wp-json\/wp\/v2\/comments?post=132"}],"wp:featuredmedia":[{"embeddable":true,"href":"https:\/\/cbditaly.lt\/en\/wp-json\/wp\/v2\/media\/180"}],"wp:attachment":[{"href":"https:\/\/cbditaly.lt\/en\/wp-json\/wp\/v2\/media?parent=132"}],"wp:term":[{"taxonomy":"product_cat","embeddable":true,"href":"https:\/\/cbditaly.lt\/en\/wp-json\/wp\/v2\/product_cat?post=132"},{"taxonomy":"product_tag","embeddable":true,"href":"https:\/\/cbditaly.lt\/en\/wp-json\/wp\/v2\/product_tag?post=132"}],"curies":[{"name":"wp","href":"https:\/\/api.w.org\/{rel}","templated":true}]}}