{"id":1320,"date":"2025-12-11T04:29:57","date_gmt":"2025-12-11T01:29:57","guid":{"rendered":"https:\/\/cbditaly.lt\/?post_type=product&#038;p=1320"},"modified":"2025-12-11T05:05:39","modified_gmt":"2025-12-11T02:05:39","slug":"saldymedzio-saknys-gabaleliais-25-g","status":"publish","type":"product","link":"https:\/\/cbditaly.lt\/en\/product\/saldymedzio-saknys-gabaleliais-25-g\/","title":{"rendered":"Saldymed\u017eio \u0161aknys gabal\u0117liais \u2013 25 g"},"content":{"rendered":"<p data-start=\"72\" data-end=\"113\"><strong>Saldymed\u017eio \u0161aknys gabal\u0117liais \u2013 25 g<\/strong><\/p>\n<p data-start=\"115\" data-end=\"355\">M\u016bs\u0173 saldymed\u017eio \u0161aknys yra kruop\u0161\u010diai atrinktos ir apdorotos taip, kad i\u0161laikyt\u0173 intensyv\u0173 nat\u016bral\u0173 aromat\u0105 ir b\u016bding\u0105 spalv\u0105. Patogiose 25 g pakuot\u0117se pateikiamas produktas puikiai tinka tiems, kurie vertina tradicin\u012f ir autenti\u0161k\u0105 skon\u012f.<\/p>\n<p data-start=\"357\" data-end=\"530\">D\u0117l savo tekst\u016bros \u0161is produktas tinka kolekcionavimui, degustacijai ar naudojimui rank\u0173 darbo gaminiuose. Pakuojamas taip, kad b\u016bt\u0173 u\u017etikrintas \u0161vie\u017eumas ir vienoda kokyb\u0117.<\/p>\n<p data-start=\"532\" data-end=\"563\"><strong data-start=\"532\" data-end=\"544\">Didmena:<\/strong> <a class=\"decorated-link\" href=\"http:\/\/www.cbditaly.store\" target=\"_new\" rel=\"noopener\" data-start=\"545\" data-end=\"563\">www.cbditaly.store<\/a><\/p>","protected":false},"excerpt":{"rendered":"<p>Saldymed\u017eio \u0161aknys gabal\u0117liais \u2013 25 g<\/p>","protected":false},"featured_media":1335,"comment_status":"closed","ping_status":"closed","template":"","meta":{"_joinchat":[]},"product_cat":[56,22],"product_tag":[],"tiered_pricing_type":"fixed","tiered_pricing_fixed_rules":{"3":6.5},"tiered_pricing_product_settings":{"layout":"default","base_unit_name":{"singular":null,"plural":null},"default_variation":null},"tiered_pricing_minimum_quantity":null,"tiered_pricing_roles_data":[],"tiered_pricing_percentage_rules":[],"tiered_pricing_maximum_quantity":null,"tiered_pricing_quantity_step":null,"_links":{"self":[{"href":"https:\/\/cbditaly.lt\/en\/wp-json\/wp\/v2\/product\/1320"}],"collection":[{"href":"https:\/\/cbditaly.lt\/en\/wp-json\/wp\/v2\/product"}],"about":[{"href":"https:\/\/cbditaly.lt\/en\/wp-json\/wp\/v2\/types\/product"}],"replies":[{"embeddable":true,"href":"https:\/\/cbditaly.lt\/en\/wp-json\/wp\/v2\/comments?post=1320"}],"wp:featuredmedia":[{"embeddable":true,"href":"https:\/\/cbditaly.lt\/en\/wp-json\/wp\/v2\/media\/1335"}],"wp:attachment":[{"href":"https:\/\/cbditaly.lt\/en\/wp-json\/wp\/v2\/media?parent=1320"}],"wp:term":[{"taxonomy":"product_cat","embeddable":true,"href":"https:\/\/cbditaly.lt\/en\/wp-json\/wp\/v2\/product_cat?post=1320"},{"taxonomy":"product_tag","embeddable":true,"href":"https:\/\/cbditaly.lt\/en\/wp-json\/wp\/v2\/product_tag?post=1320"}],"curies":[{"name":"wp","href":"https:\/\/api.w.org\/{rel}","templated":true}]}}