{"id":1342,"date":"2025-12-11T04:30:08","date_gmt":"2025-12-11T01:30:08","guid":{"rendered":"https:\/\/cbditaly.lt\/?post_type=product&#038;p=1342"},"modified":"2026-02-09T18:37:34","modified_gmt":"2026-02-09T15:37:34","slug":"lemon-haze-x-hhcp-m-60","status":"publish","type":"product","link":"https:\/\/cbditaly.lt\/en\/product\/lemon-haze-x-hhcp-m-60\/","title":{"rendered":"LEMON HAZE X HHCP-M 60% 10g *OUTLET"},"content":{"rendered":"<p data-start=\"141\" data-end=\"203\">*OUTLET<\/p>\n<p data-start=\"141\" data-end=\"203\">Lemon Haze x HHCP-M 60% 10g<br data-start=\"168\" data-end=\"171\" \/>THC content: 0%<\/p>\n<p data-start=\"205\" data-end=\"592\">Overview:<br data-start=\"218\" data-end=\"221\" \/>Lemon Haze \u2013 gerai atpa\u017e\u012fstama ir kolekcionieri\u0173 vertinama veisl\u0117, i\u0161siskirianti ry\u0161kiu, gaiviu aromatiniu profiliu bei stabilia genetika. \u0160i specialioji versija papildyta HHCP-M (iki 60 %) molekule, suteikian\u010dia produktui technin\u012f bei estetin\u012f i\u0161skirtinum\u0105. Vizualiai ai\u0161ki ir tvarkinga strukt\u016bra daro \u0161i\u0105 veisl\u0119 tinkam\u0105 profesionalioms kolekcijoms ir ekspozicijoms.<\/p>\n<p data-start=\"594\" data-end=\"825\">Aroma &amp; Appearance:<br data-start=\"619\" data-end=\"622\" \/>Aromate dominuoja ry\u0161kios citrinos \u017eievel\u0117s natos su lengvu skunk tipo fonu. \u017diedai tank\u016bs, dervingi, ry\u0161kiai \u017eali, dekoruoti oran\u017einiais plaukeliais, kurie suteikia veislei lengvai atpa\u017e\u012fstam\u0105 i\u0161vaizd\u0105.<\/p>\n<p data-start=\"827\" data-end=\"972\">Key features:<br data-start=\"839\" data-end=\"842\" \/>\u2022 HHCP-M: up to 60%<br data-start=\"860\" data-end=\"863\" \/>\u2022 THC: 0%<br data-start=\"904\" data-end=\"907\" \/>\u2022 Stable morphology and visually attractive structure<\/p>\n<p data-start=\"974\" data-end=\"1269\">Product purpose: For professional use or collection only. Not intended for consumption.<br data-start=\"1067\" data-end=\"1070\" \/>Sales restrictions: Not sold to persons under 18 years of age.<br data-start=\"1129\" data-end=\"1132\" \/>Laikymas: laikyti sausoje vietoje, apsaugotoje nuo \u0161ilumos \u0161altini\u0173 ir vaikams nepasiekiamoje aplinkoje.<br data-start=\"1240\" data-end=\"1243\" \/>Country of origin: Italy.<\/p>\n<p data-start=\"1271\" data-end=\"1446\"><strong data-start=\"1271\" data-end=\"1308\">Wholesale &amp; partnership:<\/strong><br data-start=\"1308\" data-end=\"1311\" \/>Interested in becoming an independent distributor or franchise partner?<br data-start=\"1374\" data-end=\"1377\" \/>Si\u016blome ma\u017eus minimalius kiekius, auk\u0161t\u0105 kokyb\u0119 ir lanks\u010dias s\u0105lygas.<\/p>\n<p data-start=\"1448\" data-end=\"1535\">Prisijunkite prie m\u016bs\u0173 <strong data-start=\"1471\" data-end=\"1487\">Cash &amp; Carry<\/strong> programos arba ra\u0161ykite: <strong data-start=\"1513\" data-end=\"1535\"><a class=\"decorated-link cursor-pointer\" rel=\"noopener\" data-start=\"1515\" data-end=\"1533\">biz@cbditaly.store<\/a><\/strong><\/p>","protected":false},"excerpt":{"rendered":"<p>LEMON HAZE X HHCP-M 60% 10g *OUTLET<br \/>\nPackage sizes: 2 g \u00b7 3 g \u00b7 5 g \u00b7 10 g \u00b7 20 g \u00b7 50 g<\/p>","protected":false},"featured_media":1656,"comment_status":"closed","ping_status":"closed","template":"","meta":{"_joinchat":[]},"product_cat":[27],"product_tag":[],"tiered_pricing_type":"fixed","tiered_pricing_fixed_rules":[],"tiered_pricing_product_settings":{"layout":"default","base_unit_name":{"singular":null,"plural":null},"default_variation":null},"tiered_pricing_minimum_quantity":null,"tiered_pricing_roles_data":[],"tiered_pricing_percentage_rules":[],"tiered_pricing_maximum_quantity":null,"tiered_pricing_quantity_step":null,"_links":{"self":[{"href":"https:\/\/cbditaly.lt\/en\/wp-json\/wp\/v2\/product\/1342"}],"collection":[{"href":"https:\/\/cbditaly.lt\/en\/wp-json\/wp\/v2\/product"}],"about":[{"href":"https:\/\/cbditaly.lt\/en\/wp-json\/wp\/v2\/types\/product"}],"replies":[{"embeddable":true,"href":"https:\/\/cbditaly.lt\/en\/wp-json\/wp\/v2\/comments?post=1342"}],"wp:featuredmedia":[{"embeddable":true,"href":"https:\/\/cbditaly.lt\/en\/wp-json\/wp\/v2\/media\/1656"}],"wp:attachment":[{"href":"https:\/\/cbditaly.lt\/en\/wp-json\/wp\/v2\/media?parent=1342"}],"wp:term":[{"taxonomy":"product_cat","embeddable":true,"href":"https:\/\/cbditaly.lt\/en\/wp-json\/wp\/v2\/product_cat?post=1342"},{"taxonomy":"product_tag","embeddable":true,"href":"https:\/\/cbditaly.lt\/en\/wp-json\/wp\/v2\/product_tag?post=1342"}],"curies":[{"name":"wp","href":"https:\/\/api.w.org\/{rel}","templated":true}]}}