{"id":1417,"date":"2025-12-11T04:31:41","date_gmt":"2025-12-11T01:31:41","guid":{"rendered":"https:\/\/cbditaly.lt\/?post_type=product&#038;p=1417"},"modified":"2025-12-11T05:07:05","modified_gmt":"2025-12-11T02:07:05","slug":"rooibos-25g","status":"publish","type":"product","link":"https:\/\/cbditaly.lt\/en\/product\/rooibos-25g\/","title":{"rendered":"Rooibos \u2013 25g"},"content":{"rendered":"<p data-start=\"82\" data-end=\"100\"><strong data-start=\"82\" data-end=\"100\">Rooibos \u2013 25 g<\/strong><\/p>\n<p data-start=\"102\" data-end=\"354\">M\u016bs\u0173 rooibos arbata gaunama i\u0161 kruop\u0161\u010diai atrinkt\u0173 plantacij\u0173 ir apdorojama taip, kad i\u0161laikyt\u0173 \u0161ilt\u0105 spalv\u0105 ir nat\u016braliai sald\u0173 aromat\u0105. Patogiose 25 g pakuot\u0117se pateikiamas produktas idealiai tinka tiems, kurie vertina tradicin\u0119 ir kokybi\u0161k\u0105 \u017ealiav\u0105.<\/p>\n<p data-start=\"356\" data-end=\"526\">D\u0117l savo universalumo rooibos tinka kolekcionavimui, degustacijai ar naudojimui rank\u0173 darbo gaminiuose. Pakuojamas taip, kad b\u016bt\u0173 u\u017etikrintas \u0161vie\u017eumas ir vienoda kokyb\u0117.<\/p>\n<p data-start=\"528\" data-end=\"559\"><strong data-start=\"528\" data-end=\"540\">Didmena:<\/strong> <a class=\"decorated-link\" href=\"http:\/\/www.cbditaly.store\" target=\"_new\" rel=\"noopener\" data-start=\"541\" data-end=\"559\">www.cbditaly.store<\/a><\/p>","protected":false},"excerpt":{"rendered":"<p><strong data-start=\"612\" data-end=\"630\">Rooibos \u2013 25 g<\/strong><\/p>","protected":false},"featured_media":1437,"comment_status":"closed","ping_status":"closed","template":"","meta":{"_joinchat":[]},"product_cat":[56,22],"product_tag":[],"tiered_pricing_type":"fixed","tiered_pricing_fixed_rules":{"3":6},"tiered_pricing_product_settings":{"layout":"default","base_unit_name":{"singular":null,"plural":null},"default_variation":null},"tiered_pricing_minimum_quantity":null,"tiered_pricing_roles_data":[],"tiered_pricing_percentage_rules":[],"tiered_pricing_maximum_quantity":null,"tiered_pricing_quantity_step":null,"_links":{"self":[{"href":"https:\/\/cbditaly.lt\/en\/wp-json\/wp\/v2\/product\/1417"}],"collection":[{"href":"https:\/\/cbditaly.lt\/en\/wp-json\/wp\/v2\/product"}],"about":[{"href":"https:\/\/cbditaly.lt\/en\/wp-json\/wp\/v2\/types\/product"}],"replies":[{"embeddable":true,"href":"https:\/\/cbditaly.lt\/en\/wp-json\/wp\/v2\/comments?post=1417"}],"wp:featuredmedia":[{"embeddable":true,"href":"https:\/\/cbditaly.lt\/en\/wp-json\/wp\/v2\/media\/1437"}],"wp:attachment":[{"href":"https:\/\/cbditaly.lt\/en\/wp-json\/wp\/v2\/media?parent=1417"}],"wp:term":[{"taxonomy":"product_cat","embeddable":true,"href":"https:\/\/cbditaly.lt\/en\/wp-json\/wp\/v2\/product_cat?post=1417"},{"taxonomy":"product_tag","embeddable":true,"href":"https:\/\/cbditaly.lt\/en\/wp-json\/wp\/v2\/product_tag?post=1417"}],"curies":[{"name":"wp","href":"https:\/\/api.w.org\/{rel}","templated":true}]}}