{"id":1419,"date":"2025-12-11T04:31:41","date_gmt":"2025-12-11T01:31:41","guid":{"rendered":"https:\/\/cbditaly.lt\/?post_type=product&#038;p=1419"},"modified":"2025-12-11T05:01:34","modified_gmt":"2025-12-11T02:01:34","slug":"berzu-lapai-25-g","status":"publish","type":"product","link":"https:\/\/cbditaly.lt\/en\/product\/berzu-lapai-25-g\/","title":{"rendered":"Ber\u017e\u0173 lapai \u2013 25 g"},"content":{"rendered":"<p data-start=\"83\" data-end=\"105\"><strong data-start=\"83\" data-end=\"105\">Ber\u017e\u0173 lapai \u2013 25 g<\/strong><\/p>\n<p data-start=\"107\" data-end=\"328\">M\u016bs\u0173 ber\u017e\u0173 lapai yra kruop\u0161\u010diai atrinkti ir apdoroti taip, kad i\u0161laikyt\u0173 nat\u016brali\u0105 spalv\u0105 ir gaiv\u0173 aromat\u0105. Patogiose 25 g pakuot\u0117se pateikiamas produktas puikiai tinka tiems, kurie vertina tradicin\u0119 ir kokybi\u0161k\u0105 \u017ealiav\u0105.<\/p>\n<p data-start=\"330\" data-end=\"506\">D\u0117l savo universalumo \u0161is produktas tinka kolekcionavimui, degustacijai ar naudojimui rank\u0173 darbo gaminiuose. Pakuojamas taip, kad b\u016bt\u0173 u\u017etikrintas \u0161vie\u017eumas ir vienoda kokyb\u0117.<\/p>\n<p data-start=\"508\" data-end=\"539\"><strong data-start=\"508\" data-end=\"520\">Didmena:<\/strong> <a class=\"decorated-link\" href=\"http:\/\/www.cbditaly.store\" target=\"_new\" rel=\"noopener\" data-start=\"521\" data-end=\"539\">www.cbditaly.store<\/a><\/p>","protected":false},"excerpt":{"rendered":"<p>Ber\u017e\u0173 lapai \u2013 25 g<\/p>","protected":false},"featured_media":1438,"comment_status":"closed","ping_status":"closed","template":"","meta":{"_joinchat":[]},"product_cat":[56,22],"product_tag":[],"tiered_pricing_type":"fixed","tiered_pricing_fixed_rules":{"3":6},"tiered_pricing_product_settings":{"layout":"default","base_unit_name":{"singular":null,"plural":null},"default_variation":null},"tiered_pricing_minimum_quantity":null,"tiered_pricing_roles_data":[],"tiered_pricing_percentage_rules":[],"tiered_pricing_maximum_quantity":null,"tiered_pricing_quantity_step":null,"_links":{"self":[{"href":"https:\/\/cbditaly.lt\/en\/wp-json\/wp\/v2\/product\/1419"}],"collection":[{"href":"https:\/\/cbditaly.lt\/en\/wp-json\/wp\/v2\/product"}],"about":[{"href":"https:\/\/cbditaly.lt\/en\/wp-json\/wp\/v2\/types\/product"}],"replies":[{"embeddable":true,"href":"https:\/\/cbditaly.lt\/en\/wp-json\/wp\/v2\/comments?post=1419"}],"wp:featuredmedia":[{"embeddable":true,"href":"https:\/\/cbditaly.lt\/en\/wp-json\/wp\/v2\/media\/1438"}],"wp:attachment":[{"href":"https:\/\/cbditaly.lt\/en\/wp-json\/wp\/v2\/media?parent=1419"}],"wp:term":[{"taxonomy":"product_cat","embeddable":true,"href":"https:\/\/cbditaly.lt\/en\/wp-json\/wp\/v2\/product_cat?post=1419"},{"taxonomy":"product_tag","embeddable":true,"href":"https:\/\/cbditaly.lt\/en\/wp-json\/wp\/v2\/product_tag?post=1419"}],"curies":[{"name":"wp","href":"https:\/\/api.w.org\/{rel}","templated":true}]}}