{"id":1457,"date":"2025-12-11T04:33:54","date_gmt":"2025-12-11T01:33:54","guid":{"rendered":"https:\/\/cbditaly.lt\/?post_type=product&#038;p=1457"},"modified":"2026-02-09T18:33:12","modified_gmt":"2026-02-09T15:33:12","slug":"orange-kush-joint-x-hhcp-m-60-3x-raw-cone-dezute-3-g","status":"publish","type":"product","link":"https:\/\/cbditaly.lt\/en\/product\/orange-kush-joint-x-hhcp-m-60-3x-raw-cone-dezute-3-g\/","title":{"rendered":"ORANGE KUSH Joint X HHCP-M 60% \u2013 3x RAW Cone d\u0117\u017eut\u0117 (3 g) *OUTLET"},"content":{"rendered":"<div class=\"flex max-w-full flex-col flex-grow\">\n<div class=\"min-h-8 text-message flex w-full flex-col items-end gap-2 whitespace-normal break-words text-start [.text-message+&amp;]:mt-5\" dir=\"auto\" data-message-author-role=\"assistant\" data-message-id=\"e51bf9c8-c2bb-4feb-a0fa-7a4d30b55644\" data-message-model-slug=\"gpt-4o\">\n<div class=\"flex w-full flex-col gap-1 empty:hidden first:pt-[3px]\">\n<div class=\"markdown prose w-full break-words dark:prose-invert light\">\n<article class=\"text-token-text-primary w-full focus:outline-none [--shadow-height:45px] has-data-writing-block:pointer-events-none has-data-writing-block:-mt-(--shadow-height) has-data-writing-block:pt-(--shadow-height) [&amp;:has([data-writing-block])&gt;*]:pointer-events-auto [content-visibility:auto] supports-[content-visibility:auto]:[contain-intrinsic-size:auto_100lvh] scroll-mt-[calc(var(--header-height)+min(200px,max(70px,20svh)))]\" dir=\"auto\" tabindex=\"-1\" data-turn-id=\"request-690a24bd-57ac-8329-bf1b-1db5453f8aae-2\" data-testid=\"conversation-turn-24\" data-scroll-anchor=\"true\" data-turn=\"assistant\">\n<div class=\"text-base my-auto mx-auto pb-10 [--thread-content-margin:--spacing(4)] thread-sm:[--thread-content-margin:--spacing(6)] thread-lg:[--thread-content-margin:--spacing(16)] px-(--thread-content-margin)\">\n<div class=\"[--thread-content-max-width:40rem] thread-lg:[--thread-content-max-width:48rem] mx-auto max-w-(--thread-content-max-width) flex-1 group\/turn-messages focus-visible:outline-hidden relative flex w-full min-w-0 flex-col agent-turn\" tabindex=\"-1\">\n<div class=\"flex max-w-full flex-col grow\">\n<div class=\"min-h-8 text-message relative flex w-full flex-col items-end gap-2 text-start break-words whitespace-normal [.text-message+&amp;]:mt-1\" dir=\"auto\" data-message-author-role=\"assistant\" data-message-id=\"5a3399a1-6f46-4351-aa52-94936d14857e\" data-message-model-slug=\"gpt-5\">\n<div class=\"flex w-full flex-col gap-1 empty:hidden first:pt-[1px]\">\n<div class=\"markdown prose dark:prose-invert w-full break-words light markdown-new-styling\">\n<p data-start=\"130\" data-end=\"191\">ORANGE KUSH Joint X HHCP-M 60% \u2013 3x RAW Cone d\u0117\u017eut\u0117 (3 g) *OUTLET<\/p>\n<p data-start=\"193\" data-end=\"529\">Discover Orange Kush joints with a distinct citrus character, created with the precision typical of the professional collector category. Each 3 g package contains three carefully crafted 1 g joints, made from selected flowers and wrapped in original King Size RAW paper with a filter \u2014 an aesthetic and high-quality solution for professional collections.<\/p>\n<p data-start=\"531\" data-end=\"594\">Orange Kush x HHCP-M 60%<br data-start=\"559\" data-end=\"562\" \/>THC content: 0%<\/p>\n<p data-start=\"596\" data-end=\"940\">Overview:<br data-start=\"609\" data-end=\"612\" \/>Orange Kush is a cannabis variety with a vivid citrus profile, valued for its expressive appearance and stable morphology. This special edition is enhanced with the advanced HHCP-M molecule, giving the product scientific and visual distinctiveness. Ideal for professional collectors and exhibition sets.<\/p>\n<p data-start=\"942\" data-end=\"1155\">Aroma &amp; Appearance:<br data-start=\"967\" data-end=\"970\" \/>Notes of orange and mandarin blend with light spiciness and earthy tones. The flowers are dense, resinous, bright green, accented with orange pistils, highlighting the unique character of the variety.<\/p>\n<p data-start=\"1157\" data-end=\"1310\">Variety characteristics:<br data-start=\"1177\" data-end=\"1180\" \/>\u2022 HHCP-M: up to 60%<br data-start=\"1198\" data-end=\"1201\" \/>\u2022 THC content: 0%<br data-start=\"1249\" data-end=\"1252\" \/>\u2022 Morphologically stable and visually recognizable<\/p>\n<p data-start=\"1312\" data-end=\"1599\">Product purpose: For professional use or collection only. Not intended for consumption.<br data-start=\"1406\" data-end=\"1409\" \/>Sales restrictions: Not offered to persons under 18 years of age.<br data-start=\"1465\" data-end=\"1468\" \/>Storage: Store in a dry place, away from heat sources and out of reach of children.<br data-start=\"1570\" data-end=\"1573\" \/>Country of origin: Italy.<\/p>\n<p data-start=\"1601\" data-end=\"1830\">Want to become an independent distributor or franchise partner?<br data-start=\"1666\" data-end=\"1669\" \/>Low minimum quantities, high quality, and pricing tailored to your business.<br data-start=\"1743\" data-end=\"1746\" \/>Join our Cash &amp; Carry program or contact us at: <a class=\"decorated-link cursor-pointer\" rel=\"noopener\" data-start=\"1810\" data-end=\"1828\">biz@cbditaly.store<\/a><\/p>\n<\/div>\n<\/div>\n<\/div>\n<\/div>\n<\/div>\n<\/div>\n<\/article>\n<\/div>\n<\/div>\n<\/div>\n<\/div>","protected":false},"excerpt":{"rendered":"<p data-start=\"130\" data-end=\"191\">ORANGE KUSH Joint X HHCP-M 60% \u2013 3x RAW Cone d\u0117\u017eut\u0117 (3 g) *OUTLET<\/p>","protected":false},"featured_media":1467,"comment_status":"closed","ping_status":"closed","template":"","meta":{"_joinchat":[]},"product_cat":[27],"product_tag":[],"tiered_pricing_type":"fixed","tiered_pricing_fixed_rules":[],"tiered_pricing_product_settings":{"layout":"default","base_unit_name":{"singular":null,"plural":null},"default_variation":null},"tiered_pricing_minimum_quantity":null,"tiered_pricing_roles_data":[],"tiered_pricing_percentage_rules":[],"tiered_pricing_maximum_quantity":null,"tiered_pricing_quantity_step":null,"_links":{"self":[{"href":"https:\/\/cbditaly.lt\/en\/wp-json\/wp\/v2\/product\/1457"}],"collection":[{"href":"https:\/\/cbditaly.lt\/en\/wp-json\/wp\/v2\/product"}],"about":[{"href":"https:\/\/cbditaly.lt\/en\/wp-json\/wp\/v2\/types\/product"}],"replies":[{"embeddable":true,"href":"https:\/\/cbditaly.lt\/en\/wp-json\/wp\/v2\/comments?post=1457"}],"wp:featuredmedia":[{"embeddable":true,"href":"https:\/\/cbditaly.lt\/en\/wp-json\/wp\/v2\/media\/1467"}],"wp:attachment":[{"href":"https:\/\/cbditaly.lt\/en\/wp-json\/wp\/v2\/media?parent=1457"}],"wp:term":[{"taxonomy":"product_cat","embeddable":true,"href":"https:\/\/cbditaly.lt\/en\/wp-json\/wp\/v2\/product_cat?post=1457"},{"taxonomy":"product_tag","embeddable":true,"href":"https:\/\/cbditaly.lt\/en\/wp-json\/wp\/v2\/product_tag?post=1457"}],"curies":[{"name":"wp","href":"https:\/\/api.w.org\/{rel}","templated":true}]}}