{"id":1460,"date":"2025-12-11T04:33:54","date_gmt":"2025-12-11T01:33:54","guid":{"rendered":"https:\/\/cbditaly.lt\/?post_type=product&#038;p=1460"},"modified":"2026-04-05T15:55:51","modified_gmt":"2026-04-05T12:55:51","slug":"xxl-apricot-joint-x-thcvo-60-3-vnt-rinkinys-4-g","status":"publish","type":"product","link":"https:\/\/cbditaly.lt\/en\/product\/xxl-apricot-joint-x-thcvo-60-3-vnt-rinkinys-4-g\/","title":{"rendered":"XXL Apricot Joint X THCVO 60% \u20133 vnt. rinkinys (4 g)"},"content":{"rendered":"<div class=\"flex max-w-full flex-col flex-grow\">\n<div class=\"min-h-8 text-message flex w-full flex-col items-end gap-2 whitespace-normal break-words text-start [.text-message+&amp;]:mt-5\" dir=\"auto\" data-message-author-role=\"assistant\" data-message-id=\"e51bf9c8-c2bb-4feb-a0fa-7a4d30b55644\" data-message-model-slug=\"gpt-4o\">\n<div class=\"flex w-full flex-col gap-1 empty:hidden first:pt-[3px]\">\n<div class=\"markdown prose w-full break-words dark:prose-invert light\">\n<p data-start=\"108\" data-end=\"163\">Premium Apricot Joint x THCVO 60% \u2013 3 vnt. rinkinys (4 g)<\/p>\n<p data-start=\"165\" data-end=\"513\">Atraskite auk\u0161\u010diausios kokyb\u0117s kolekcin\u012f \u201eApricot\u201c pre-roll\u2019\u0173 3 vienet\u0173 rinkin\u012f. Kiekvienas kruop\u0161\u010diai paruo\u0161tas 1,33 g gaminys pasi\u017eymi esteti\u0161ka i\u0161vaizda ir \u0161velniu, vaisi\u0161ku bei abrikosus primenan\u010diu aromatu. Sukurta i\u0161 atrinkt\u0173 \u017eied\u0173 ir suktos \u012f originalius King Size RAW popierius su filtru, siekiant u\u017etikrinti profesionali\u0105 ir tolygi\u0105 i\u0161vaizd\u0105.<\/p>\n<p data-start=\"515\" data-end=\"572\">Apricot x THCVO 60%<br data-start=\"538\" data-end=\"541\" \/>THC content: 0%<\/p>\n<p data-start=\"574\" data-end=\"890\">Overview:<br data-start=\"587\" data-end=\"590\" \/>Apricot is a visually attractive genetic, valued for its harmonious structure and fruity aromatic profile. This special edition is enhanced with THCVO at 60%, giving the product technical and collectible distinction. A premium-category collectible item suitable for professional presentation environments.<\/p>\n<p data-start=\"892\" data-end=\"1186\">Appearance &amp; Aroma:<br data-start=\"917\" data-end=\"920\" \/>The flowers are dense, resinous, and coated with a bright crystalline layer. Colors range from vivid green to yellow-orange tones, highlighted by intense orange pistils. The aromatic profile is gently fruity, with clear apricot notes characteristic of Apricot genetics.<\/p>\n<p data-start=\"1188\" data-end=\"1352\">Composition &amp; Features:<br data-start=\"1211\" data-end=\"1214\" \/>\u2022 THCVO: up to 60%<br data-start=\"1230\" data-end=\"1233\" \/>\u2022 CBD: natural plant content<br data-start=\"1266\" data-end=\"1269\" \/>\u2022 THC: ma\u017eiau nei 0%<br data-start=\"1292\" data-end=\"1295\" \/>\u2022 Visually attractive product with stable morphology<\/p>\n<p data-start=\"1354\" data-end=\"1503\">Origin &amp; Production:<br data-start=\"1374\" data-end=\"1377\" \/>Flowers are hand-selected and carefully inspected to ensure consistent visual quality.<br data-start=\"1478\" data-end=\"1481\" \/>Country of origin: Italy.<\/p>\n<p data-start=\"1505\" data-end=\"1781\">Use &amp; Restrictions:<br data-start=\"1535\" data-end=\"1538\" \/>Product purpose: For professional use or collection only. Not intended for human consumption.<br data-start=\"1631\" data-end=\"1634\" \/>Sales restrictions: Not sold to persons under 18 years of age.<br data-start=\"1680\" data-end=\"1683\" \/>Storage: Store in a dry place, away from heat sources and out of reach of children.<\/p>\n<p data-start=\"1783\" data-end=\"1953\">Wholesale &amp; Partnership:<br data-start=\"1810\" data-end=\"1813\" \/>Interested in becoming an independent distributor or franchise partner?<br data-start=\"1874\" data-end=\"1877\" \/>We offer low minimum quantities, professional quality, and flexible terms.<\/p>\n<p data-start=\"1955\" data-end=\"2028\">Join our Cash &amp; Carry program or contact us at: <a class=\"decorated-link cursor-pointer\" rel=\"noopener\" data-start=\"2008\" data-end=\"2026\">biz@cbditaly.store<\/a><\/p>\n<\/div>\n<\/div>\n<\/div>\n<\/div>","protected":false},"excerpt":{"rendered":"<p>XXL Apricot Joint X THCVO 60% \u2013 3 vnt. rinkinys (4 g)<\/p>","protected":false},"featured_media":1746,"comment_status":"closed","ping_status":"closed","template":"","meta":{"_joinchat":[]},"product_cat":[104,83,103],"product_tag":[],"tiered_pricing_type":"fixed","tiered_pricing_fixed_rules":[],"tiered_pricing_product_settings":{"layout":"default","base_unit_name":{"singular":null,"plural":null},"default_variation":null},"tiered_pricing_minimum_quantity":null,"tiered_pricing_roles_data":[],"tiered_pricing_percentage_rules":[],"tiered_pricing_maximum_quantity":null,"tiered_pricing_quantity_step":null,"_links":{"self":[{"href":"https:\/\/cbditaly.lt\/en\/wp-json\/wp\/v2\/product\/1460"}],"collection":[{"href":"https:\/\/cbditaly.lt\/en\/wp-json\/wp\/v2\/product"}],"about":[{"href":"https:\/\/cbditaly.lt\/en\/wp-json\/wp\/v2\/types\/product"}],"replies":[{"embeddable":true,"href":"https:\/\/cbditaly.lt\/en\/wp-json\/wp\/v2\/comments?post=1460"}],"wp:featuredmedia":[{"embeddable":true,"href":"https:\/\/cbditaly.lt\/en\/wp-json\/wp\/v2\/media\/1746"}],"wp:attachment":[{"href":"https:\/\/cbditaly.lt\/en\/wp-json\/wp\/v2\/media?parent=1460"}],"wp:term":[{"taxonomy":"product_cat","embeddable":true,"href":"https:\/\/cbditaly.lt\/en\/wp-json\/wp\/v2\/product_cat?post=1460"},{"taxonomy":"product_tag","embeddable":true,"href":"https:\/\/cbditaly.lt\/en\/wp-json\/wp\/v2\/product_tag?post=1460"}],"curies":[{"name":"wp","href":"https:\/\/api.w.org\/{rel}","templated":true}]}}