{"id":1764,"date":"2026-03-26T12:43:47","date_gmt":"2026-03-26T09:43:47","guid":{"rendered":"https:\/\/cbditaly.lt\/?post_type=product&#038;p=1764"},"modified":"2026-03-26T12:47:22","modified_gmt":"2026-03-26T09:47:22","slug":"booster-500mg-d9-thcv","status":"publish","type":"product","link":"https:\/\/cbditaly.lt\/en\/product\/booster-500mg-d9-thcv\/","title":{"rendered":"BOOSTER 500mg D9-THCV"},"content":{"rendered":"<div class=\"flex flex-col text-sm pb-25\">\n<section class=\"text-token-text-primary w-full focus:outline-none [--shadow-height:45px] has-data-writing-block:pointer-events-none has-data-writing-block:-mt-(--shadow-height) has-data-writing-block:pt-(--shadow-height) [&amp;:has([data-writing-block])&gt;*]:pointer-events-auto scroll-mt-[calc(var(--header-height)+min(200px,max(70px,20svh)))]\" dir=\"auto\" data-turn-id=\"request-WEB:5c8c9f3e-8678-40d5-867b-436465e0eed4-25\" data-testid=\"conversation-turn-50\" data-scroll-anchor=\"true\" data-turn=\"assistant\">\n<div class=\"text-base my-auto mx-auto pb-10 [--thread-content-margin:var(--thread-content-margin-xs,calc(var(--spacing)*4))] @w-sm\/main:[--thread-content-margin:var(--thread-content-margin-sm,calc(var(--spacing)*6))] @w-lg\/main:[--thread-content-margin:var(--thread-content-margin-lg,calc(var(--spacing)*16))] px-(--thread-content-margin)\">\n<div class=\"[--thread-content-max-width:40rem] @w-lg\/main:[--thread-content-max-width:48rem] mx-auto max-w-(--thread-content-max-width) flex-1 group\/turn-messages focus-visible:outline-hidden relative flex w-full min-w-0 flex-col agent-turn\">\n<div class=\"flex max-w-full flex-col gap-4 grow\">\n<div class=\"min-h-8 text-message relative flex w-full flex-col items-end gap-2 text-start break-words whitespace-normal outline-none keyboard-focused:focus-ring [.text-message+&amp;]:mt-1\" dir=\"auto\" tabindex=\"0\" data-message-author-role=\"assistant\" data-message-id=\"671b66b1-c429-4bd8-b1eb-46c6d3d8a798\" data-message-model-slug=\"gpt-5-mini\" data-turn-start-message=\"true\">\n<div class=\"flex w-full flex-col gap-1 empty:hidden\">\n<div class=\"markdown prose dark:prose-invert w-full wrap-break-word light markdown-new-styling\">\n<p data-start=\"0\" data-end=\"28\">BOOSTER 500 mg D9-THCV 10 ml<\/p>\n<p data-start=\"30\" data-end=\"49\">Techninis produktas<\/p>\n<p data-start=\"51\" data-end=\"127\">Sud\u0117tis: propilenglikolis (PG), \u03949-tetrahidrokanabivarinas (D9-THCV) 500 mg.<\/p>\n<p data-start=\"129\" data-end=\"214\">Naudojimas: tik profesionaliam ir techniniam naudojimui. Neskirtas \u017emoni\u0173 vartojimui.<\/p>\n<p data-start=\"216\" data-end=\"266\">\u012esp\u0117jimas: laikyti vaikams nepasiekiamoje vietoje.<\/p>\n<p data-start=\"268\" data-end=\"334\">Atsakinga \u012fmon\u0117 (ES): Organic CBD Italy Kft<br data-start=\"311\" data-end=\"314\" \/>PVM kodas: HU2733854<\/p>\n<p data-start=\"336\" data-end=\"358\">Grynasis kiekis: 10 ml<\/p>\n<p data-start=\"360\" data-end=\"607\">Interested in becoming an independent distributor or franchise partner?<br data-start=\"423\" data-end=\"426\" \/>Ma\u017ei minimal\u016bs u\u017esakymo kiekiai, auk\u0161ta kokyb\u0117 ir j\u016bs\u0173 poreikiams pritaikytos kainos. Prisijunkite prie m\u016bs\u0173 \u201eCash &amp; Carry\u201c programos arba susisiekite el. pa\u0161tu: <a class=\"decorated-link cursor-pointer\" rel=\"noopener\" data-start=\"588\" data-end=\"606\">biz@cbditaly.store<\/a>.<\/p>\n<p data-start=\"609\" data-end=\"701\" data-is-last-node=\"\" data-is-only-node=\"\">Produkte n\u0117ra nikotino. Nerekomenduojama vartoti n\u0117\u0161\u010dioms ar kr\u016btimi maitinan\u010dioms moterims.<\/p>\n<\/div>\n<\/div>\n<\/div>\n<\/div>\n<\/div>\n<\/div>\n<\/section>\n<\/div>","protected":false},"excerpt":{"rendered":"<p>BOOSTER 500 mg D9-THCV 10 ml<\/p>","protected":false},"featured_media":1721,"comment_status":"closed","ping_status":"closed","template":"","meta":{"_joinchat":[]},"product_cat":[18,19,20],"product_tag":[],"tiered_pricing_type":"fixed","tiered_pricing_fixed_rules":{"3":45,"5":40,"10":30},"tiered_pricing_product_settings":{"layout":"default","base_unit_name":{"singular":null,"plural":null},"default_variation":null},"tiered_pricing_minimum_quantity":null,"tiered_pricing_roles_data":[],"tiered_pricing_percentage_rules":[],"tiered_pricing_maximum_quantity":null,"tiered_pricing_quantity_step":null,"_links":{"self":[{"href":"https:\/\/cbditaly.lt\/en\/wp-json\/wp\/v2\/product\/1764"}],"collection":[{"href":"https:\/\/cbditaly.lt\/en\/wp-json\/wp\/v2\/product"}],"about":[{"href":"https:\/\/cbditaly.lt\/en\/wp-json\/wp\/v2\/types\/product"}],"replies":[{"embeddable":true,"href":"https:\/\/cbditaly.lt\/en\/wp-json\/wp\/v2\/comments?post=1764"}],"wp:featuredmedia":[{"embeddable":true,"href":"https:\/\/cbditaly.lt\/en\/wp-json\/wp\/v2\/media\/1721"}],"wp:attachment":[{"href":"https:\/\/cbditaly.lt\/en\/wp-json\/wp\/v2\/media?parent=1764"}],"wp:term":[{"taxonomy":"product_cat","embeddable":true,"href":"https:\/\/cbditaly.lt\/en\/wp-json\/wp\/v2\/product_cat?post=1764"},{"taxonomy":"product_tag","embeddable":true,"href":"https:\/\/cbditaly.lt\/en\/wp-json\/wp\/v2\/product_tag?post=1764"}],"curies":[{"name":"wp","href":"https:\/\/api.w.org\/{rel}","templated":true}]}}