{"id":178,"date":"2024-04-11T22:04:06","date_gmt":"2024-04-11T22:04:06","guid":{"rendered":"https:\/\/cbditaly.lt\/?post_type=product&#038;p=178"},"modified":"2024-04-22T21:29:08","modified_gmt":"2024-04-22T21:29:08","slug":"cbd-alyvuogiu-aliejus-24-sportline","status":"publish","type":"product","link":"https:\/\/cbditaly.lt\/en\/product\/cbd-alyvuogiu-aliejus-24-sportline\/","title":{"rendered":"CBD Alyvuogi\u0173 aliejus 24% SPORTLINE"},"content":{"rendered":"<p>CBD Alyvuogi\u0173 aliejus 24% SPORTLINE<\/p>\n<p>CBD 24%, ekstra neitsi alyvuogi\u0173 aliejus, be THC. \u201eSPORTLINE\u201c serija yra 2400 mg ekologi\u0161ko CBD izoliato, 99,9% grynumo, i\u0161gauto i\u0161 Italijos kanapi\u0173 ir i\u0161tirpinto alyvuogi\u0173 aliejuje. Laikyti vaikams nepasiekiamoje vietoje. Vengti kontakto su akimis ir atviromis \u017eaizdomis. Be THC. Pagaminta ES.<\/p>\n<p>Manufacturer: Organic CBDITALY Limited\nWholesale: <a href=\"http:\/\/www.cbditaly.store\/\" target=\"_new\" rel=\"noopener\">www.cbditaly.store<\/a><\/p>\n<pre>EU CPNP registered cosmetic product.<\/pre>","protected":false},"excerpt":{"rendered":"<p>CBD Alyvuogi\u0173 aliejus 24% OLIVE SPORTLINE, be THC -10ml.-<\/p>","protected":false},"featured_media":142,"comment_status":"closed","ping_status":"closed","template":"","meta":{"_joinchat":[]},"product_cat":[18],"product_tag":[],"tiered_pricing_type":"fixed","tiered_pricing_fixed_rules":[],"tiered_pricing_product_settings":{"layout":"default","base_unit_name":{"singular":null,"plural":null},"default_variation":null},"tiered_pricing_minimum_quantity":null,"tiered_pricing_roles_data":[],"tiered_pricing_percentage_rules":[],"tiered_pricing_maximum_quantity":null,"tiered_pricing_quantity_step":null,"_links":{"self":[{"href":"https:\/\/cbditaly.lt\/en\/wp-json\/wp\/v2\/product\/178"}],"collection":[{"href":"https:\/\/cbditaly.lt\/en\/wp-json\/wp\/v2\/product"}],"about":[{"href":"https:\/\/cbditaly.lt\/en\/wp-json\/wp\/v2\/types\/product"}],"replies":[{"embeddable":true,"href":"https:\/\/cbditaly.lt\/en\/wp-json\/wp\/v2\/comments?post=178"}],"wp:featuredmedia":[{"embeddable":true,"href":"https:\/\/cbditaly.lt\/en\/wp-json\/wp\/v2\/media\/142"}],"wp:attachment":[{"href":"https:\/\/cbditaly.lt\/en\/wp-json\/wp\/v2\/media?parent=178"}],"wp:term":[{"taxonomy":"product_cat","embeddable":true,"href":"https:\/\/cbditaly.lt\/en\/wp-json\/wp\/v2\/product_cat?post=178"},{"taxonomy":"product_tag","embeddable":true,"href":"https:\/\/cbditaly.lt\/en\/wp-json\/wp\/v2\/product_tag?post=178"}],"curies":[{"name":"wp","href":"https:\/\/api.w.org\/{rel}","templated":true}]}}