{"id":189,"date":"2024-04-11T22:04:29","date_gmt":"2024-04-11T22:04:29","guid":{"rendered":"https:\/\/cbditaly.lt\/?post_type=product&#038;p=189"},"modified":"2024-04-22T21:18:48","modified_gmt":"2024-04-22T21:18:48","slug":"cbd-kanapiu-aliejus-24-hemp-sportline","status":"publish","type":"product","link":"https:\/\/cbditaly.lt\/en\/product\/cbd-kanapiu-aliejus-24-hemp-sportline\/","title":{"rendered":"CBD Kanapi\u0173 Aliejus 24% HEMP SPORTLINE"},"content":{"rendered":"<div class=\"flex flex-grow flex-col max-w-full\">\n<div class=\"min-h-[20px] text-message flex flex-col items-start gap-3 whitespace-pre-wrap break-words [.text-message+&amp;]:mt-5 overflow-x-auto\" dir=\"auto\" data-message-author-role=\"assistant\" data-message-id=\"532d5d22-77db-43f0-aa8f-57cdd6184723\">\n<div class=\"markdown prose w-full break-words dark:prose-invert light\">\n<p>CBD Kanapi\u0173 Aliejus 24% SPORTLINE<\/p>\n<p>CBD 24%, ekstra neitsi kanapi\u0173 aliejus, be THC, \u201eSPORTLINE\u201c sud\u0117tyje yra 2400 mg organi\u0161ko CBD izoliato, kurio grynumas yra 99,9% ir kuris i\u0161gautas i\u0161 Italijos kanapi\u0173, kanapi\u0173 aliejuje. Laikykite vaikams nepasiekiamoje vietoje. Venkite kontakto su akimis ir atviromis \u017eaizdomis. Be THC. \u2013 Pagaminta ES.<\/p>\n<p>Manufacturer: Organic CBDITALY Limited\nWholesale: <a href=\"http:\/\/www.cbditaly.store\" target=\"_new\" rel=\"noopener\">www.cbditaly.store<\/a><\/p>\n<pre>U\u017eregistruotas kosmetikos gaminys ES CPNP.<\/pre>\n<\/div>\n<\/div>\n<\/div>","protected":false},"excerpt":{"rendered":"<p>CBD Kanapi\u0173 Aliejus 24% HEMP SPORTLINE -10ml.-<\/p>","protected":false},"featured_media":262,"comment_status":"closed","ping_status":"closed","template":"","meta":{"_joinchat":[]},"product_cat":[18],"product_tag":[],"tiered_pricing_type":"fixed","tiered_pricing_fixed_rules":{"3":60},"tiered_pricing_product_settings":{"layout":"default","base_unit_name":{"singular":null,"plural":null},"default_variation":null},"tiered_pricing_minimum_quantity":null,"tiered_pricing_roles_data":[],"tiered_pricing_percentage_rules":[],"tiered_pricing_maximum_quantity":null,"tiered_pricing_quantity_step":null,"_links":{"self":[{"href":"https:\/\/cbditaly.lt\/en\/wp-json\/wp\/v2\/product\/189"}],"collection":[{"href":"https:\/\/cbditaly.lt\/en\/wp-json\/wp\/v2\/product"}],"about":[{"href":"https:\/\/cbditaly.lt\/en\/wp-json\/wp\/v2\/types\/product"}],"replies":[{"embeddable":true,"href":"https:\/\/cbditaly.lt\/en\/wp-json\/wp\/v2\/comments?post=189"}],"wp:featuredmedia":[{"embeddable":true,"href":"https:\/\/cbditaly.lt\/en\/wp-json\/wp\/v2\/media\/262"}],"wp:attachment":[{"href":"https:\/\/cbditaly.lt\/en\/wp-json\/wp\/v2\/media?parent=189"}],"wp:term":[{"taxonomy":"product_cat","embeddable":true,"href":"https:\/\/cbditaly.lt\/en\/wp-json\/wp\/v2\/product_cat?post=189"},{"taxonomy":"product_tag","embeddable":true,"href":"https:\/\/cbditaly.lt\/en\/wp-json\/wp\/v2\/product_tag?post=189"}],"curies":[{"name":"wp","href":"https:\/\/api.w.org\/{rel}","templated":true}]}}