{"id":219,"date":"2024-04-11T22:05:14","date_gmt":"2024-04-11T22:05:14","guid":{"rendered":"https:\/\/cbditaly.lt\/?post_type=product&#038;p=219"},"modified":"2024-04-17T23:04:16","modified_gmt":"2024-04-17T23:04:16","slug":"wooden-grinder-cbditaly-52mm","status":"publish","type":"product","link":"https:\/\/cbditaly.lt\/en\/product\/wooden-grinder-cbditaly-52mm\/","title":{"rendered":"Wooden grinder CBDITALY 52mm"},"content":{"rendered":"<p>Medinis rank\u0173 darbo mal\u016bn\u0117lis, kurio skersmuo yra 52 mm. Puikus \u012frankis praleid\u017eiant laik\u0105 su draugais.<\/p>","protected":false},"excerpt":{"rendered":"<p>Wooden grinder CBDITALY 52mm<\/p>","protected":false},"featured_media":284,"comment_status":"closed","ping_status":"closed","template":"","meta":{"_joinchat":[]},"product_cat":[20,49],"product_tag":[],"tiered_pricing_type":"fixed","tiered_pricing_fixed_rules":[],"tiered_pricing_product_settings":{"layout":"default","base_unit_name":{"singular":null,"plural":null},"default_variation":null},"tiered_pricing_minimum_quantity":null,"tiered_pricing_roles_data":[],"tiered_pricing_percentage_rules":[],"tiered_pricing_maximum_quantity":null,"tiered_pricing_quantity_step":null,"_links":{"self":[{"href":"https:\/\/cbditaly.lt\/en\/wp-json\/wp\/v2\/product\/219"}],"collection":[{"href":"https:\/\/cbditaly.lt\/en\/wp-json\/wp\/v2\/product"}],"about":[{"href":"https:\/\/cbditaly.lt\/en\/wp-json\/wp\/v2\/types\/product"}],"replies":[{"embeddable":true,"href":"https:\/\/cbditaly.lt\/en\/wp-json\/wp\/v2\/comments?post=219"}],"wp:featuredmedia":[{"embeddable":true,"href":"https:\/\/cbditaly.lt\/en\/wp-json\/wp\/v2\/media\/284"}],"wp:attachment":[{"href":"https:\/\/cbditaly.lt\/en\/wp-json\/wp\/v2\/media?parent=219"}],"wp:term":[{"taxonomy":"product_cat","embeddable":true,"href":"https:\/\/cbditaly.lt\/en\/wp-json\/wp\/v2\/product_cat?post=219"},{"taxonomy":"product_tag","embeddable":true,"href":"https:\/\/cbditaly.lt\/en\/wp-json\/wp\/v2\/product_tag?post=219"}],"curies":[{"name":"wp","href":"https:\/\/api.w.org\/{rel}","templated":true}]}}