{"id":222,"date":"2024-04-11T22:05:14","date_gmt":"2024-04-11T22:05:14","guid":{"rendered":"https:\/\/cbditaly.lt\/?post_type=product&#038;p=222"},"modified":"2025-12-11T22:17:40","modified_gmt":"2025-12-11T19:17:40","slug":"cbg-21-dutch-passion","status":"publish","type":"product","link":"https:\/\/cbditaly.lt\/en\/product\/cbg-21-dutch-passion\/","title":{"rendered":"CBG 21% DUTCH PASSION"},"content":{"rendered":"<p data-start=\"279\" data-end=\"641\">Dutch Passion \u2013 organi\u0161kai auginta kanapi\u0173 genetika, vertinama d\u0117l stabilios strukt\u016bros ir ai\u0161kaus cheminio profilio. \u0160i versija pasi\u017eymi 21 % CBG kiekiu ir visi\u0161kai nulinio THC lygiu, tod\u0117l yra tinkama profesionalioms kolekcijoms, parodin\u0117ms ekspozicijoms ir techninei demonstracijai. \u017daliava atrinkta rankiniu b\u016bdu, u\u017etikrinant estetin\u012f vientisum\u0105.<\/p>\n<p data-start=\"643\" data-end=\"876\">Aroma &amp; Appearance:<br data-start=\"664\" data-end=\"667\" \/>Aromatinis profilis subtiliai \u017eolelinis, su lengvais g\u0117li\u0173 ir nat\u016braliais \u017eemi\u0161kais tonais. \u017diedai \u0161vies\u016bs, pur\u016bs, gausiai padengti dervomis ir baltais trichomais, pasi\u017eymintys \u0161varia ir tvarkinga morfologija.<\/p>\n<p data-start=\"878\" data-end=\"1004\">Key features:<br data-start=\"886\" data-end=\"889\" \/>CBG: 21 %<br data-start=\"898\" data-end=\"901\" \/>\u2022 CBD: natural plant content<br data-start=\"932\" data-end=\"935\" \/>\u2022 THC: 0 %<br data-start=\"943\" data-end=\"946\" \/>Morfologija: \u0161vies\u016bs, dervingi, vizualiai esteti\u0161ki \u017eiedai<\/p>\n<p data-start=\"1006\" data-end=\"1114\">Origin &amp; Selection:<br data-start=\"1023\" data-end=\"1026\" \/>Hand-selected raw material<br data-start=\"1051\" data-end=\"1054\" \/>Nuosekli vizualin\u0117s kokyb\u0117s kontrol\u0117<br data-start=\"1090\" data-end=\"1093\" \/>Country of origin: Italy<\/p>\n<p data-start=\"1241\" data-end=\"1467\">Interested in becoming an independent distributor or franchise partner?<br data-start=\"1304\" data-end=\"1307\" \/>Ma\u017ei minimal\u016bs kiekiai, auk\u0161ta kokyb\u0117 ir kainos, pritaikytos j\u016bs\u0173 poreikiams. Prisijunkite prie m\u016bs\u0173 Cash &amp; Carry programos arba susisiekite: <a class=\"decorated-link cursor-pointer\" rel=\"noopener\" data-start=\"1449\" data-end=\"1467\">biz@cbditaly.store<\/a><\/p>\n<p data-start=\"1469\" data-end=\"1609\">100 % organi\u0161ki DUTCH PASSION kanapi\u0173 \u017eiedai \u2013 THC 0 % \u2013 CBG 21 % \u2013 nuo 2 g iki 100 g<br data-start=\"1554\" data-end=\"1557\" \/>Wholesale for retailers: <a class=\"decorated-link\" href=\"http:\/\/www.cbditaly.store?utm_source=chatgpt.com\" target=\"_new\" rel=\"noopener\" data-start=\"1591\" data-end=\"1609\">www.cbditaly.store<\/a><\/p>","protected":false},"excerpt":{"rendered":"<p>Kanapi\u0173 \u017eiedai CBG 21% DUTCH PASSION<br \/>\nPrieinama pakuot\u0117se: 2g, 3g, 5g, 10g, 20g, 50g, 100g.<\/p>","protected":false},"featured_media":287,"comment_status":"closed","ping_status":"closed","template":"","meta":{"_joinchat":[]},"product_cat":[26,28],"product_tag":[],"tiered_pricing_type":"fixed","tiered_pricing_fixed_rules":{"2":10,"3":9,"5":8,"10":8,"20":7,"50":6,"100":5,"1000":3},"tiered_pricing_product_settings":{"layout":"default","base_unit_name":{"singular":null,"plural":null},"default_variation":null},"tiered_pricing_minimum_quantity":null,"tiered_pricing_roles_data":[],"tiered_pricing_percentage_rules":[],"tiered_pricing_maximum_quantity":null,"tiered_pricing_quantity_step":null,"_links":{"self":[{"href":"https:\/\/cbditaly.lt\/en\/wp-json\/wp\/v2\/product\/222"}],"collection":[{"href":"https:\/\/cbditaly.lt\/en\/wp-json\/wp\/v2\/product"}],"about":[{"href":"https:\/\/cbditaly.lt\/en\/wp-json\/wp\/v2\/types\/product"}],"replies":[{"embeddable":true,"href":"https:\/\/cbditaly.lt\/en\/wp-json\/wp\/v2\/comments?post=222"}],"wp:featuredmedia":[{"embeddable":true,"href":"https:\/\/cbditaly.lt\/en\/wp-json\/wp\/v2\/media\/287"}],"wp:attachment":[{"href":"https:\/\/cbditaly.lt\/en\/wp-json\/wp\/v2\/media?parent=222"}],"wp:term":[{"taxonomy":"product_cat","embeddable":true,"href":"https:\/\/cbditaly.lt\/en\/wp-json\/wp\/v2\/product_cat?post=222"},{"taxonomy":"product_tag","embeddable":true,"href":"https:\/\/cbditaly.lt\/en\/wp-json\/wp\/v2\/product_tag?post=222"}],"curies":[{"name":"wp","href":"https:\/\/api.w.org\/{rel}","templated":true}]}}