{"id":236,"date":"2024-04-11T22:05:38","date_gmt":"2024-04-11T22:05:38","guid":{"rendered":"https:\/\/cbditaly.lt\/?post_type=product&#038;p=236"},"modified":"2026-02-09T18:54:11","modified_gmt":"2026-02-09T15:54:11","slug":"orange-kush-hhcp-m-60","status":"publish","type":"product","link":"https:\/\/cbditaly.lt\/en\/product\/orange-kush-hhcp-m-60\/","title":{"rendered":"ORANGE KUSH HHCP-M 60% 10g *OUTLET"},"content":{"rendered":"<p data-start=\"52\" data-end=\"362\">*OUTLET<\/p>\n<p data-start=\"52\" data-end=\"362\">ORANGE KUSH HHCP-M 60% 10g<\/p>\n<p data-start=\"52\" data-end=\"362\">Orange Kush \u2013 hibridin\u0117 genetika, vertinama d\u0117l stabilios strukt\u016bros ir ai\u0161ki\u0173 vizualini\u0173 savybi\u0173. \u0160i versija papildyta HHCP-M (iki 60 %), suteikian\u010diu produktui technin\u012f ir \u0161iuolaikin\u012f kolekcin\u012f identitet\u0105. Pagaminta i\u0161 ES sertifikuot\u0173 kanapi\u0173, skirta profesionalioms kolekcijoms ir ekspozicijoms.<\/p>\n<p data-start=\"364\" data-end=\"619\">Aroma &amp; Appearance:<br data-start=\"385\" data-end=\"388\" \/>\u017diedai tank\u016bs, \u0161viesiai \u017eali, su ry\u0161kiomis oran\u017ein\u0117mis piestel\u0117mis ir intensyviu sak\u0173 sluoksniu, suteikian\u010diu kristalin\u012f efekt\u0105. Aromatinis profilis lengvai citrusinis, su subtiliomis \u017eem\u0117s natomis ir tvarkingu, \u0161variu charakteriu.<\/p>\n<p data-start=\"621\" data-end=\"739\">Key features:<br data-start=\"629\" data-end=\"632\" \/>\u2022 HHCP-M: up to 60%<br data-start=\"648\" data-end=\"651\" \/>\u2022 CBD: natural plant content<br data-start=\"682\" data-end=\"685\" \/>\u2022 THC: 0 %<br data-start=\"693\" data-end=\"696\" \/>Morfologija: stabili, vizualiai i\u0161rai\u0161kinga<\/p>\n<p data-start=\"741\" data-end=\"848\">Origin &amp; Selection:<br data-start=\"758\" data-end=\"761\" \/>Rankomis atrinkta \u017ealiava, nuosekli vizualin\u0117s kokyb\u0117s kontrol\u0117<br data-start=\"824\" data-end=\"827\" \/>Country of origin: Italy<\/p>\n<p data-start=\"850\" data-end=\"1117\">Product purpose: For professional use or collection purposes only. Not intended for human consumption.<br data-start=\"941\" data-end=\"944\" \/>Sales restrictions: Not sold to persons under 18 years of age.<br data-start=\"1001\" data-end=\"1004\" \/>Storage: Store in a cool, dry place, away from heat sources and out of reach of children.<\/p>\n<p data-start=\"1119\" data-end=\"1171\" data-is-last-node=\"\" data-is-only-node=\"\">Wholesale for retailers: <a class=\"decorated-link\" href=\"http:\/\/www.cbditaly.store\" target=\"_new\" rel=\"noopener\" data-start=\"1153\" data-end=\"1171\" data-is-last-node=\"\">www.cbditaly.store<\/a><\/p>","protected":false},"excerpt":{"rendered":"<p>Kanapi\u0173 \u017eiedai ORANGE KUSH HHCP-M 60% THC 0% 10g\u00a0 *OUTLET<br \/>\nPrieinama pakuot\u0117se: 2g-3g-5g-10g-20g-50g-100g<\/p>","protected":false},"featured_media":1651,"comment_status":"closed","ping_status":"closed","template":"","meta":{"_joinchat":[]},"product_cat":[27],"product_tag":[],"tiered_pricing_type":"fixed","tiered_pricing_fixed_rules":[],"tiered_pricing_product_settings":{"layout":"default","base_unit_name":{"singular":null,"plural":null},"default_variation":null},"tiered_pricing_minimum_quantity":null,"tiered_pricing_roles_data":[],"tiered_pricing_percentage_rules":[],"tiered_pricing_maximum_quantity":null,"tiered_pricing_quantity_step":null,"_links":{"self":[{"href":"https:\/\/cbditaly.lt\/en\/wp-json\/wp\/v2\/product\/236"}],"collection":[{"href":"https:\/\/cbditaly.lt\/en\/wp-json\/wp\/v2\/product"}],"about":[{"href":"https:\/\/cbditaly.lt\/en\/wp-json\/wp\/v2\/types\/product"}],"replies":[{"embeddable":true,"href":"https:\/\/cbditaly.lt\/en\/wp-json\/wp\/v2\/comments?post=236"}],"wp:featuredmedia":[{"embeddable":true,"href":"https:\/\/cbditaly.lt\/en\/wp-json\/wp\/v2\/media\/1651"}],"wp:attachment":[{"href":"https:\/\/cbditaly.lt\/en\/wp-json\/wp\/v2\/media?parent=236"}],"wp:term":[{"taxonomy":"product_cat","embeddable":true,"href":"https:\/\/cbditaly.lt\/en\/wp-json\/wp\/v2\/product_cat?post=236"},{"taxonomy":"product_tag","embeddable":true,"href":"https:\/\/cbditaly.lt\/en\/wp-json\/wp\/v2\/product_tag?post=236"}],"curies":[{"name":"wp","href":"https:\/\/api.w.org\/{rel}","templated":true}]}}