{"id":1091,"date":"2025-08-27T21:06:26","date_gmt":"2025-08-27T18:06:26","guid":{"rendered":"https:\/\/cbditaly.lt\/?post_type=product&#038;p=1091"},"modified":"2026-02-10T18:31:06","modified_gmt":"2026-02-10T15:31:06","slug":"pineapple-cbd-19","status":"publish","type":"product","link":"https:\/\/cbditaly.lt\/ru\/product\/pineapple-cbd-19\/","title":{"rendered":"PINEAPPLE CBD 19%"},"content":{"rendered":"<p data-start=\"0\" data-end=\"264\">Pineapple \u2013 auk\u0161tos kokyb\u0117s kanapi\u0173 veisl\u0117, i\u0161siskirianti tropiniu, vaisiniu aromatiniu profiliu ir \u0161variu, subalansuotu charakteriu. \u0160i CBD versija pasi\u017eymi 19 % CBD kiekiu ir 0 % THC, tod\u0117l atitinka kolekciniams ir profesionaliems tikslams keliamus reikalavimus.<\/p>\n<p data-start=\"266\" data-end=\"454\">Aromatas ir profilis:<br data-start=\"287\" data-end=\"290\" \/>Sald\u017eios tropini\u0173 ananas\u0173 natos, papildytos lengvais citrusiniais ir subtiliais \u017eemi\u0161kais akcentais. Aromatinis profilis gaivus, ai\u0161kus ir nat\u016braliai subalansuotas.<\/p>\n<p data-start=\"456\" data-end=\"623\">\u0425\u0430\u0440\u0430\u043a\u0442\u0435\u0440\u0438\u0441\u0442\u0438\u043a\u0438 \u0441\u043e\u0440\u0442\u0430:<br data-start=\"472\" data-end=\"475\" \/>CBD kiekis: 19 %<br data-start=\"491\" data-end=\"494\" \/>\u0421\u043e\u0434\u0435\u0440\u0436\u0430\u043d\u0438\u0435 THC: 0%<br data-start=\"509\" data-end=\"512\" \/>I\u0161vaizda: tank\u016bs, dervingi \u017eiedai su ry\u0161kiais \u017ealios spalvos tonais ir kontrastingais oran\u017einiais plaukeliais<\/p>\n<p data-start=\"971\" data-end=\"1041\">Produktas jau prekyboje \u2013 atrinktas rankomis ir kruop\u0161\u010diai supakuotas.<\/p>\n<p data-start=\"1043\" data-end=\"1319\">Produkto naudojimas: tik profesionaliam naudojimui arba kolekcionavimui. Ne vartoti \u017emon\u0117ms.<br data-start=\"1135\" data-end=\"1138\" \/>\u041e\u0433\u0440\u0430\u043d\u0438\u0447\u0435\u043d\u0438\u044f \u043f\u0440\u043e\u0434\u0430\u0436\u0438: \u041d\u0435 \u043f\u0440\u043e\u0434\u0430\u0435\u0442\u0441\u044f \u043b\u0438\u0446\u0430\u043c \u043c\u043b\u0430\u0434\u0448\u0435 18 \u043b\u0435\u0442.<br data-start=\"1195\" data-end=\"1198\" \/>Laikymas: laikyti sausoje vietoje, toliau nuo \u0161ilumos \u0161altini\u0173 ir vaikams nepasiekiamoje vietoje.<br data-start=\"1295\" data-end=\"1298\" \/>\u0421\u0442\u0440\u0430\u043d\u0430 \u043f\u0440\u043e\u0438\u0441\u0445\u043e\u0436\u0434\u0435\u043d\u0438\u044f: \u0418\u0442\u0430\u043b\u0438\u044f<\/p>\n<p data-start=\"1321\" data-end=\"1547\">\u0425\u043e\u0442\u0438\u0442\u0435 \u0441\u0442\u0430\u0442\u044c \u043d\u0435\u0437\u0430\u0432\u0438\u0441\u0438\u043c\u044b\u043c \u0434\u0438\u0441\u0442\u0440\u0438\u0431\u044c\u044e\u0442\u043e\u0440\u043e\u043c \u0438\u043b\u0438 \u0444\u0440\u0430\u043d\u0447\u0430\u0439\u0437\u0438\u043d\u0433\u043e\u0432\u044b\u043c \u043f\u0430\u0440\u0442\u043d\u0435\u0440\u043e\u043c?<br data-start=\"1384\" data-end=\"1387\" \/>Ma\u017ei minimal\u016bs kiekiai, auk\u0161ta kokyb\u0117 ir kainos, pritaikytos j\u016bs\u0173 poreikiams. Prisijunkite prie m\u016bs\u0173 Cash &amp; Carry programos arba susisiekite: <a class=\"decorated-link cursor-pointer\" rel=\"noopener\" data-start=\"1529\" data-end=\"1547\">biz@cbditaly.store<\/a><\/p>","protected":false},"excerpt":{"rendered":"<p>Kanapi\u0173 \u017eiedai PINEAPPLE X CBD 19%<br \/>\nPrieinama pakuot\u0117se: 2g, 3g, 5g, 10g, 20g, 50g, 100g.<\/p>","protected":false},"featured_media":569,"comment_status":"closed","ping_status":"closed","template":"","meta":{"_joinchat":[]},"product_cat":[26,105],"product_tag":[],"tiered_pricing_type":"fixed","tiered_pricing_fixed_rules":{"2":7.5,"3":7,"5":6.5,"10":6,"20":5,"50":4,"100":3,"1000":2},"tiered_pricing_product_settings":{"layout":"default","base_unit_name":{"singular":null,"plural":null},"default_variation":null},"tiered_pricing_minimum_quantity":null,"tiered_pricing_roles_data":[],"tiered_pricing_percentage_rules":[],"tiered_pricing_maximum_quantity":null,"tiered_pricing_quantity_step":null,"_links":{"self":[{"href":"https:\/\/cbditaly.lt\/ru\/wp-json\/wp\/v2\/product\/1091"}],"collection":[{"href":"https:\/\/cbditaly.lt\/ru\/wp-json\/wp\/v2\/product"}],"about":[{"href":"https:\/\/cbditaly.lt\/ru\/wp-json\/wp\/v2\/types\/product"}],"replies":[{"embeddable":true,"href":"https:\/\/cbditaly.lt\/ru\/wp-json\/wp\/v2\/comments?post=1091"}],"wp:featuredmedia":[{"embeddable":true,"href":"https:\/\/cbditaly.lt\/ru\/wp-json\/wp\/v2\/media\/569"}],"wp:attachment":[{"href":"https:\/\/cbditaly.lt\/ru\/wp-json\/wp\/v2\/media?parent=1091"}],"wp:term":[{"taxonomy":"product_cat","embeddable":true,"href":"https:\/\/cbditaly.lt\/ru\/wp-json\/wp\/v2\/product_cat?post=1091"},{"taxonomy":"product_tag","embeddable":true,"href":"https:\/\/cbditaly.lt\/ru\/wp-json\/wp\/v2\/product_tag?post=1091"}],"curies":[{"name":"wp","href":"https:\/\/api.w.org\/{rel}","templated":true}]}}