{"id":1096,"date":"2025-08-27T23:35:22","date_gmt":"2025-08-27T20:35:22","guid":{"rendered":"https:\/\/cbditaly.lt\/?post_type=product&#038;p=1096"},"modified":"2026-02-10T18:31:59","modified_gmt":"2026-02-10T15:31:59","slug":"lemon-haze-cbd-21","status":"publish","type":"product","link":"https:\/\/cbditaly.lt\/ru\/product\/lemon-haze-cbd-21\/","title":{"rendered":"LEMON HAZE CBD 21%"},"content":{"rendered":"<p data-start=\"210\" data-end=\"496\">Lemon Haze \u2013 tai viena populiariausi\u0173 citrusinio profilio kanapi\u0173 veisli\u0173, pasi\u017eyminti gaiviu, energizuojan\u010diu aromatu ir i\u0161rai\u0161kingu skoniu. \u0160i CBD versija turi 21 % CBD ir tik 0,2 % THC, tod\u0117l puikiai tinka ie\u0161kantiems nat\u016bralaus atsipalaidavimo be psichoaktyvi\u0173 poveiki\u0173.<\/p>\n<p data-start=\"498\" data-end=\"676\">Aromatas ir skonis:<br data-start=\"517\" data-end=\"520\" \/>Ry\u0161kus citrin\u0173 ir greipfrut\u0173 kvapas su lengvomis \u017eoleli\u0173 bei prieskoni\u0173 natomis. Skonis gaivus, vaisinis ir ilgai i\u0161liekantis \u2013 idealus naudoti dienos metu.<\/p>\n<p data-start=\"678\" data-end=\"884\">\u0425\u0430\u0440\u0430\u043a\u0442\u0435\u0440\u0438\u0441\u0442\u0438\u043a\u0438 \u0441\u043e\u0440\u0442\u0430:<br data-start=\"694\" data-end=\"697\" \/>CBD kiekis: 21 %<br data-start=\"713\" data-end=\"716\" \/>THC kiekis: 0,2 % (atitinka ES teis\u0117s normas)<br data-start=\"761\" data-end=\"764\" \/>I\u0161vaizda: \u0161viesiai \u017ealios spalvos, pur\u016bs, dervingi \u017eiedai su ry\u0161kiais oran\u017einiais plaukeliais ir citrininiais trichomais<\/p>\n<p data-start=\"886\" data-end=\"956\">Produktas jau prekyboje \u2013 atrinktas rankomis ir kruop\u0161\u010diai supakuotas.<\/p>\n<p data-start=\"958\" data-end=\"1234\">Produkto naudojimas: tik profesionaliam naudojimui arba kolekcionavimui. Ne vartoti \u017emon\u0117ms.<br data-start=\"1050\" data-end=\"1053\" \/>\u041e\u0433\u0440\u0430\u043d\u0438\u0447\u0435\u043d\u0438\u044f \u043f\u0440\u043e\u0434\u0430\u0436\u0438: \u041d\u0435 \u043f\u0440\u043e\u0434\u0430\u0435\u0442\u0441\u044f \u043b\u0438\u0446\u0430\u043c \u043c\u043b\u0430\u0434\u0448\u0435 18 \u043b\u0435\u0442.<br data-start=\"1110\" data-end=\"1113\" \/>Laikymas: laikyti sausoje vietoje, toliau nuo \u0161ilumos \u0161altini\u0173 ir vaikams nepasiekiamoje vietoje.<br data-start=\"1210\" data-end=\"1213\" \/>\u0421\u0442\u0440\u0430\u043d\u0430 \u043f\u0440\u043e\u0438\u0441\u0445\u043e\u0436\u0434\u0435\u043d\u0438\u044f: \u0418\u0442\u0430\u043b\u0438\u044f<\/p>\n<p data-start=\"1236\" data-end=\"1462\">\u0425\u043e\u0442\u0438\u0442\u0435 \u0441\u0442\u0430\u0442\u044c \u043d\u0435\u0437\u0430\u0432\u0438\u0441\u0438\u043c\u044b\u043c \u0434\u0438\u0441\u0442\u0440\u0438\u0431\u044c\u044e\u0442\u043e\u0440\u043e\u043c \u0438\u043b\u0438 \u0444\u0440\u0430\u043d\u0447\u0430\u0439\u0437\u0438\u043d\u0433\u043e\u0432\u044b\u043c \u043f\u0430\u0440\u0442\u043d\u0435\u0440\u043e\u043c?<br data-start=\"1299\" data-end=\"1302\" \/>Ma\u017ei minimal\u016bs kiekiai, auk\u0161ta kokyb\u0117 ir kainos, pritaikytos j\u016bs\u0173 poreikiams. Prisijunkite prie m\u016bs\u0173 Cash &amp; Carry programos arba susisiekite: <a class=\"decorated-link cursor-pointer\" rel=\"noopener\" data-start=\"1444\" data-end=\"1462\">biz@cbditaly.store<\/a><\/p>","protected":false},"excerpt":{"rendered":"<p>Kanapi\u0173 \u017eiedai LEMON HAZE CBD 21%<br \/>\nPrieinama pakuot\u0117se: 2g, 3g, 5g, 10g, 20g, 50g, 100g.<\/p>","protected":false},"featured_media":567,"comment_status":"closed","ping_status":"closed","template":"","meta":{"_joinchat":[]},"product_cat":[26,105],"product_tag":[],"tiered_pricing_type":"fixed","tiered_pricing_fixed_rules":{"2":7,"3":6,"5":5,"10":4,"20":3.5,"50":3,"100":2.5,"1000":2},"tiered_pricing_product_settings":{"layout":"default","base_unit_name":{"singular":null,"plural":null},"default_variation":null},"tiered_pricing_minimum_quantity":null,"tiered_pricing_roles_data":[],"tiered_pricing_percentage_rules":[],"tiered_pricing_maximum_quantity":null,"tiered_pricing_quantity_step":null,"_links":{"self":[{"href":"https:\/\/cbditaly.lt\/ru\/wp-json\/wp\/v2\/product\/1096"}],"collection":[{"href":"https:\/\/cbditaly.lt\/ru\/wp-json\/wp\/v2\/product"}],"about":[{"href":"https:\/\/cbditaly.lt\/ru\/wp-json\/wp\/v2\/types\/product"}],"replies":[{"embeddable":true,"href":"https:\/\/cbditaly.lt\/ru\/wp-json\/wp\/v2\/comments?post=1096"}],"wp:featuredmedia":[{"embeddable":true,"href":"https:\/\/cbditaly.lt\/ru\/wp-json\/wp\/v2\/media\/567"}],"wp:attachment":[{"href":"https:\/\/cbditaly.lt\/ru\/wp-json\/wp\/v2\/media?parent=1096"}],"wp:term":[{"taxonomy":"product_cat","embeddable":true,"href":"https:\/\/cbditaly.lt\/ru\/wp-json\/wp\/v2\/product_cat?post=1096"},{"taxonomy":"product_tag","embeddable":true,"href":"https:\/\/cbditaly.lt\/ru\/wp-json\/wp\/v2\/product_tag?post=1096"}],"curies":[{"name":"wp","href":"https:\/\/api.w.org\/{rel}","templated":true}]}}