{"id":110,"date":"2024-04-11T22:03:16","date_gmt":"2024-04-11T22:03:16","guid":{"rendered":"https:\/\/cbditaly.lt\/?post_type=product&#038;p=110"},"modified":"2024-04-25T03:26:15","modified_gmt":"2024-04-25T00:26:15","slug":"cbd-izoliatas-99-5-gryno-kanabidiolio-2g","status":"publish","type":"product","link":"https:\/\/cbditaly.lt\/ru\/product\/cbd-izoliatas-99-5-gryno-kanabidiolio-2g\/","title":{"rendered":"CBD IZOLIATAS 99.5% gryno kanabidiolio 2g"},"content":{"rendered":"<p><strong>99.5% gryno kanabidiolio CBD IZOLIATAS<\/strong><\/p>\n<p>CBD kristalai, taip pat \u017einomi kaip CBD izoliato kristalai, yra labai grynintas kanabidiolio (CBD) pavidalas. Jie gaunami i\u0161traukiant CBD i\u0161 kanapi\u0173 augalo, o paskui j\u012f valant, kad b\u016bt\u0173 pa\u0161alinti visi kiti augal\u0173 junginiai, \u012fskaitant kitus kanabinoidus, terpenus ir bet kokius THC (tetrahidrokanabinolio) p\u0117dsakus. Rezultatas yra produktas, kurio sud\u0117tyje yra daugiausia gryno CBD kristalin\u0117je formoje.<\/p>\n<p>CBD kristal\u0173 svarbios savyb\u0117s:<\/p>\n<ol>\n<li><strong>Grynumas<\/strong>: CBD kristalai paprastai yra 99% gryno CBD arba didesni, tod\u0117l tai viena i\u0161 gryniausi\u0173 CBD form\u0173.<\/li>\n<li><strong>Be skonio ir kvapo<\/strong>: Jie neturi skonio ir kvapo, kas gali b\u016bti pageidaujama tiems, kurie nori i\u0161vengti pilno spektro CBD produkt\u0173 \u017eemi\u0161ko skonio.<\/li>\n<li><strong>Be THC<\/strong>: CBD kristaluose n\u0117ra THC, tod\u0117l jie nesukelia psichoaktyvi\u0173 efekt\u0173.<\/li>\n<li><strong>Universalumas<\/strong>: Jie gali b\u016bti naudojami \u012fvairiais b\u016bdais, pavyzd\u017eiui, mai\u0161ant su ne\u0161iklio aliejais CBD tinkt\u016br\u0173 k\u016brimui, \u012fdedant \u012f maist\u0105 ir g\u0117rimus arba net garinimui ar dabingui greitesniems efektams gauti.<\/li>\n<li><strong>Tiksli dozavimas<\/strong>: D\u0117l didelio grynumo lengva i\u0161matuoti ir kontroliuoti tiksli\u0105 CBD doz\u0119, kai naudojate kristalus.<\/li>\n<\/ol>\n<p>CBD kristalai yra populiar\u016bs tarp \u017emoni\u0173, kurie nori patirti galimas CBD naudas, nevartodami kit\u0173 kanapi\u0173 augalo jungini\u0173. Da\u017enai juos renkasi \u017emon\u0117s, kurie reguliariai atlieka narkotik\u0173 testus ir nori u\u017etikrinti, kad nevartot\u0173 THC. Ta\u010diau reikia prisiminti, kad kai kurie vartotojai teikia pirmenyb\u0119 pilno spektro ar pla\u010diojo spektro CBD produktams, nes jie tiki \u201ekompaniono efektu\u201c, kai augalo \u012fvair\u016bs junginiai sinergi\u0161kai dirba kartu, kad padidint\u0173 bendr\u0105 naud\u0105.<\/p>\n<p>Pagaminta ES. Organic CBDITALY (HU) &#8211; skirta laboratoriniams ir moksliniams tyrimams universitetuose ir kitose mokslin\u0117se institucijose. Laikyti vaikams nepasiekiamoje vietoje.<\/p>\n<p>\u041e\u043f\u0442\u043e\u0432\u0430\u044f \u043f\u0440\u043e\u0434\u0430\u0436\u0430 \u0434\u043b\u044f \u041b\u0438\u0442\u0432\u044b: <a href=\"http:\/\/www.cbditaly.store\/\" target=\"_new\" rel=\"noopener\">www.cbditaly.store<\/a><\/p>","protected":false},"excerpt":{"rendered":"<p>99.5% gryno kanabidiolio CBD IZOLIATAS<br \/>\nPrieinama pakuot\u0117se: 2g<\/p>","protected":false},"featured_media":145,"comment_status":"closed","ping_status":"closed","template":"","meta":{"_joinchat":[]},"product_cat":[19,20],"product_tag":[],"tiered_pricing_type":"fixed","tiered_pricing_fixed_rules":{"3":25,"5":20},"tiered_pricing_product_settings":{"layout":"default","base_unit_name":{"singular":null,"plural":null},"default_variation":null},"tiered_pricing_minimum_quantity":null,"tiered_pricing_roles_data":[],"tiered_pricing_percentage_rules":[],"tiered_pricing_maximum_quantity":null,"tiered_pricing_quantity_step":null,"_links":{"self":[{"href":"https:\/\/cbditaly.lt\/ru\/wp-json\/wp\/v2\/product\/110"}],"collection":[{"href":"https:\/\/cbditaly.lt\/ru\/wp-json\/wp\/v2\/product"}],"about":[{"href":"https:\/\/cbditaly.lt\/ru\/wp-json\/wp\/v2\/types\/product"}],"replies":[{"embeddable":true,"href":"https:\/\/cbditaly.lt\/ru\/wp-json\/wp\/v2\/comments?post=110"}],"wp:featuredmedia":[{"embeddable":true,"href":"https:\/\/cbditaly.lt\/ru\/wp-json\/wp\/v2\/media\/145"}],"wp:attachment":[{"href":"https:\/\/cbditaly.lt\/ru\/wp-json\/wp\/v2\/media?parent=110"}],"wp:term":[{"taxonomy":"product_cat","embeddable":true,"href":"https:\/\/cbditaly.lt\/ru\/wp-json\/wp\/v2\/product_cat?post=110"},{"taxonomy":"product_tag","embeddable":true,"href":"https:\/\/cbditaly.lt\/ru\/wp-json\/wp\/v2\/product_tag?post=110"}],"curies":[{"name":"wp","href":"https:\/\/api.w.org\/{rel}","templated":true}]}}