{"id":1103,"date":"2025-08-28T03:01:54","date_gmt":"2025-08-28T00:01:54","guid":{"rendered":"https:\/\/cbditaly.lt\/?post_type=product&#038;p=1103"},"modified":"2026-02-10T18:27:51","modified_gmt":"2026-02-10T15:27:51","slug":"swiss-cheese-cbd-22","status":"publish","type":"product","link":"https:\/\/cbditaly.lt\/ru\/product\/swiss-cheese-cbd-22\/","title":{"rendered":"SWISS CHEESE CBD 22%"},"content":{"rendered":"<p data-start=\"40\" data-end=\"314\">Swiss Cheese \u2013 i\u0161skirtin\u0117 europieti\u0161kos kilm\u0117s kanapi\u0173 veisl\u0117, vertinama d\u0117l savo \u0161velnaus, kreminio aromatinio profilio ir tvarkingos \u017eied\u0173 strukt\u016bros. \u0160i CBD versija pasi\u017eymi iki 22 % CBD kiekiu ir 0 % THC, tod\u0117l atitinka kolekcinio ir profesionalaus pateikimo kriterijus.<\/p>\n<p data-start=\"558\" data-end=\"795\">Aromatas ir skonis:<br data-start=\"577\" data-end=\"580\" \/>Lengvas, \u0161iek tiek s\u016brio primenantis kvapas su \u017eoleli\u0173, rie\u0161ut\u0173 ir \u017eem\u0117s natomis. Skonis \u0161velnus, kreminis, turintis subtil\u0173 s\u016br\u0173 prieskon\u012f, i\u0161liekantis burnoje. Puikiai tinka vakariniam naudojimui arba meditacijai.<\/p>\n<p data-start=\"797\" data-end=\"993\">\u0425\u0430\u0440\u0430\u043a\u0442\u0435\u0440\u0438\u0441\u0442\u0438\u043a\u0438 \u0441\u043e\u0440\u0442\u0430:<br data-start=\"813\" data-end=\"816\" \/>CBD kiekis: 22 %<br data-start=\"832\" data-end=\"835\" \/>\u0421\u043e\u0434\u0435\u0440\u0436\u0430\u043d\u0438\u0435 THC: 0%<br data-start=\"880\" data-end=\"883\" \/>I\u0161vaizda: vidutinio dyd\u017eio, tank\u016bs ir lipn\u016bs \u017eiedai, \u0161viesiai \u017ealios spalvos su gausiais dervingais kristalais<\/p>\n<p data-start=\"995\" data-end=\"1065\">Produktas jau prekyboje \u2013 atrinktas rankomis ir kruop\u0161\u010diai supakuotas.<\/p>\n<p data-start=\"1067\" data-end=\"1343\">Produkto naudojimas: tik profesionaliam naudojimui arba kolekcionavimui. Ne vartoti \u017emon\u0117ms.<br data-start=\"1159\" data-end=\"1162\" \/>\u041e\u0433\u0440\u0430\u043d\u0438\u0447\u0435\u043d\u0438\u044f \u043f\u0440\u043e\u0434\u0430\u0436\u0438: \u041d\u0435 \u043f\u0440\u043e\u0434\u0430\u0435\u0442\u0441\u044f \u043b\u0438\u0446\u0430\u043c \u043c\u043b\u0430\u0434\u0448\u0435 18 \u043b\u0435\u0442.<br data-start=\"1219\" data-end=\"1222\" \/>Laikymas: laikyti sausoje vietoje, toliau nuo \u0161ilumos \u0161altini\u0173 ir vaikams nepasiekiamoje vietoje.<br data-start=\"1319\" data-end=\"1322\" \/>\u0421\u0442\u0440\u0430\u043d\u0430 \u043f\u0440\u043e\u0438\u0441\u0445\u043e\u0436\u0434\u0435\u043d\u0438\u044f: \u0418\u0442\u0430\u043b\u0438\u044f<\/p>\n<p data-start=\"1345\" data-end=\"1571\">\u0425\u043e\u0442\u0438\u0442\u0435 \u0441\u0442\u0430\u0442\u044c \u043d\u0435\u0437\u0430\u0432\u0438\u0441\u0438\u043c\u044b\u043c \u0434\u0438\u0441\u0442\u0440\u0438\u0431\u044c\u044e\u0442\u043e\u0440\u043e\u043c \u0438\u043b\u0438 \u0444\u0440\u0430\u043d\u0447\u0430\u0439\u0437\u0438\u043d\u0433\u043e\u0432\u044b\u043c \u043f\u0430\u0440\u0442\u043d\u0435\u0440\u043e\u043c?<br data-start=\"1408\" data-end=\"1411\" \/>Ma\u017ei minimal\u016bs kiekiai, auk\u0161ta kokyb\u0117 ir kainos, pritaikytos j\u016bs\u0173 poreikiams. Prisijunkite prie m\u016bs\u0173 Cash &amp; Carry programos arba susisiekite: <a class=\"decorated-link cursor-pointer\" rel=\"noopener\" data-start=\"1553\" data-end=\"1571\">biz@cbditaly.store<\/a><\/p>","protected":false},"excerpt":{"rendered":"<p>Kanapi\u0173 \u017eiedai SWISS CHEESE CBD 22%<br \/>\nPakuot\u0117s dyd\u017eiai: 2 g \u00b7 3 g \u00b7 5 g \u00b7 10 g \u00b7 20 g \u00b7 50 g \u00b7 100 g<\/p>\n<p data-start=\"199\" data-end=\"293\" data-is-last-node=\"\" data-is-only-node=\"\">","protected":false},"featured_media":1104,"comment_status":"closed","ping_status":"closed","template":"","meta":{"_joinchat":[]},"product_cat":[26,105],"product_tag":[],"tiered_pricing_type":"fixed","tiered_pricing_fixed_rules":{"2":8,"3":7,"5":6,"10":5,"20":4.5,"50":4,"100":3,"1000":2},"tiered_pricing_product_settings":{"layout":"default","base_unit_name":{"singular":null,"plural":null},"default_variation":null},"tiered_pricing_minimum_quantity":null,"tiered_pricing_roles_data":[],"tiered_pricing_percentage_rules":[],"tiered_pricing_maximum_quantity":null,"tiered_pricing_quantity_step":null,"_links":{"self":[{"href":"https:\/\/cbditaly.lt\/ru\/wp-json\/wp\/v2\/product\/1103"}],"collection":[{"href":"https:\/\/cbditaly.lt\/ru\/wp-json\/wp\/v2\/product"}],"about":[{"href":"https:\/\/cbditaly.lt\/ru\/wp-json\/wp\/v2\/types\/product"}],"replies":[{"embeddable":true,"href":"https:\/\/cbditaly.lt\/ru\/wp-json\/wp\/v2\/comments?post=1103"}],"wp:featuredmedia":[{"embeddable":true,"href":"https:\/\/cbditaly.lt\/ru\/wp-json\/wp\/v2\/media\/1104"}],"wp:attachment":[{"href":"https:\/\/cbditaly.lt\/ru\/wp-json\/wp\/v2\/media?parent=1103"}],"wp:term":[{"taxonomy":"product_cat","embeddable":true,"href":"https:\/\/cbditaly.lt\/ru\/wp-json\/wp\/v2\/product_cat?post=1103"},{"taxonomy":"product_tag","embeddable":true,"href":"https:\/\/cbditaly.lt\/ru\/wp-json\/wp\/v2\/product_tag?post=1103"}],"curies":[{"name":"wp","href":"https:\/\/api.w.org\/{rel}","templated":true}]}}