{"id":122,"date":"2024-04-11T22:03:17","date_gmt":"2024-04-11T22:03:17","guid":{"rendered":"https:\/\/cbditaly.lt\/?post_type=product&#038;p=122"},"modified":"2026-02-10T18:19:06","modified_gmt":"2026-02-10T15:19:06","slug":"lemon-hash-super-pollen-cbd-30-2g","status":"publish","type":"product","link":"https:\/\/cbditaly.lt\/ru\/product\/lemon-hash-super-pollen-cbd-30-2g\/","title":{"rendered":"Lemon hash Super Pollen CBD 30% 2g"},"content":{"rendered":"<p data-start=\"23\" data-end=\"67\"><strong data-start=\"23\" data-end=\"65\">Lemon Hash Super Pollen CBD 30% CBG 1%<\/strong><\/p>\n<p data-start=\"69\" data-end=\"485\">Presuotas Lemon Hash yra \u017eiedadulk\u0117s su visais nat\u016braliais terpenais. Jis pasi\u017eymi subtiliu aromatu ir skoniu, o visi ha\u0161i\u0161o kvapai i\u0161gaunami per pirm\u0105j\u012f plaktin\u012f su auk\u0161\u010diausios kokyb\u0117s CBD. \u0160i\u0173 \u017eiedadulki\u0173 spalva yra ry\u0161kiai \u017ealia. \u0160vie\u017eiai nuskint\u0173 g\u0117li\u0173 pumpurai paprastai b\u016bna tamsiai \u017ealios arba rudos spalvos. D\u0117l didelio CBD kiekio \u0161is ha\u0161i\u0161as pasi\u017eymi svarbiomis raminamosiomis ir analgezin\u0117mis savyb\u0117mis.<\/p>\n<p data-start=\"487\" data-end=\"502\"><strong data-start=\"487\" data-end=\"500\">(Italija)<\/strong><\/p>\n<p data-start=\"504\" data-end=\"576\">100% ekologi\u0161kos Lemon Skunk kanapi\u0173 \u017eiedadulk\u0117s \u2013 THC &lt;0.3% \u2013 CBD 30%<\/p>\n<p data-start=\"578\" data-end=\"649\" data-is-last-node=\"\" data-is-only-node=\"\"><strong data-start=\"578\" data-end=\"600\">\u041e\u043f\u0442\u043e\u0432\u0430\u044f \u043f\u0440\u043e\u0434\u0430\u0436\u0430 \u0434\u043b\u044f \u041b\u0438\u0442\u0432\u044b:<\/strong> <a href=\"https:\/\/www.cbditaly.store\" target=\"_new\" rel=\"noopener\" data-start=\"601\" data-end=\"649\" data-is-last-node=\"\">www.cbditaly.store<\/a><\/p>","protected":false},"excerpt":{"rendered":"<p data-start=\"0\" data-end=\"37\"><strong data-start=\"0\" data-end=\"35\">Lemon Hash Super Pollen CBD 30%<br \/>\n<\/strong>Galimi pakavimo dyd\u017eiai: 2g<\/p>","protected":false},"featured_media":161,"comment_status":"closed","ping_status":"closed","template":"","meta":{"_joinchat":[]},"product_cat":[105,23,20],"product_tag":[],"tiered_pricing_type":"fixed","tiered_pricing_fixed_rules":{"3":16},"tiered_pricing_product_settings":{"layout":"default","base_unit_name":{"singular":null,"plural":null},"default_variation":null},"tiered_pricing_minimum_quantity":null,"tiered_pricing_roles_data":[],"tiered_pricing_percentage_rules":[],"tiered_pricing_maximum_quantity":null,"tiered_pricing_quantity_step":null,"_links":{"self":[{"href":"https:\/\/cbditaly.lt\/ru\/wp-json\/wp\/v2\/product\/122"}],"collection":[{"href":"https:\/\/cbditaly.lt\/ru\/wp-json\/wp\/v2\/product"}],"about":[{"href":"https:\/\/cbditaly.lt\/ru\/wp-json\/wp\/v2\/types\/product"}],"replies":[{"embeddable":true,"href":"https:\/\/cbditaly.lt\/ru\/wp-json\/wp\/v2\/comments?post=122"}],"wp:featuredmedia":[{"embeddable":true,"href":"https:\/\/cbditaly.lt\/ru\/wp-json\/wp\/v2\/media\/161"}],"wp:attachment":[{"href":"https:\/\/cbditaly.lt\/ru\/wp-json\/wp\/v2\/media?parent=122"}],"wp:term":[{"taxonomy":"product_cat","embeddable":true,"href":"https:\/\/cbditaly.lt\/ru\/wp-json\/wp\/v2\/product_cat?post=122"},{"taxonomy":"product_tag","embeddable":true,"href":"https:\/\/cbditaly.lt\/ru\/wp-json\/wp\/v2\/product_tag?post=122"}],"curies":[{"name":"wp","href":"https:\/\/api.w.org\/{rel}","templated":true}]}}