{"id":1327,"date":"2025-12-11T04:29:57","date_gmt":"2025-12-11T01:29:57","guid":{"rendered":"https:\/\/cbditaly.lt\/?post_type=product&#038;p=1327"},"modified":"2026-02-09T18:40:24","modified_gmt":"2026-02-09T15:40:24","slug":"swiss-cheese-x-hhcp-m-60","status":"publish","type":"product","link":"https:\/\/cbditaly.lt\/ru\/product\/swiss-cheese-x-hhcp-m-60\/","title":{"rendered":"SWISS CHEESE X HHCP-M 60% 10g *OUTLET"},"content":{"rendered":"<p data-start=\"124\" data-end=\"188\">*OUTLET<\/p>\n<p data-start=\"124\" data-end=\"188\">Swiss Cheese x HHCP-M 60%<br data-start=\"153\" data-end=\"156\" \/>\u0421\u043e\u0434\u0435\u0440\u0436\u0430\u043d\u0438\u0435 THC: 0%<\/p>\n<p data-start=\"190\" data-end=\"636\">\u041e\u0431\u0437\u043e\u0440:<br data-start=\"203\" data-end=\"206\" \/>Swiss Cheese \u2013 kolekcionieri\u0173 vertinama kanapi\u0173 veisl\u0117, i\u0161siskirianti ai\u0161kiai atpa\u017e\u012fstamu, nat\u016braliai \u201es\u016briu\u201c aromatiniu profiliu. \u0160i speciali versija papildyta pa\u017eangia HHCP-M molekule, kuri laikoma vienu i\u0161 naujos kartos technini\u0173 kanapi\u0173 jungini\u0173, suteikian\u010di\u0173 produktui vizualinio ir mokslinio i\u0161skirtinumo. Kompakti\u0161ka bei tvarkinga strukt\u016bra daro \u0161\u012f variant\u0105 puikiai tinkam\u0105 profesionalioms kolekcijoms ir ekspozicijoms.<\/p>\n<p data-start=\"638\" data-end=\"870\">\u0410\u0440\u043e\u043c\u0430\u0442 \u0438 \u0432\u043d\u0435\u0448\u043d\u0438\u0439 \u0432\u0438\u0434:<br data-start=\"663\" data-end=\"666\" \/>Aromate juntamos ry\u0161kios s\u016brio ir \u017eemi\u0161kos natos, su subtiliu kreminiu fonu. \u017diedai tank\u016bs, dervingi, ry\u0161kiai \u017eali, persipyn\u0119 su oran\u017einiais plaukeliais, tod\u0117l atrodo vizualiai i\u0161skirtiniai ir patraukl\u016bs.<\/p>\n<p data-start=\"872\" data-end=\"1006\">\u0425\u0430\u0440\u0430\u043a\u0442\u0435\u0440\u0438\u0441\u0442\u0438\u043a\u0438:<br data-start=\"884\" data-end=\"887\" \/>\u2022 HHCP-M: \u0434\u043e 60%<br data-start=\"905\" data-end=\"908\" \/>\u2022 THC: 0%<br data-start=\"949\" data-end=\"952\" \/>\u2022 Stabilus, vizualiai esteti\u0161kas morfologinis profilis<\/p>\n<p data-start=\"1008\" data-end=\"1312\">\u041d\u0430\u0437\u043d\u0430\u0447\u0435\u043d\u0438\u0435 \u043f\u0440\u043e\u0434\u0443\u043a\u0442\u0430: \u0422\u043e\u043b\u044c\u043a\u043e \u0434\u043b\u044f \u043f\u0440\u043e\u0444\u0435\u0441\u0441\u0438\u043e\u043d\u0430\u043b\u044c\u043d\u043e\u0433\u043e \u0438\u0441\u043f\u043e\u043b\u044c\u0437\u043e\u0432\u0430\u043d\u0438\u044f \u0438\u043b\u0438 \u043a\u043e\u043b\u043b\u0435\u043a\u0446\u0438\u043e\u043d\u0438\u0440\u043e\u0432\u0430\u043d\u0438\u044f. \u041d\u0435 \u043f\u0440\u0435\u0434\u043d\u0430\u0437\u043d\u0430\u0447\u0435\u043d \u0434\u043b\u044f \u0443\u043f\u043e\u0442\u0440\u0435\u0431\u043b\u0435\u043d\u0438\u044f.<br data-start=\"1101\" data-end=\"1104\" \/>\u041e\u0433\u0440\u0430\u043d\u0438\u0447\u0435\u043d\u0438\u044f \u043f\u0440\u043e\u0434\u0430\u0436\u0438: \u041d\u0435 \u043f\u0440\u043e\u0434\u0430\u0435\u0442\u0441\u044f \u043b\u0438\u0446\u0430\u043c \u043c\u043b\u0430\u0434\u0448\u0435 18 \u043b\u0435\u0442.<br data-start=\"1163\" data-end=\"1166\" \/>Laikymas: laikyti v\u0117sioje, sausoje vietoje, apsaugotoje nuo \u0161ilumos \u0161altini\u0173 ir vaikams nepasiekiamoje aplinkoje.<br data-start=\"1283\" data-end=\"1286\" \/>\u0421\u0442\u0440\u0430\u043d\u0430 \u043f\u0440\u043e\u0438\u0441\u0445\u043e\u0436\u0434\u0435\u043d\u0438\u044f: \u0418\u0442\u0430\u043b\u0438\u044f.<\/p>\n<p data-start=\"1314\" data-end=\"1506\"><strong data-start=\"1314\" data-end=\"1351\">\u041e\u043f\u0442\u043e\u0432\u0430\u044f \u0442\u043e\u0440\u0433\u043e\u0432\u043b\u044f \u0438 \u043f\u0430\u0440\u0442\u043d\u0435\u0440\u0441\u0442\u0432\u043e:<\/strong><br data-start=\"1351\" data-end=\"1354\" \/>\u0425\u043e\u0442\u0438\u0442\u0435 \u0441\u0442\u0430\u0442\u044c \u043d\u0435\u0437\u0430\u0432\u0438\u0441\u0438\u043c\u044b\u043c \u0434\u0438\u0441\u0442\u0440\u0438\u0431\u044c\u044e\u0442\u043e\u0440\u043e\u043c \u0438\u043b\u0438 \u0444\u0440\u0430\u043d\u0447\u0430\u0439\u0437\u0438\u043d\u0433\u043e\u0432\u044b\u043c \u043f\u0430\u0440\u0442\u043d\u0435\u0440\u043e\u043c?<br data-start=\"1417\" data-end=\"1420\" \/>\u041c\u044b \u043f\u0440\u0435\u0434\u043b\u0430\u0433\u0430\u0435\u043c \u043d\u0435\u0431\u043e\u043b\u044c\u0448\u0438\u0435 \u043c\u0438\u043d\u0438\u043c\u0430\u043b\u044c\u043d\u044b\u0435 \u043e\u0431\u044a\u0435\u043c\u044b, \u0432\u044b\u0441\u043e\u043a\u043e\u0435 \u043a\u0430\u0447\u0435\u0441\u0442\u0432\u043e \u0438 \u0433\u0438\u0431\u043a\u0438\u0435 \u0443\u0441\u043b\u043e\u0432\u0438\u044f \u0441\u043e\u0442\u0440\u0443\u0434\u043d\u0438\u0447\u0435\u0441\u0442\u0432\u0430.<\/p>\n<p data-start=\"1508\" data-end=\"1595\">Prisijunkite prie m\u016bs\u0173 <strong data-start=\"1531\" data-end=\"1547\">Cash &amp; Carry<\/strong> programos arba ra\u0161ykite: <strong data-start=\"1573\" data-end=\"1595\"><a class=\"decorated-link cursor-pointer\" rel=\"noopener\" data-start=\"1575\" data-end=\"1593\">biz@cbditaly.store<\/a><\/strong><\/p>","protected":false},"excerpt":{"rendered":"<p>Kanapi\u0173 \u017eiedai SWISS CHEESE x HHCP-M 60% 10g *OUTLET<br data-start=\"138\" data-end=\"141\" \/>Pakuot\u0117s dyd\u017eiai: 2 g \u00b7 3 g \u00b7 5 g \u00b7 10 g \u00b7 20 g \u00b7 50 g \u00b7 100 g<\/p>","protected":false},"featured_media":1654,"comment_status":"closed","ping_status":"closed","template":"","meta":{"_joinchat":[]},"product_cat":[27],"product_tag":[],"tiered_pricing_type":"fixed","tiered_pricing_fixed_rules":[],"tiered_pricing_product_settings":{"layout":"default","base_unit_name":{"singular":null,"plural":null},"default_variation":null},"tiered_pricing_minimum_quantity":null,"tiered_pricing_roles_data":[],"tiered_pricing_percentage_rules":[],"tiered_pricing_maximum_quantity":null,"tiered_pricing_quantity_step":null,"_links":{"self":[{"href":"https:\/\/cbditaly.lt\/ru\/wp-json\/wp\/v2\/product\/1327"}],"collection":[{"href":"https:\/\/cbditaly.lt\/ru\/wp-json\/wp\/v2\/product"}],"about":[{"href":"https:\/\/cbditaly.lt\/ru\/wp-json\/wp\/v2\/types\/product"}],"replies":[{"embeddable":true,"href":"https:\/\/cbditaly.lt\/ru\/wp-json\/wp\/v2\/comments?post=1327"}],"wp:featuredmedia":[{"embeddable":true,"href":"https:\/\/cbditaly.lt\/ru\/wp-json\/wp\/v2\/media\/1654"}],"wp:attachment":[{"href":"https:\/\/cbditaly.lt\/ru\/wp-json\/wp\/v2\/media?parent=1327"}],"wp:term":[{"taxonomy":"product_cat","embeddable":true,"href":"https:\/\/cbditaly.lt\/ru\/wp-json\/wp\/v2\/product_cat?post=1327"},{"taxonomy":"product_tag","embeddable":true,"href":"https:\/\/cbditaly.lt\/ru\/wp-json\/wp\/v2\/product_tag?post=1327"}],"curies":[{"name":"wp","href":"https:\/\/api.w.org\/{rel}","templated":true}]}}