{"id":1415,"date":"2025-12-11T04:31:41","date_gmt":"2025-12-11T01:31:41","guid":{"rendered":"https:\/\/cbditaly.lt\/?post_type=product&#038;p=1415"},"modified":"2026-02-09T18:38:03","modified_gmt":"2026-02-09T15:38:03","slug":"ak47-x-hhcp-m-60-10g-outlet","status":"publish","type":"product","link":"https:\/\/cbditaly.lt\/ru\/product\/ak47-x-hhcp-m-60-10g-outlet\/","title":{"rendered":"AK47 X HHCP-M 60% 10g *OUTLET"},"content":{"rendered":"<p data-start=\"89\" data-end=\"145\">*OUTLET<\/p>\n<p data-start=\"89\" data-end=\"145\">AK47 x HHCP-M 60% 10g<br data-start=\"110\" data-end=\"113\" \/>\u0421\u043e\u0434\u0435\u0440\u0436\u0430\u043d\u0438\u0435 THC: 0%<\/p>\n<p data-start=\"147\" data-end=\"545\">\u041e\u0431\u0437\u043e\u0440:<br data-start=\"160\" data-end=\"163\" \/>AK-47 \u2013 viena \u017einomiausi\u0173 klasikin\u0117s kanapi\u0173 genetikos veisli\u0173, vertinama d\u0117l stabilumo ir lengvai atpa\u017e\u012fstamos i\u0161vaizdos. \u0160i specialioji versija papildyta pa\u017eangia HHCP-M molekule, kuri sustiprina veisl\u0117s vizualin\u012f intensyvum\u0105 ir i\u0161ry\u0161kina modern\u0173, mokslin\u012f po\u017ei\u016br\u012f \u012f selekcij\u0105. Tai patikimas pasirinkimas kolekcionieriams ir profesionalams, vertinantiems tikslum\u0105 ir estetik\u0105.<\/p>\n<p data-start=\"547\" data-end=\"836\">\u0410\u0440\u043e\u043c\u0430\u0442 \u0438 \u0432\u043d\u0435\u0448\u043d\u0438\u0439 \u0432\u0438\u0434:<br data-start=\"572\" data-end=\"575\" \/>Aromate juntami \u017eoleli\u0173 ir lengvo prieskoni\u0161kumo tonai, papildyti subtilia saldumo nata. \u017diedai tank\u016bs, dervingi, nuo tamsiai \u017ealios iki alyvuogi\u0173 spalvos, padengti rausvais plaukeliais ir smulkiais kristalais \u2013 tai suteikia jiems i\u0161rai\u0161king\u0105, detali\u0105 i\u0161vaizd\u0105.<\/p>\n<p data-start=\"838\" data-end=\"1020\">\u0425\u0430\u0440\u0430\u043a\u0442\u0435\u0440\u0438\u0441\u0442\u0438\u043a\u0438 \u0441\u043e\u0440\u0442\u0430:<br data-start=\"858\" data-end=\"861\" \/>\u2022 HHCP-M: \u0434\u043e 60%<br data-start=\"879\" data-end=\"882\" \/>\u2022 \u0421\u043e\u0434\u0435\u0440\u0436\u0430\u043d\u0438\u0435 THC: 0%<br data-start=\"930\" data-end=\"933\" \/>\u2022 Tvirtas augala\u0328 atspindintis morfologinis stabilumas ir ai\u0161kus vizualinis identitetas<\/p>\n<p data-start=\"1022\" data-end=\"1314\">\u041d\u0430\u0437\u043d\u0430\u0447\u0435\u043d\u0438\u0435 \u043f\u0440\u043e\u0434\u0443\u043a\u0442\u0430: \u0422\u043e\u043b\u044c\u043a\u043e \u0434\u043b\u044f \u043f\u0440\u043e\u0444\u0435\u0441\u0441\u0438\u043e\u043d\u0430\u043b\u044c\u043d\u043e\u0433\u043e \u0438\u0441\u043f\u043e\u043b\u044c\u0437\u043e\u0432\u0430\u043d\u0438\u044f \u0438\u043b\u0438 \u043a\u043e\u043b\u043b\u0435\u043a\u0446\u0438\u043e\u043d\u0438\u0440\u043e\u0432\u0430\u043d\u0438\u044f. \u041d\u0435 \u043f\u0440\u0435\u0434\u043d\u0430\u0437\u043d\u0430\u0447\u0435\u043d \u0434\u043b\u044f \u0443\u043f\u043e\u0442\u0440\u0435\u0431\u043b\u0435\u043d\u0438\u044f.<br data-start=\"1116\" data-end=\"1119\" \/>\u041e\u0433\u0440\u0430\u043d\u0438\u0447\u0435\u043d\u0438\u044f \u043f\u0440\u043e\u0434\u0430\u0436\u0438: \u041d\u0435 \u043f\u0440\u043e\u0434\u0430\u0435\u0442\u0441\u044f \u043b\u0438\u0446\u0430\u043c \u043c\u043b\u0430\u0434\u0448\u0435 18 \u043b\u0435\u0442.<br data-start=\"1178\" data-end=\"1181\" \/>Laikymas: Laikyti sausoje vietoje, atokiau nuo \u0161ilumos \u0161altini\u0173 ir vaikams nepasiekiamoje aplinkoje.<br data-start=\"1285\" data-end=\"1288\" \/>\u0421\u0442\u0440\u0430\u043d\u0430 \u043f\u0440\u043e\u0438\u0441\u0445\u043e\u0436\u0434\u0435\u043d\u0438\u044f: \u0418\u0442\u0430\u043b\u0438\u044f.<\/p>\n<p data-start=\"1316\" data-end=\"1530\">\u0425\u043e\u0442\u0438\u0442\u0435 \u0441\u0442\u0430\u0442\u044c \u043d\u0435\u0437\u0430\u0432\u0438\u0441\u0438\u043c\u044b\u043c \u0434\u0438\u0441\u0442\u0440\u0438\u0431\u044c\u044e\u0442\u043e\u0440\u043e\u043c \u0438\u043b\u0438 \u0444\u0440\u0430\u043d\u0447\u0430\u0439\u0437\u0438\u043d\u0433\u043e\u0432\u044b\u043c \u043f\u0430\u0440\u0442\u043d\u0435\u0440\u043e\u043c?<br data-start=\"1381\" data-end=\"1384\" \/>Si\u016blome ma\u017eus minimalius kiekius, auk\u0161t\u0105 kokyb\u0119 ir lankst\u0173 kainodar\u0105!<br data-start=\"1453\" data-end=\"1456\" \/>Prisijunk prie m\u016bs\u0173 Cash &amp; Carry arba susisiek: <a class=\"decorated-link cursor-pointer\" rel=\"noopener\" data-start=\"1510\" data-end=\"1528\">biz@cbditaly.store<\/a><\/p>","protected":false},"excerpt":{"rendered":"<p>AK47 x HHCP-M 60% 10g *OUTLET<br data-start=\"128\" data-end=\"131\" \/>Pakuot\u0117s dyd\u017eiai: 2 g \u00b7 3 g \u00b7 5 g \u00b7 10 g \u00b7 20 g \u00b7 50 g \u00b7 100 g<\/p>","protected":false},"featured_media":1645,"comment_status":"closed","ping_status":"closed","template":"","meta":{"_joinchat":[]},"product_cat":[27],"product_tag":[],"tiered_pricing_type":"fixed","tiered_pricing_fixed_rules":[],"tiered_pricing_product_settings":{"layout":"default","base_unit_name":{"singular":null,"plural":null},"default_variation":null},"tiered_pricing_minimum_quantity":null,"tiered_pricing_roles_data":[],"tiered_pricing_percentage_rules":[],"tiered_pricing_maximum_quantity":null,"tiered_pricing_quantity_step":null,"_links":{"self":[{"href":"https:\/\/cbditaly.lt\/ru\/wp-json\/wp\/v2\/product\/1415"}],"collection":[{"href":"https:\/\/cbditaly.lt\/ru\/wp-json\/wp\/v2\/product"}],"about":[{"href":"https:\/\/cbditaly.lt\/ru\/wp-json\/wp\/v2\/types\/product"}],"replies":[{"embeddable":true,"href":"https:\/\/cbditaly.lt\/ru\/wp-json\/wp\/v2\/comments?post=1415"}],"wp:featuredmedia":[{"embeddable":true,"href":"https:\/\/cbditaly.lt\/ru\/wp-json\/wp\/v2\/media\/1645"}],"wp:attachment":[{"href":"https:\/\/cbditaly.lt\/ru\/wp-json\/wp\/v2\/media?parent=1415"}],"wp:term":[{"taxonomy":"product_cat","embeddable":true,"href":"https:\/\/cbditaly.lt\/ru\/wp-json\/wp\/v2\/product_cat?post=1415"},{"taxonomy":"product_tag","embeddable":true,"href":"https:\/\/cbditaly.lt\/ru\/wp-json\/wp\/v2\/product_tag?post=1415"}],"curies":[{"name":"wp","href":"https:\/\/api.w.org\/{rel}","templated":true}]}}