{"id":1420,"date":"2025-12-11T04:31:42","date_gmt":"2025-12-11T01:31:42","guid":{"rendered":"https:\/\/cbditaly.lt\/?post_type=product&#038;p=1420"},"modified":"2025-12-11T04:59:37","modified_gmt":"2025-12-11T01:59:37","slug":"hibiskas-25-g","status":"publish","type":"product","link":"https:\/\/cbditaly.lt\/ru\/product\/hibiskas-25-g\/","title":{"rendered":"Hibiskas \u2013 25 g"},"content":{"rendered":"<p data-start=\"72\" data-end=\"91\"><strong data-start=\"72\" data-end=\"91\">Hibiskas \u2013 25 g<\/strong><\/p>\n<p data-start=\"93\" data-end=\"339\">M\u016bs\u0173 hibiskas sudarytas i\u0161 kruop\u0161\u010diai atrinkt\u0173 \u017eied\u0173, apdorot\u0173 taip, kad i\u0161laikyt\u0173 intensyvi\u0105 spalv\u0105 ir nat\u016braliai vaisi\u0161k\u0105 aromat\u0105. Patogiose 25 g pakuot\u0117se pateikiamas produktas puikiai tinka tiems, kurie vertina tradicin\u0119 ir kokybi\u0161k\u0105 \u017ealiav\u0105.<\/p>\n<p data-start=\"341\" data-end=\"513\">D\u0117l savo universalumo hibiskas tinka kolekcionavimui, degustacijai ar naudojimui rank\u0173 darbo gaminiuose. Pakuojamas taip, kad b\u016bt\u0173 u\u017etikrintas \u0161vie\u017eumas ir vientisa kokyb\u0117.<\/p>\n<p data-start=\"515\" data-end=\"546\"><strong data-start=\"515\" data-end=\"527\">Didmena:<\/strong> <a class=\"decorated-link\" href=\"http:\/\/www.cbditaly.store\" target=\"_new\" rel=\"noopener\" data-start=\"528\" data-end=\"546\">www.cbditaly.store<\/a><\/p>","protected":false},"excerpt":{"rendered":"<p>Hibiskas \u2013 25 g<\/p>","protected":false},"featured_media":1439,"comment_status":"closed","ping_status":"closed","template":"","meta":{"_joinchat":[]},"product_cat":[56,22],"product_tag":[],"tiered_pricing_type":"fixed","tiered_pricing_fixed_rules":{"3":6},"tiered_pricing_product_settings":{"layout":"default","base_unit_name":{"singular":null,"plural":null},"default_variation":null},"tiered_pricing_minimum_quantity":null,"tiered_pricing_roles_data":[],"tiered_pricing_percentage_rules":[],"tiered_pricing_maximum_quantity":null,"tiered_pricing_quantity_step":null,"_links":{"self":[{"href":"https:\/\/cbditaly.lt\/ru\/wp-json\/wp\/v2\/product\/1420"}],"collection":[{"href":"https:\/\/cbditaly.lt\/ru\/wp-json\/wp\/v2\/product"}],"about":[{"href":"https:\/\/cbditaly.lt\/ru\/wp-json\/wp\/v2\/types\/product"}],"replies":[{"embeddable":true,"href":"https:\/\/cbditaly.lt\/ru\/wp-json\/wp\/v2\/comments?post=1420"}],"wp:featuredmedia":[{"embeddable":true,"href":"https:\/\/cbditaly.lt\/ru\/wp-json\/wp\/v2\/media\/1439"}],"wp:attachment":[{"href":"https:\/\/cbditaly.lt\/ru\/wp-json\/wp\/v2\/media?parent=1420"}],"wp:term":[{"taxonomy":"product_cat","embeddable":true,"href":"https:\/\/cbditaly.lt\/ru\/wp-json\/wp\/v2\/product_cat?post=1420"},{"taxonomy":"product_tag","embeddable":true,"href":"https:\/\/cbditaly.lt\/ru\/wp-json\/wp\/v2\/product_tag?post=1420"}],"curies":[{"name":"wp","href":"https:\/\/api.w.org\/{rel}","templated":true}]}}