{"id":1445,"date":"2025-12-11T04:33:33","date_gmt":"2025-12-11T01:33:33","guid":{"rendered":"https:\/\/cbditaly.lt\/?post_type=product&#038;p=1445"},"modified":"2026-04-05T15:57:08","modified_gmt":"2026-04-05T12:57:08","slug":"xxl-ice-cream-joint-x-thcvo-60-3-vnt-rinkinys-4-g","status":"publish","type":"product","link":"https:\/\/cbditaly.lt\/ru\/product\/xxl-ice-cream-joint-x-thcvo-60-3-vnt-rinkinys-4-g\/","title":{"rendered":"XXL Ice Cream Joint X THCVO 60% \u2013 3 vnt. rinkinys (4 g)"},"content":{"rendered":"<div class=\"relative basis-auto flex-col -mb-(--composer-overlap-px) [--composer-overlap-px:28px] grow flex\">\n<div class=\"flex flex-col text-sm @w-xl\/main:pt-header-height pb-25\">\n<article class=\"text-token-text-primary w-full focus:outline-none [--shadow-height:45px] has-data-writing-block:pointer-events-none has-data-writing-block:-mt-(--shadow-height) has-data-writing-block:pt-(--shadow-height) [&amp;:has([data-writing-block])&gt;*]:pointer-events-auto scroll-mt-[calc(var(--header-height)+min(200px,max(70px,20svh)))]\" dir=\"auto\" tabindex=\"-1\" data-turn-id=\"request-WEB:5b30ea30-fdfb-4157-94cc-a2b02601addb-4\" data-testid=\"conversation-turn-10\" data-scroll-anchor=\"true\" data-turn=\"assistant\">\n<div class=\"text-base my-auto mx-auto pb-10 [--thread-content-margin:--spacing(4)] @w-sm\/main:[--thread-content-margin:--spacing(6)] @w-lg\/main:[--thread-content-margin:--spacing(16)] px-(--thread-content-margin)\">\n<div class=\"[--thread-content-max-width:40rem] @w-lg\/main:[--thread-content-max-width:48rem] mx-auto max-w-(--thread-content-max-width) flex-1 group\/turn-messages focus-visible:outline-hidden relative flex w-full min-w-0 flex-col agent-turn\" tabindex=\"-1\">\n<div class=\"flex max-w-full flex-col grow\">\n<div class=\"min-h-8 text-message relative flex w-full flex-col items-end gap-2 text-start break-words whitespace-normal [.text-message+&amp;]:mt-1\" dir=\"auto\" data-message-author-role=\"assistant\" data-message-id=\"0ad68102-3d8d-4cc3-b782-13469dbbb3de\" data-message-model-slug=\"gpt-5-2\">\n<div class=\"flex w-full flex-col gap-1 empty:hidden first:pt-[1px]\">\n<div class=\"markdown prose dark:prose-invert w-full break-words light markdown-new-styling\">\n<p data-start=\"0\" data-end=\"53\">XXL Ice Cream Joint X THCVO 60% \u2013 3 vnt. rinkinys (4 g)<\/p>\n<p data-start=\"55\" data-end=\"439\">Atraskite i\u0161skirtin\u0119 kolekcinio lygio kokyb\u0119 su m\u016bs\u0173 Ice Cream joint\u2019\u0173 3 pakuote. Kiekvienas kruop\u0161\u010diai pagamintas 1,33 gramo joint\u2019as pasi\u017eymi esteti\u0161ku u\u017ebaigimu ir sald\u017eiu, kremi\u0161ku aromatu su subtiliomis vanil\u0117s natomis. Pagaminta tik i\u0161 atrinkt\u0173 auk\u0161\u010diausios kokyb\u0117s \u017eied\u0173 ir susukta \u012f original\u0173 King Size RAW popieri\u0173 su filtru, u\u017etikrinant auk\u0161\u010diausios klas\u0117s i\u0161vaizd\u0105 ir apdail\u0105.<\/p>\n<p data-start=\"441\" data-end=\"480\">Ice Cream X THCVO 60%<br data-start=\"462\" data-end=\"465\" \/>\u0421\u043e\u0434\u0435\u0440\u0436\u0430\u043d\u0438\u0435 THC: 0%<\/p>\n<p data-start=\"482\" data-end=\"863\">\u041e\u0431\u0437\u043e\u0440:<br data-start=\"491\" data-end=\"494\" \/>Ice Cream \u2014 \u044d\u0441\u0442\u0435\u0442\u0438\u0447\u0435\u0441\u043a\u0438 \u044d\u043b\u0435\u0433\u0430\u043d\u0442\u043d\u044b\u0439 \u0441\u043e\u0440\u0442 \u043a\u0430\u043d\u043d\u0430\u0431\u0438\u0441\u0430, \u0446\u0435\u043d\u0438\u043c\u044b\u0439 \u0437\u0430 \u0432\u044b\u0440\u0430\u0437\u0438\u0442\u0435\u043b\u044c\u043d\u044b\u0439 \u0432\u043d\u0435\u0448\u043d\u0438\u0439 \u0432\u0438\u0434, \u0433\u0430\u0440\u043c\u043e\u043d\u0438\u0447\u043d\u0443\u044e \u0441\u0442\u0440\u0443\u043a\u0442\u0443\u0440\u0443 \u0438 \u0441\u043b\u0430\u0434\u043a\u0438\u0439 \u0430\u0440\u043e\u043c\u0430\u0442\u0438\u0447\u0435\u0441\u043a\u0438\u0439 \u043f\u0440\u043e\u0444\u0438\u043b\u044c. \u0414\u0430\u043d\u043d\u0430\u044f \u0441\u043f\u0435\u0446\u0438\u0430\u043b\u044c\u043d\u0430\u044f \u0432\u0435\u0440\u0441\u0438\u044f \u043e\u0431\u043e\u0433\u0430\u0449\u0435\u043d\u0430 \u0438\u043d\u043d\u043e\u0432\u0430\u0446\u0438\u043e\u043d\u043d\u043e\u0439 \u043c\u043e\u043b\u0435\u043a\u0443\u043b\u043e\u0439 THCVO, \u043f\u0440\u0438\u0434\u0430\u044e\u0449\u0435\u0439 \u0441\u043e\u0440\u0442\u0443 \u043d\u0430\u0443\u0447\u043d\u0443\u044e \u0443\u043d\u0438\u043a\u0430\u043b\u044c\u043d\u043e\u0441\u0442\u044c \u0438 \u0432\u0438\u0437\u0443\u0430\u043b\u044c\u043d\u0443\u044e \u0433\u043b\u0443\u0431\u0438\u043d\u0443 \u043f\u0440\u0435\u043c\u0438\u0443\u043c-\u043a\u043b\u0430\u0441\u0441\u0430. \u041f\u043e\u0434\u0445\u043e\u0434\u044f\u0449\u0438\u0439 \u0432\u044b\u0431\u043e\u0440 \u0434\u043b\u044f \u043f\u0440\u043e\u0444\u0435\u0441\u0441\u0438\u043e\u043d\u0430\u043b\u044c\u043d\u044b\u0445 \u043a\u043e\u043b\u043b\u0435\u043a\u0446\u0438\u043e\u043d\u0435\u0440\u043e\u0432 \u0438 \u043f\u0440\u0435\u0434\u0441\u0442\u0430\u0432\u0438\u0442\u0435\u043b\u044c\u0441\u043a\u0438\u0445 \u044d\u043a\u0441\u043f\u043e\u0437\u0438\u0446\u0438\u0439.<\/p>\n<p data-start=\"865\" data-end=\"1109\">\u0410\u0440\u043e\u043c\u0430\u0442 \u0438 \u0432\u043d\u0435\u0448\u043d\u0438\u0439 \u0432\u0438\u0434:<br data-start=\"886\" data-end=\"889\" \/>\u0421\u043b\u0430\u0434\u043a\u0438\u0439 \u0438 \u043a\u0440\u0435\u043c\u043e\u0432\u044b\u0439 \u0430\u0440\u043e\u043c\u0430\u0442 \u0441 \u0432\u0430\u043d\u0438\u043b\u044c\u043d\u044b\u043c\u0438 \u0438 \u0442\u043e\u043d\u043a\u0438\u043c\u0438 \u0444\u0440\u0443\u043a\u0442\u043e\u0432\u044b\u043c\u0438 \u043e\u0442\u0442\u0435\u043d\u043a\u0430\u043c\u0438. \u0421\u043e\u0446\u0432\u0435\u0442\u0438\u044f \u043f\u043b\u043e\u0442\u043d\u044b\u0435, \u0441\u043c\u043e\u043b\u0438\u0441\u0442\u044b\u0435, \u044f\u0440\u043a\u043e-\u0437\u0435\u043b\u0435\u043d\u044b\u0435, \u0441 \u043e\u0440\u0430\u043d\u0436\u0435\u0432\u044b\u043c\u0438 \u043f\u0435\u0441\u0442\u0438\u043a\u0430\u043c\u0438 \u0438 \u043a\u0440\u0438\u0441\u0442\u0430\u043b\u043b\u0438\u0447\u0435\u0441\u043a\u0438\u043c \u043f\u043e\u043a\u0440\u044b\u0442\u0438\u0435\u043c, \u043f\u043e\u0434\u0447\u0435\u0440\u043a\u0438\u0432\u0430\u044e\u0449\u0438\u043c \u0440\u043e\u0441\u043a\u043e\u0448\u043d\u044b\u0439 \u0432\u043d\u0435\u0448\u043d\u0438\u0439 \u0432\u0438\u0434 \u0441\u043e\u0440\u0442\u0430.<\/p>\n<p data-start=\"1111\" data-end=\"1219\">\u0425\u0430\u0440\u0430\u043a\u0442\u0435\u0440\u0438\u0441\u0442\u0438\u043a\u0438 \u0441\u043e\u0440\u0442\u0430:<br data-start=\"1127\" data-end=\"1130\" \/>THCVO: \u0434\u043e 60%<br data-start=\"1145\" data-end=\"1148\" \/>\u0421\u043e\u0434\u0435\u0440\u0436\u0430\u043d\u0438\u0435 THC: 0%<br data-start=\"1163\" data-end=\"1166\" \/>\u0421\u0442\u0430\u0431\u0438\u043b\u044c\u043d\u0430\u044f \u043c\u043e\u0440\u0444\u043e\u043b\u043e\u0433\u0438\u044f \u0438 \u0438\u0441\u043a\u043b\u044e\u0447\u0438\u0442\u0435\u043b\u044c\u043d\u043e \u043f\u0440\u0438\u0432\u043b\u0435\u043a\u0430\u0442\u0435\u043b\u044c\u043d\u044b\u0439 \u0432\u043d\u0435\u0448\u043d\u0438\u0439 \u0432\u0438\u0434<\/p>\n<p data-start=\"1221\" data-end=\"1500\">\u041d\u0430\u0437\u043d\u0430\u0447\u0435\u043d\u0438\u0435 \u043f\u0440\u043e\u0434\u0443\u043a\u0442\u0430: \u0422\u043e\u043b\u044c\u043a\u043e \u0434\u043b\u044f \u043f\u0440\u043e\u0444\u0435\u0441\u0441\u0438\u043e\u043d\u0430\u043b\u044c\u043d\u043e\u0433\u043e \u0438\u0441\u043f\u043e\u043b\u044c\u0437\u043e\u0432\u0430\u043d\u0438\u044f \u0438\u043b\u0438 \u043a\u043e\u043b\u043b\u0435\u043a\u0446\u0438\u043e\u043d\u0438\u0440\u043e\u0432\u0430\u043d\u0438\u044f. \u041d\u0435 \u043f\u0440\u0435\u0434\u043d\u0430\u0437\u043d\u0430\u0447\u0435\u043d \u0434\u043b\u044f \u0443\u043f\u043e\u0442\u0440\u0435\u0431\u043b\u0435\u043d\u0438\u044f \u0447\u0435\u043b\u043e\u0432\u0435\u043a\u043e\u043c.<br data-start=\"1314\" data-end=\"1317\" \/>\u041e\u0433\u0440\u0430\u043d\u0438\u0447\u0435\u043d\u0438\u044f \u043f\u0440\u043e\u0434\u0430\u0436\u0438: \u043d\u0435 \u043f\u0440\u043e\u0434\u0430\u0435\u0442\u0441\u044f \u043b\u0438\u0446\u0430\u043c \u043c\u043b\u0430\u0434\u0448\u0435 18 \u043b\u0435\u0442.<br \/>\n\u0425\u0440\u0430\u043d\u0435\u043d\u0438\u0435: \u0425\u0440\u0430\u043d\u0438\u0442\u044c \u0432 \u0441\u0443\u0445\u043e\u043c \u043c\u0435\u0441\u0442\u0435, \u0432\u0434\u0430\u043b\u0438 \u043e\u0442 \u0438\u0441\u0442\u043e\u0447\u043d\u0438\u043a\u043e\u0432 \u0442\u0435\u043f\u043b\u0430 \u0438 \u0432 \u043d\u0435\u0434\u043e\u0441\u0442\u0443\u043f\u043d\u043e\u043c \u0434\u043b\u044f \u0434\u0435\u0442\u0435\u0439 \u043c\u0435\u0441\u0442\u0435.<br data-start=\"1475\" data-end=\"1478\" \/>\u0421\u0442\u0440\u0430\u043d\u0430 \u043f\u0440\u043e\u0438\u0441\u0445\u043e\u0436\u0434\u0435\u043d\u0438\u044f: \u0418\u0442\u0430\u043b\u0438\u044f.<\/p>\n<p data-start=\"1502\" data-end=\"1726\" data-is-last-node=\"\" data-is-only-node=\"\">\u0425\u043e\u0442\u0438\u0442\u0435 \u0441\u0442\u0430\u0442\u044c \u043d\u0435\u0437\u0430\u0432\u0438\u0441\u0438\u043c\u044b\u043c \u0434\u0438\u0441\u0442\u0440\u0438\u0431\u044c\u044e\u0442\u043e\u0440\u043e\u043c \u0438\u043b\u0438 \u0444\u0440\u0430\u043d\u0447\u0430\u0439\u0437\u0438\u043d\u0433\u043e\u0432\u044b\u043c \u043f\u0430\u0440\u0442\u043d\u0435\u0440\u043e\u043c?<br data-start=\"1563\" data-end=\"1566\" \/>\u041d\u0435\u0431\u043e\u043b\u044c\u0448\u0438\u0435 \u043c\u0438\u043d\u0438\u043c\u0430\u043b\u044c\u043d\u044b\u0435 \u043e\u0431\u044a\u0435\u043c\u044b, \u0432\u044b\u0441\u043e\u043a\u043e\u0435 \u043a\u0430\u0447\u0435\u0441\u0442\u0432\u043e \u0438 \u0446\u0435\u043d\u044b, \u0430\u0434\u0430\u043f\u0442\u0438\u0440\u043e\u0432\u0430\u043d\u043d\u044b\u0435 \u043f\u043e\u0434 \u0432\u0430\u0448\u0438 \u043f\u043e\u0442\u0440\u0435\u0431\u043d\u043e\u0441\u0442\u0438.\n\u041f\u0440\u0438\u0441\u043e\u0435\u0434\u0438\u043d\u044f\u0439\u0442\u0435\u0441\u044c \u043a \u043f\u0440\u043e\u0433\u0440\u0430\u043c\u043c\u0435 Cash &amp; Carry \u0438\u043b\u0438 \u0441\u0432\u044f\u0436\u0438\u0442\u0435\u0441\u044c \u0441 \u043d\u0430\u043c\u0438: <a class=\"decorated-link cursor-pointer\" rel=\"noopener\" data-start=\"1708\" data-end=\"1726\" data-is-last-node=\"\">biz@cbditaly.store<\/a><\/p>\n<\/div>\n<\/div>\n<\/div>\n<\/div>\n<\/div>\n<\/div>\n<\/article>\n<\/div>\n<\/div>","protected":false},"excerpt":{"rendered":"<p>Premium Ice Cream Joint X THCVO 60% \u2013 3 vnt. rinkinys (4 g)<\/p>","protected":false},"featured_media":1746,"comment_status":"closed","ping_status":"closed","template":"","meta":{"_joinchat":[]},"product_cat":[104,83,103],"product_tag":[],"tiered_pricing_type":"fixed","tiered_pricing_fixed_rules":[],"tiered_pricing_product_settings":{"layout":"default","base_unit_name":{"singular":null,"plural":null},"default_variation":null},"tiered_pricing_minimum_quantity":null,"tiered_pricing_roles_data":[],"tiered_pricing_percentage_rules":[],"tiered_pricing_maximum_quantity":null,"tiered_pricing_quantity_step":null,"_links":{"self":[{"href":"https:\/\/cbditaly.lt\/ru\/wp-json\/wp\/v2\/product\/1445"}],"collection":[{"href":"https:\/\/cbditaly.lt\/ru\/wp-json\/wp\/v2\/product"}],"about":[{"href":"https:\/\/cbditaly.lt\/ru\/wp-json\/wp\/v2\/types\/product"}],"replies":[{"embeddable":true,"href":"https:\/\/cbditaly.lt\/ru\/wp-json\/wp\/v2\/comments?post=1445"}],"wp:featuredmedia":[{"embeddable":true,"href":"https:\/\/cbditaly.lt\/ru\/wp-json\/wp\/v2\/media\/1746"}],"wp:attachment":[{"href":"https:\/\/cbditaly.lt\/ru\/wp-json\/wp\/v2\/media?parent=1445"}],"wp:term":[{"taxonomy":"product_cat","embeddable":true,"href":"https:\/\/cbditaly.lt\/ru\/wp-json\/wp\/v2\/product_cat?post=1445"},{"taxonomy":"product_tag","embeddable":true,"href":"https:\/\/cbditaly.lt\/ru\/wp-json\/wp\/v2\/product_tag?post=1445"}],"curies":[{"name":"wp","href":"https:\/\/api.w.org\/{rel}","templated":true}]}}