{"id":1449,"date":"2025-12-11T04:33:34","date_gmt":"2025-12-11T01:33:34","guid":{"rendered":"https:\/\/cbditaly.lt\/?post_type=product&#038;p=1449"},"modified":"2026-02-09T18:34:15","modified_gmt":"2026-02-09T15:34:15","slug":"swiss-cheese-joint-x-hhcp-m-60-6-g-raw-6-jointsu-metaline-dezute","status":"publish","type":"product","link":"https:\/\/cbditaly.lt\/ru\/product\/swiss-cheese-joint-x-hhcp-m-60-6-g-raw-6-jointsu-metaline-dezute\/","title":{"rendered":"SWISS CHEESE Joint x HHCP-M 60% (6 \u0433) RAW \u2013 \u043c\u0435\u0442\u0430\u043b\u043b\u0438\u0447\u0435\u0441\u043a\u0430\u044f \u043a\u043e\u0440\u043e\u0431\u043a\u0430 \u0441 6 \u0434\u0436\u043e\u0439\u043d\u0442\u0430\u043c\u0438"},"content":{"rendered":"<div class=\"flex max-w-full flex-col flex-grow\">\n<div class=\"min-h-8 text-message flex w-full flex-col items-end gap-2 whitespace-normal break-words text-start [.text-message+&amp;]:mt-5\" dir=\"auto\" data-message-author-role=\"assistant\" data-message-id=\"e51bf9c8-c2bb-4feb-a0fa-7a4d30b55644\" data-message-model-slug=\"gpt-4o\">\n<div class=\"flex w-full flex-col gap-1 empty:hidden first:pt-[3px]\">\n<div class=\"markdown prose w-full break-words dark:prose-invert light\">\n<p data-start=\"0\" data-end=\"67\">SWISS CHEESE Joint X HHCP-M 60% (6 g)<br data-start=\"159\" data-end=\"162\" \/>RAW \u2013 6 joints\u2019\u0173 metalin\u0117 d\u0117\u017eut\u0117 *OUTLET<\/p>\n<p data-start=\"200\" data-end=\"591\">\u041e\u0442\u043a\u0440\u043e\u0439\u0442\u0435 \u0434\u043b\u044f \u0441\u0435\u0431\u044f \u043d\u0430\u0441\u044b\u0449\u0435\u043d\u043d\u044b\u0439 \u0438 \u0432\u044b\u0440\u0430\u0437\u0438\u0442\u0435\u043b\u044c\u043d\u044b\u0439 \u043f\u0440\u043e\u0444\u0438\u043b\u044c \u0434\u0436\u043e\u0439\u043d\u0442\u043e\u0432 Swiss Cheese, \u0442\u043e\u0447\u043d\u043e \u0438 \u0442\u0449\u0430\u0442\u0435\u043b\u044c\u043d\u043e \u043f\u043e\u0434\u0433\u043e\u0442\u043e\u0432\u043b\u0435\u043d\u043d\u044b\u0445 \u0434\u043b\u044f \u043f\u0440\u043e\u0444\u0435\u0441\u0441\u0438\u043e\u043d\u0430\u043b\u044c\u043d\u044b\u0445 \u043d\u0430\u0431\u043e\u0440\u043e\u0432. \u041a\u0430\u0436\u0434\u044b\u0439 \u0434\u0436\u043e\u0439\u043d\u0442 \u043f\u043e 1 \u0433 \u043e\u0442\u043b\u0438\u0447\u0430\u0435\u0442\u0441\u044f \u043c\u044f\u0433\u043a\u0438\u043c, \u043a\u0440\u0435\u043c\u043e\u0432\u044b\u043c \u0438 \u0442\u043e\u043d\u043a\u0438\u043c \u00ab\u0441\u044b\u0440\u043d\u044b\u043c\u00bb \u0430\u0440\u043e\u043c\u0430\u0442\u043e\u043c \u0441 \u043b\u0435\u0433\u043a\u0438\u043c\u0438 \u043f\u0440\u044f\u043d\u044b\u043c\u0438 \u043d\u043e\u0442\u0430\u043c\u0438. \u041d\u0430\u0431\u043e\u0440 \u0441\u043e\u0441\u0442\u043e\u0438\u0442 \u0438\u0437 6 \u0434\u0436\u043e\u0439\u043d\u0442\u043e\u0432, \u0441\u043a\u0440\u0443\u0447\u0435\u043d\u043d\u044b\u0445 \u0432 \u043e\u0440\u0438\u0433\u0438\u043d\u0430\u043b\u044c\u043d\u0443\u044e \u0431\u0443\u043c\u0430\u0433\u0443 King Size RAW \u0441 \u0444\u0438\u043b\u044c\u0442\u0440\u043e\u043c, \u0447\u0442\u043e \u043e\u0431\u0435\u0441\u043f\u0435\u0447\u0438\u0432\u0430\u0435\u0442 \u044d\u0441\u0442\u0435\u0442\u0438\u0447\u043d\u0443\u044e, \u0447\u0438\u0441\u0442\u0443\u044e \u0438 \u0432\u044b\u0441\u043e\u043a\u043e\u043a\u0430\u0447\u0435\u0441\u0442\u0432\u0435\u043d\u043d\u0443\u044e \u043f\u043e\u0434\u0430\u0447\u0443 \u0434\u043b\u044f \u043a\u043e\u043b\u043b\u0435\u043a\u0446\u0438\u043e\u043d\u0435\u0440\u043e\u0432.<\/p>\n<p data-start=\"593\" data-end=\"657\">Swiss Cheese x HHCP-M 60%<br data-start=\"622\" data-end=\"625\" \/>\u0421\u043e\u0434\u0435\u0440\u0436\u0430\u043d\u0438\u0435 THC: 0%<\/p>\n<p data-start=\"659\" data-end=\"1041\">\u041e\u0431\u0437\u043e\u0440:<br data-start=\"672\" data-end=\"675\" \/>Swiss Cheese \u2014 \u0441\u043e\u0440\u0442 \u043a\u0430\u043d\u043d\u0430\u0431\u0438\u0441\u0430, \u0446\u0435\u043d\u0438\u043c\u044b\u0439 \u043a\u043e\u043b\u043b\u0435\u043a\u0446\u0438\u043e\u043d\u0435\u0440\u0430\u043c\u0438 \u0437\u0430 \u043e\u0442\u0447\u0435\u0442\u043b\u0438\u0432\u043e \u0443\u0437\u043d\u0430\u0432\u0430\u0435\u043c\u044b\u0439 \u00ab\u0441\u044b\u0440\u043d\u044b\u0439\u00bb \u0430\u0440\u043e\u043c\u0430\u0442 \u0438 \u043a\u043e\u043c\u043f\u0430\u043a\u0442\u043d\u0443\u044e \u0441\u0442\u0440\u0443\u043a\u0442\u0443\u0440\u0443. \u042d\u0442\u0430 \u0441\u043f\u0435\u0446\u0438\u0430\u043b\u044c\u043d\u0430\u044f \u0432\u0435\u0440\u0441\u0438\u044f \u0434\u043e\u043f\u043e\u043b\u043d\u0435\u043d\u0430 \u043f\u0435\u0440\u0435\u0434\u043e\u0432\u043e\u0439 \u043c\u043e\u043b\u0435\u043a\u0443\u043b\u043e\u0439 HHCP-M \u2014 \u043a\u0430\u043d\u043d\u0430\u0431\u0438\u043d\u043e\u0438\u0434\u043e\u043c \u043d\u043e\u0432\u043e\u0433\u043e \u043f\u043e\u043a\u043e\u043b\u0435\u043d\u0438\u044f, \u043f\u0440\u0438\u0434\u0430\u044e\u0449\u0438\u043c \u043f\u0440\u043e\u0434\u0443\u043a\u0442\u0443 \u043d\u0430\u0443\u0447\u043d\u0443\u044e \u0438\u043d\u043d\u043e\u0432\u0430\u0446\u0438\u043e\u043d\u043d\u043e\u0441\u0442\u044c \u0438 \u0432\u0438\u0437\u0443\u0430\u043b\u044c\u043d\u0443\u044e \u0432\u044b\u0440\u0430\u0437\u0438\u0442\u0435\u043b\u044c\u043d\u043e\u0441\u0442\u044c. \u0418\u0434\u0435\u0430\u043b\u044c\u043d\u043e \u043f\u043e\u0434\u0445\u043e\u0434\u0438\u0442 \u0434\u043b\u044f \u043f\u0440\u043e\u0444\u0435\u0441\u0441\u0438\u043e\u043d\u0430\u043b\u044c\u043d\u044b\u0445 \u043a\u043e\u043b\u043b\u0435\u043a\u0446\u0438\u0439 \u0438 \u0432\u044b\u0441\u0442\u0430\u0432\u043e\u0447\u043d\u044b\u0445 \u043d\u0430\u0431\u043e\u0440\u043e\u0432.<\/p>\n<p data-start=\"1043\" data-end=\"1254\">\u0410\u0440\u043e\u043c\u0430\u0442 \u0438 \u0432\u043d\u0435\u0448\u043d\u0438\u0439 \u0432\u0438\u0434:<br data-start=\"1068\" data-end=\"1071\" \/>\u0418\u043d\u0442\u0435\u043d\u0441\u0438\u0432\u043d\u044b\u0435 \u0441\u044b\u0440\u043d\u044b\u0435 \u0438 \u0437\u0435\u043c\u043b\u0438\u0441\u0442\u044b\u0435 \u043d\u043e\u0442\u044b \u0441 \u043c\u044f\u0433\u043a\u0438\u043c \u043a\u0440\u0435\u043c\u043e\u0432\u044b\u043c \u0444\u043e\u043d\u043e\u043c.<br data-start=\"1131\" data-end=\"1134\" \/>\u0421\u043e\u0446\u0432\u0435\u0442\u0438\u044f \u043f\u043b\u043e\u0442\u043d\u044b\u0435, \u0441\u043c\u043e\u043b\u0438\u0441\u0442\u044b\u0435, \u044f\u0440\u043a\u043e-\u0437\u0435\u043b\u0435\u043d\u044b\u0435, \u0441 \u043e\u0440\u0430\u043d\u0436\u0435\u0432\u044b\u043c\u0438 \u043f\u0435\u0441\u0442\u0438\u043a\u0430\u043c\u0438 \u2014 \u044d\u0441\u0442\u0435\u0442\u0438\u0447\u0435\u0441\u043a\u0438 \u043f\u0440\u0438\u0432\u043b\u0435\u043a\u0430\u0442\u0435\u043b\u044c\u043d\u044b\u0435 \u0438 \u043b\u0435\u0433\u043a\u043e \u0443\u0437\u043d\u0430\u0432\u0430\u0435\u043c\u044b\u0435.<\/p>\n<p data-start=\"1407\" data-end=\"1697\">\u041d\u0430\u0437\u043d\u0430\u0447\u0435\u043d\u0438\u0435 \u043f\u0440\u043e\u0434\u0443\u043a\u0442\u0430: \u0422\u043e\u043b\u044c\u043a\u043e \u0434\u043b\u044f \u043f\u0440\u043e\u0444\u0435\u0441\u0441\u0438\u043e\u043d\u0430\u043b\u044c\u043d\u043e\u0433\u043e \u0438\u0441\u043f\u043e\u043b\u044c\u0437\u043e\u0432\u0430\u043d\u0438\u044f \u0438\u043b\u0438 \u043a\u043e\u043b\u043b\u0435\u043a\u0446\u0438\u043e\u043d\u0438\u0440\u043e\u0432\u0430\u043d\u0438\u044f. \u041d\u0435 \u043f\u0440\u0435\u0434\u043d\u0430\u0437\u043d\u0430\u0447\u0435\u043d \u0434\u043b\u044f \u0443\u043f\u043e\u0442\u0440\u0435\u0431\u043b\u0435\u043d\u0438\u044f.<br data-start=\"1501\" data-end=\"1504\" \/>\u041e\u0433\u0440\u0430\u043d\u0438\u0447\u0435\u043d\u0438\u044f \u043f\u0440\u043e\u0434\u0430\u0436\u0438: \u041d\u0435 \u043f\u0440\u043e\u0434\u0430\u0435\u0442\u0441\u044f \u043b\u0438\u0446\u0430\u043c \u043c\u043b\u0430\u0434\u0448\u0435 18 \u043b\u0435\u0442.<br data-start=\"1563\" data-end=\"1566\" \/>\u0425\u0440\u0430\u043d\u0435\u043d\u0438\u0435: \u0425\u0440\u0430\u043d\u0438\u0442\u044c \u0432 \u0441\u0443\u0445\u043e\u043c \u043c\u0435\u0441\u0442\u0435, \u0432\u0434\u0430\u043b\u0438 \u043e\u0442 \u0438\u0441\u0442\u043e\u0447\u043d\u0438\u043a\u043e\u0432 \u0442\u0435\u043f\u043b\u0430 \u0438 \u0432 \u043d\u0435\u0434\u043e\u0441\u0442\u0443\u043f\u043d\u043e\u043c \u0434\u043b\u044f \u0434\u0435\u0442\u0435\u0439 \u043c\u0435\u0441\u0442\u0435.<br data-start=\"1668\" data-end=\"1671\" \/>\u0421\u0442\u0440\u0430\u043d\u0430 \u043f\u0440\u043e\u0438\u0441\u0445\u043e\u0436\u0434\u0435\u043d\u0438\u044f: \u0418\u0442\u0430\u043b\u0438\u044f.<\/p>\n<p data-start=\"1699\" data-end=\"1923\">\u0425\u043e\u0442\u0438\u0442\u0435 \u0441\u0442\u0430\u0442\u044c \u043d\u0435\u0437\u0430\u0432\u0438\u0441\u0438\u043c\u044b\u043c \u0434\u0438\u0441\u0442\u0440\u0438\u0431\u044c\u044e\u0442\u043e\u0440\u043e\u043c \u0438\u043b\u0438 \u0444\u0440\u0430\u043d\u0447\u0430\u0439\u0437\u0438\u043d\u0433\u043e\u0432\u044b\u043c \u043f\u0430\u0440\u0442\u043d\u0435\u0440\u043e\u043c?<br data-start=\"1764\" data-end=\"1767\" \/>\u041d\u0438\u0437\u043a\u0438\u0435 \u043c\u0438\u043d\u0438\u043c\u0430\u043b\u044c\u043d\u044b\u0435 \u043e\u0431\u044a\u0435\u043c\u044b \u0437\u0430\u043a\u0430\u0437\u0430, \u0432\u044b\u0441\u043e\u043a\u043e\u0435 \u043a\u0430\u0447\u0435\u0441\u0442\u0432\u043e \u0438 \u0433\u0438\u0431\u043a\u0430\u044f \u043c\u043e\u0434\u0435\u043b\u044c \u0446\u0435\u043d\u043e\u043e\u0431\u0440\u0430\u0437\u043e\u0432\u0430\u043d\u0438\u044f.<br data-start=\"1836\" data-end=\"1839\" \/>\u041f\u0440\u0438\u0441\u043e\u0435\u0434\u0438\u043d\u044f\u0439\u0442\u0435\u0441\u044c \u043a \u043d\u0430\u0448\u0435\u0439 \u043f\u0440\u043e\u0433\u0440\u0430\u043c\u043c\u0435 Cash &amp; Carry \u0438\u043b\u0438 \u0441\u0432\u044f\u0436\u0438\u0442\u0435\u0441\u044c \u0441 \u043d\u0430\u043c\u0438 \u043f\u043e email: <a class=\"decorated-link cursor-pointer\" rel=\"noopener\" data-start=\"1903\" data-end=\"1921\">biz@cbditaly.store<\/a><\/p>\n<\/div>\n<\/div>\n<\/div>\n<\/div>","protected":false},"excerpt":{"rendered":"<p>SWISS CHEESE Joint X HHCP-M 60% (6 g) RAW \u2013 6 joints\u2019\u0173 metalin\u0117 d\u0117\u017eut\u0117 *OUTLET<\/p>","protected":false},"featured_media":1464,"comment_status":"closed","ping_status":"closed","template":"","meta":{"_joinchat":[]},"product_cat":[104,102,27],"product_tag":[],"tiered_pricing_type":"fixed","tiered_pricing_fixed_rules":[],"tiered_pricing_product_settings":{"layout":"default","base_unit_name":{"singular":null,"plural":null},"default_variation":null},"tiered_pricing_minimum_quantity":null,"tiered_pricing_roles_data":[],"tiered_pricing_percentage_rules":[],"tiered_pricing_maximum_quantity":null,"tiered_pricing_quantity_step":null,"_links":{"self":[{"href":"https:\/\/cbditaly.lt\/ru\/wp-json\/wp\/v2\/product\/1449"}],"collection":[{"href":"https:\/\/cbditaly.lt\/ru\/wp-json\/wp\/v2\/product"}],"about":[{"href":"https:\/\/cbditaly.lt\/ru\/wp-json\/wp\/v2\/types\/product"}],"replies":[{"embeddable":true,"href":"https:\/\/cbditaly.lt\/ru\/wp-json\/wp\/v2\/comments?post=1449"}],"wp:featuredmedia":[{"embeddable":true,"href":"https:\/\/cbditaly.lt\/ru\/wp-json\/wp\/v2\/media\/1464"}],"wp:attachment":[{"href":"https:\/\/cbditaly.lt\/ru\/wp-json\/wp\/v2\/media?parent=1449"}],"wp:term":[{"taxonomy":"product_cat","embeddable":true,"href":"https:\/\/cbditaly.lt\/ru\/wp-json\/wp\/v2\/product_cat?post=1449"},{"taxonomy":"product_tag","embeddable":true,"href":"https:\/\/cbditaly.lt\/ru\/wp-json\/wp\/v2\/product_tag?post=1449"}],"curies":[{"name":"wp","href":"https:\/\/api.w.org\/{rel}","templated":true}]}}