{"id":1456,"date":"2025-12-11T04:33:54","date_gmt":"2025-12-11T01:33:54","guid":{"rendered":"https:\/\/cbditaly.lt\/?post_type=product&#038;p=1456"},"modified":"2026-04-05T15:56:35","modified_gmt":"2026-04-05T12:56:35","slug":"strawberry-kush-joint-cbd-18-6g-raw-6-joints-tin-box","status":"publish","type":"product","link":"https:\/\/cbditaly.lt\/ru\/product\/strawberry-kush-joint-cbd-18-6g-raw-6-joints-tin-box\/","title":{"rendered":"PREMIUM Strawberry Kush Joint CBD 18% (6 g) RAW \u2013 6 joints\u2019\u0173 metalin\u0117 d\u0117\u017eut\u0117"},"content":{"rendered":"<div class=\"flex max-w-full flex-col flex-grow\">\n<div class=\"min-h-8 text-message flex w-full flex-col items-end gap-2 whitespace-normal break-words text-start [.text-message+&amp;]:mt-5\" dir=\"auto\" data-message-author-role=\"assistant\" data-message-id=\"e51bf9c8-c2bb-4feb-a0fa-7a4d30b55644\" data-message-model-slug=\"gpt-4o\">\n<div class=\"flex w-full flex-col gap-1 empty:hidden first:pt-[3px]\">\n<div class=\"markdown prose w-full break-words dark:prose-invert light\">\n<p data-start=\"180\" data-end=\"251\">PREMIUM Strawberry Kush Joint CBD 18% (6 g)<br data-start=\"150\" data-end=\"153\" \/>RAW \u2013 \u043c\u0435\u0442\u0430\u043b\u043b\u0438\u0447\u0435\u0441\u043a\u0430\u044f \u043a\u043e\u0440\u043e\u0431\u043a\u0430 \u0441 6 \u0434\u0436\u043e\u0439\u043d\u0442\u0430\u043c\u0438<\/p>\n<p data-start=\"191\" data-end=\"525\">Atrask m\u016bs\u0173 i\u0161skirtin\u012f Strawberry Kush 6 g rinkin\u012f, sukurt\u0105 profesionaliems kolekcionieriams ir auk\u0161t\u0105 kokyb\u0119 vertinantiems rink\u0117jams. Kiekvienas 1 g joints\u2019as pagamintas i\u0161 kruop\u0161\u010diai atrinktos kanapi\u0173 \u017ealiavos ir suvyniotas \u012f original\u0173 King Size RAW popieri\u0173 su filtru \u2013 esteti\u0161kam, \u0161variam ir vizualiai tolygiam pateikimui.<\/p>\n<p data-start=\"527\" data-end=\"576\">Strawberry Kush CBD 18%<br data-start=\"554\" data-end=\"557\" \/>\u0421\u043e\u0434\u0435\u0440\u0436\u0430\u043d\u0438\u0435 THC: 0%<\/p>\n<p data-start=\"578\" data-end=\"908\">\u041e\u0431\u0437\u043e\u0440:<br data-start=\"591\" data-end=\"594\" \/>Strawberry Kush \u2013 tai kolekcionieri\u0173 pam\u0117gta veisl\u0117, vertinama d\u0117l saldaus, uog\u0173 tipo aromato profilio. \u0160iai variacijai b\u016bdinga nat\u016braliai ry\u0161ki aromatini\u0173 jungini\u0173 sud\u0117tis ir subalansuota morfologija. I\u0161vaizdos dekoratyvumas ir tvarkinga strukt\u016bra daro j\u0105 patraukliu elementu bet kuriai profesionaliai kolekcijai.<\/p>\n<p data-start=\"910\" data-end=\"1144\">\u0410\u0440\u043e\u043c\u0430\u0442 \u0438 \u0432\u043d\u0435\u0448\u043d\u0438\u0439 \u0432\u0438\u0434:<br data-start=\"935\" data-end=\"938\" \/>Dominuoja saldus bra\u0161kinis aromatas, kur\u012f papildo \u0161velnus \u017eemi\u0161kas fonas. \u017diedai vidutinio tankumo, dervingi, ry\u0161kiai \u017eali, vietomis su ro\u017einiais atspalviais \u2013 vizualiai i\u0161skirtiniai ir lengvai atpa\u017e\u012fstami.<\/p>\n<p data-start=\"1146\" data-end=\"1258\">\u0425\u0430\u0440\u0430\u043a\u0442\u0435\u0440\u0438\u0441\u0442\u0438\u043a\u0438 \u0441\u043e\u0440\u0442\u0430:<br data-start=\"1166\" data-end=\"1169\" \/>\u2022 CBD: iki 18 %<br data-start=\"1184\" data-end=\"1187\" \/>\u2022 \u0421\u043e\u0434\u0435\u0440\u0436\u0430\u043d\u0438\u0435 THC: 0%<br data-start=\"1204\" data-end=\"1207\" \/>\u2022 Stabili, esteti\u0161ka ir vienodos formos morfologija<\/p>\n<p data-start=\"1260\" data-end=\"1555\">\u041d\u0430\u0437\u043d\u0430\u0447\u0435\u043d\u0438\u0435 \u043f\u0440\u043e\u0434\u0443\u043a\u0442\u0430: \u0422\u043e\u043b\u044c\u043a\u043e \u0434\u043b\u044f \u043f\u0440\u043e\u0444\u0435\u0441\u0441\u0438\u043e\u043d\u0430\u043b\u044c\u043d\u043e\u0433\u043e \u0438\u0441\u043f\u043e\u043b\u044c\u0437\u043e\u0432\u0430\u043d\u0438\u044f \u0438\u043b\u0438 \u043a\u043e\u043b\u043b\u0435\u043a\u0446\u0438\u043e\u043d\u0438\u0440\u043e\u0432\u0430\u043d\u0438\u044f. \u041d\u0435 \u043f\u0440\u0435\u0434\u043d\u0430\u0437\u043d\u0430\u0447\u0435\u043d \u0434\u043b\u044f \u0443\u043f\u043e\u0442\u0440\u0435\u0431\u043b\u0435\u043d\u0438\u044f.<br data-start=\"1354\" data-end=\"1357\" \/>\u041e\u0433\u0440\u0430\u043d\u0438\u0447\u0435\u043d\u0438\u044f \u043f\u0440\u043e\u0434\u0430\u0436\u0438: \u041d\u0435 \u043f\u0440\u043e\u0434\u0430\u0435\u0442\u0441\u044f \u043b\u0438\u0446\u0430\u043c \u043c\u043b\u0430\u0434\u0448\u0435 18 \u043b\u0435\u0442.<br data-start=\"1416\" data-end=\"1419\" \/>Laikymas: Laikyti v\u0117sioje, sausoje ir nuo saul\u0117s apsaugotoje vietoje, vaikams nepasiekiamoje aplinkoje.<br data-start=\"1526\" data-end=\"1529\" \/>\u0421\u0442\u0440\u0430\u043d\u0430 \u043f\u0440\u043e\u0438\u0441\u0445\u043e\u0436\u0434\u0435\u043d\u0438\u044f: \u0418\u0442\u0430\u043b\u0438\u044f.<\/p>\n<p data-start=\"1557\" data-end=\"1755\">Nori tapti m\u016bs\u0173 platintoju ar fran\u0161iz\u0117s partneriu?<br data-start=\"1611\" data-end=\"1614\" \/>Si\u016blome ma\u017eus minimalius kiekius, lanks\u010dias kainas ir galimyb\u0119 prisijungti prie Cash &amp; Carry sistemos.<br data-start=\"1720\" data-end=\"1723\" \/>Susisiek: <a class=\"decorated-link cursor-pointer\" rel=\"noopener\" data-start=\"1735\" data-end=\"1753\">biz@cbditaly.store<\/a><\/p>\n<\/div>\n<\/div>\n<\/div>\n<\/div>","protected":false},"excerpt":{"rendered":"<p>PREMIUM Strawberry Kush Joint CBD 18% (6 g) RAW \u2013 6 joints\u2019\u0173 metalin\u0117 d\u0117\u017eut\u0117<\/p>","protected":false},"featured_media":1464,"comment_status":"closed","ping_status":"closed","template":"","meta":{"_joinchat":[]},"product_cat":[104,103,102],"product_tag":[],"tiered_pricing_type":"fixed","tiered_pricing_fixed_rules":[],"tiered_pricing_product_settings":{"layout":"default","base_unit_name":{"singular":null,"plural":null},"default_variation":null},"tiered_pricing_minimum_quantity":null,"tiered_pricing_roles_data":[],"tiered_pricing_percentage_rules":[],"tiered_pricing_maximum_quantity":null,"tiered_pricing_quantity_step":null,"_links":{"self":[{"href":"https:\/\/cbditaly.lt\/ru\/wp-json\/wp\/v2\/product\/1456"}],"collection":[{"href":"https:\/\/cbditaly.lt\/ru\/wp-json\/wp\/v2\/product"}],"about":[{"href":"https:\/\/cbditaly.lt\/ru\/wp-json\/wp\/v2\/types\/product"}],"replies":[{"embeddable":true,"href":"https:\/\/cbditaly.lt\/ru\/wp-json\/wp\/v2\/comments?post=1456"}],"wp:featuredmedia":[{"embeddable":true,"href":"https:\/\/cbditaly.lt\/ru\/wp-json\/wp\/v2\/media\/1464"}],"wp:attachment":[{"href":"https:\/\/cbditaly.lt\/ru\/wp-json\/wp\/v2\/media?parent=1456"}],"wp:term":[{"taxonomy":"product_cat","embeddable":true,"href":"https:\/\/cbditaly.lt\/ru\/wp-json\/wp\/v2\/product_cat?post=1456"},{"taxonomy":"product_tag","embeddable":true,"href":"https:\/\/cbditaly.lt\/ru\/wp-json\/wp\/v2\/product_tag?post=1456"}],"curies":[{"name":"wp","href":"https:\/\/api.w.org\/{rel}","templated":true}]}}