{"id":1460,"date":"2025-12-11T04:33:54","date_gmt":"2025-12-11T01:33:54","guid":{"rendered":"https:\/\/cbditaly.lt\/?post_type=product&#038;p=1460"},"modified":"2026-04-05T15:55:51","modified_gmt":"2026-04-05T12:55:51","slug":"xxl-apricot-joint-x-thcvo-60-3-vnt-rinkinys-4-g","status":"publish","type":"product","link":"https:\/\/cbditaly.lt\/ru\/product\/xxl-apricot-joint-x-thcvo-60-3-vnt-rinkinys-4-g\/","title":{"rendered":"XXL Apricot Joint X THCVO 60% \u20133 vnt. rinkinys (4 g)"},"content":{"rendered":"<div class=\"flex max-w-full flex-col flex-grow\">\n<div class=\"min-h-8 text-message flex w-full flex-col items-end gap-2 whitespace-normal break-words text-start [.text-message+&amp;]:mt-5\" dir=\"auto\" data-message-author-role=\"assistant\" data-message-id=\"e51bf9c8-c2bb-4feb-a0fa-7a4d30b55644\" data-message-model-slug=\"gpt-4o\">\n<div class=\"flex w-full flex-col gap-1 empty:hidden first:pt-[3px]\">\n<div class=\"markdown prose w-full break-words dark:prose-invert light\">\n<p data-start=\"108\" data-end=\"163\">Premium Apricot Joint x THCVO 60% \u2013 3 vnt. rinkinys (4 g)<\/p>\n<p data-start=\"165\" data-end=\"513\">Atraskite auk\u0161\u010diausios kokyb\u0117s kolekcin\u012f \u201eApricot\u201c pre-roll\u2019\u0173 3 vienet\u0173 rinkin\u012f. Kiekvienas kruop\u0161\u010diai paruo\u0161tas 1,33 g gaminys pasi\u017eymi esteti\u0161ka i\u0161vaizda ir \u0161velniu, vaisi\u0161ku bei abrikosus primenan\u010diu aromatu. Sukurta i\u0161 atrinkt\u0173 \u017eied\u0173 ir suktos \u012f originalius King Size RAW popierius su filtru, siekiant u\u017etikrinti profesionali\u0105 ir tolygi\u0105 i\u0161vaizd\u0105.<\/p>\n<p data-start=\"515\" data-end=\"572\">Apricot x THCVO 60%<br data-start=\"538\" data-end=\"541\" \/>\u0421\u043e\u0434\u0435\u0440\u0436\u0430\u043d\u0438\u0435 THC: 0%<\/p>\n<p data-start=\"574\" data-end=\"890\">\u041e\u0431\u0437\u043e\u0440:<br data-start=\"587\" data-end=\"590\" \/>Apricot \u2014 \u0432\u0438\u0437\u0443\u0430\u043b\u044c\u043d\u043e \u043f\u0440\u0438\u0432\u043b\u0435\u043a\u0430\u0442\u0435\u043b\u044c\u043d\u0430\u044f \u0433\u0435\u043d\u0435\u0442\u0438\u043a\u0430, \u0446\u0435\u043d\u0438\u043c\u0430\u044f \u0437\u0430 \u0433\u0430\u0440\u043c\u043e\u043d\u0438\u0447\u043d\u0443\u044e \u0441\u0442\u0440\u0443\u043a\u0442\u0443\u0440\u0443 \u0438 \u0444\u0440\u0443\u043a\u0442\u043e\u0432\u044b\u0439 \u0430\u0440\u043e\u043c\u0430\u0442\u0438\u0447\u0435\u0441\u043a\u0438\u0439 \u043f\u0440\u043e\u0444\u0438\u043b\u044c. \u0414\u0430\u043d\u043d\u0430\u044f \u0441\u043f\u0435\u0446\u0438\u0430\u043b\u044c\u043d\u0430\u044f \u0432\u0435\u0440\u0441\u0438\u044f \u043e\u0431\u043e\u0433\u0430\u0449\u0435\u043d\u0430 THCVO \u0434\u043e 60%, \u0447\u0442\u043e \u043f\u0440\u0438\u0434\u0430\u0435\u0442 \u043f\u0440\u043e\u0434\u0443\u043a\u0442\u0443 \u0442\u0435\u0445\u043d\u0438\u0447\u0435\u0441\u043a\u0443\u044e \u0438 \u043a\u043e\u043b\u043b\u0435\u043a\u0446\u0438\u043e\u043d\u043d\u0443\u044e \u0443\u043d\u0438\u043a\u0430\u043b\u044c\u043d\u043e\u0441\u0442\u044c. \u041a\u043e\u043b\u043b\u0435\u043a\u0446\u0438\u043e\u043d\u043d\u044b\u0439 \u043f\u0440\u043e\u0434\u0443\u043a\u0442 \u043f\u0440\u0435\u043c\u0438\u0443\u043c-\u043a\u0430\u0442\u0435\u0433\u043e\u0440\u0438\u0438, \u043f\u043e\u0434\u0445\u043e\u0434\u044f\u0449\u0438\u0439 \u0434\u043b\u044f \u043f\u0440\u043e\u0444\u0435\u0441\u0441\u0438\u043e\u043d\u0430\u043b\u044c\u043d\u044b\u0445 \u043f\u0440\u0435\u0437\u0435\u043d\u0442\u0430\u0446\u0438\u043e\u043d\u043d\u044b\u0445 \u0441\u0440\u0435\u0434.<\/p>\n<p data-start=\"892\" data-end=\"1186\">\u0412\u043d\u0435\u0448\u043d\u0438\u0439 \u0432\u0438\u0434 \u0438 \u0430\u0440\u043e\u043c\u0430\u0442:<br data-start=\"917\" data-end=\"920\" \/>\u0421\u043e\u0446\u0432\u0435\u0442\u0438\u044f \u043f\u043b\u043e\u0442\u043d\u044b\u0435, \u0441\u043c\u043e\u043b\u0438\u0441\u0442\u044b\u0435, \u043f\u043e\u043a\u0440\u044b\u0442\u044b\u0435 \u044f\u0440\u043a\u0438\u043c \u043a\u0440\u0438\u0441\u0442\u0430\u043b\u043b\u0438\u0447\u0435\u0441\u043a\u0438\u043c \u0441\u043b\u043e\u0435\u043c. \u0426\u0432\u0435\u0442\u043e\u0432\u0430\u044f \u0433\u0430\u043c\u043c\u0430 \u0432\u0430\u0440\u044c\u0438\u0440\u0443\u0435\u0442\u0441\u044f \u043e\u0442 \u043d\u0430\u0441\u044b\u0449\u0435\u043d\u043d\u043e-\u0437\u0435\u043b\u0435\u043d\u044b\u0445 \u0434\u043e \u0436\u0435\u043b\u0442\u043e\u0432\u0430\u0442\u043e-\u043e\u0440\u0430\u043d\u0436\u0435\u0432\u044b\u0445 \u043e\u0442\u0442\u0435\u043d\u043a\u043e\u0432, \u043f\u043e\u0434\u0447\u0435\u0440\u043a\u043d\u0443\u0442\u044b\u0445 \u0438\u043d\u0442\u0435\u043d\u0441\u0438\u0432\u043d\u044b\u043c\u0438 \u043e\u0440\u0430\u043d\u0436\u0435\u0432\u044b\u043c\u0438 \u043f\u0435\u0441\u0442\u0438\u043a\u0430\u043c\u0438. \u0410\u0440\u043e\u043c\u0430\u0442\u0438\u0447\u0435\u0441\u043a\u0438\u0439 \u043f\u0440\u043e\u0444\u0438\u043b\u044c \u043c\u044f\u0433\u043a\u043e \u0444\u0440\u0443\u043a\u0442\u043e\u0432\u044b\u0439, \u0441 \u043e\u0442\u0447\u0435\u0442\u043b\u0438\u0432\u044b\u043c\u0438 \u0430\u0431\u0440\u0438\u043a\u043e\u0441\u043e\u0432\u044b\u043c\u0438 \u043d\u043e\u0442\u0430\u043c\u0438, \u0445\u0430\u0440\u0430\u043a\u0442\u0435\u0440\u043d\u044b\u043c\u0438 \u0434\u043b\u044f \u0433\u0435\u043d\u0435\u0442\u0438\u043a\u0438 Apricot.<\/p>\n<p data-start=\"1188\" data-end=\"1352\">\u0421\u043e\u0441\u0442\u0430\u0432 \u0438 \u0445\u0430\u0440\u0430\u043a\u0442\u0435\u0440\u0438\u0441\u0442\u0438\u043a\u0438:<br data-start=\"1211\" data-end=\"1214\" \/>\u2022 THCVO: \u0434\u043e 60%<br data-start=\"1230\" data-end=\"1233\" \/>\u2022 CBD: \u043d\u0430\u0442\u0443\u0440\u0430\u043b\u044c\u043d\u043e\u0435 \u0440\u0430\u0441\u0442\u0438\u0442\u0435\u043b\u044c\u043d\u043e\u0435 \u0441\u043e\u0434\u0435\u0440\u0436\u0430\u043d\u0438\u0435<br data-start=\"1266\" data-end=\"1269\" \/>\u2022 THC: ma\u017eiau nei 0%<br data-start=\"1292\" data-end=\"1295\" \/>\u2022 \u0412\u0438\u0437\u0443\u0430\u043b\u044c\u043d\u043e \u043f\u0440\u0438\u0432\u043b\u0435\u043a\u0430\u0442\u0435\u043b\u044c\u043d\u044b\u0439 \u043f\u0440\u043e\u0434\u0443\u043a\u0442 \u0441\u043e \u0441\u0442\u0430\u0431\u0438\u043b\u044c\u043d\u043e\u0439 \u043c\u043e\u0440\u0444\u043e\u043b\u043e\u0433\u0438\u0435\u0439<\/p>\n<p data-start=\"1354\" data-end=\"1503\">\u041f\u0440\u043e\u0438\u0441\u0445\u043e\u0436\u0434\u0435\u043d\u0438\u0435 \u0438 \u043f\u0440\u043e\u0438\u0437\u0432\u043e\u0434\u0441\u0442\u0432\u043e:<br data-start=\"1374\" data-end=\"1377\" \/>\u0421\u043e\u0446\u0432\u0435\u0442\u0438\u044f \u043e\u0442\u0431\u0438\u0440\u0430\u044e\u0442\u0441\u044f \u0432\u0440\u0443\u0447\u043d\u0443\u044e \u0438 \u0442\u0449\u0430\u0442\u0435\u043b\u044c\u043d\u043e \u043f\u0440\u043e\u0432\u0435\u0440\u044f\u044e\u0442\u0441\u044f \u0434\u043b\u044f \u043e\u0431\u0435\u0441\u043f\u0435\u0447\u0435\u043d\u0438\u044f \u0441\u0442\u0430\u0431\u0438\u043b\u044c\u043d\u043e\u0433\u043e \u0432\u0438\u0437\u0443\u0430\u043b\u044c\u043d\u043e\u0433\u043e \u043a\u0430\u0447\u0435\u0441\u0442\u0432\u0430.<br data-start=\"1478\" data-end=\"1481\" \/>\u0421\u0442\u0440\u0430\u043d\u0430 \u043f\u0440\u043e\u0438\u0441\u0445\u043e\u0436\u0434\u0435\u043d\u0438\u044f: \u0418\u0442\u0430\u043b\u0438\u044f.<\/p>\n<p data-start=\"1505\" data-end=\"1781\">\u0418\u0441\u043f\u043e\u043b\u044c\u0437\u043e\u0432\u0430\u043d\u0438\u0435 \u0438 \u043e\u0433\u0440\u0430\u043d\u0438\u0447\u0435\u043d\u0438\u044f:<br data-start=\"1535\" data-end=\"1538\" \/>\u041d\u0430\u0437\u043d\u0430\u0447\u0435\u043d\u0438\u0435 \u043f\u0440\u043e\u0434\u0443\u043a\u0442\u0430: \u0422\u043e\u043b\u044c\u043a\u043e \u0434\u043b\u044f \u043f\u0440\u043e\u0444\u0435\u0441\u0441\u0438\u043e\u043d\u0430\u043b\u044c\u043d\u043e\u0433\u043e \u0438\u0441\u043f\u043e\u043b\u044c\u0437\u043e\u0432\u0430\u043d\u0438\u044f \u0438\u043b\u0438 \u043a\u043e\u043b\u043b\u0435\u043a\u0446\u0438\u043e\u043d\u0438\u0440\u043e\u0432\u0430\u043d\u0438\u044f. \u041d\u0435 \u043f\u0440\u0435\u0434\u043d\u0430\u0437\u043d\u0430\u0447\u0435\u043d \u0434\u043b\u044f \u0443\u043f\u043e\u0442\u0440\u0435\u0431\u043b\u0435\u043d\u0438\u044f \u0447\u0435\u043b\u043e\u0432\u0435\u043a\u043e\u043c.<br data-start=\"1631\" data-end=\"1634\" \/>\u041e\u0433\u0440\u0430\u043d\u0438\u0447\u0435\u043d\u0438\u044f \u043f\u0440\u043e\u0434\u0430\u0436\u0438: \u041d\u0435 \u043f\u0440\u043e\u0434\u0430\u0435\u0442\u0441\u044f \u043b\u0438\u0446\u0430\u043c \u043c\u043b\u0430\u0434\u0448\u0435 18 \u043b\u0435\u0442.<br data-start=\"1680\" data-end=\"1683\" \/>\u0425\u0440\u0430\u043d\u0435\u043d\u0438\u0435: \u0425\u0440\u0430\u043d\u0438\u0442\u044c \u0432 \u0441\u0443\u0445\u043e\u043c \u043c\u0435\u0441\u0442\u0435, \u0432\u0434\u0430\u043b\u0438 \u043e\u0442 \u0438\u0441\u0442\u043e\u0447\u043d\u0438\u043a\u043e\u0432 \u0442\u0435\u043f\u043b\u0430 \u0438 \u0432 \u043d\u0435\u0434\u043e\u0441\u0442\u0443\u043f\u043d\u043e\u043c \u0434\u043b\u044f \u0434\u0435\u0442\u0435\u0439 \u043c\u0435\u0441\u0442\u0435.<\/p>\n<p data-start=\"1783\" data-end=\"1953\">\u041e\u043f\u0442\u043e\u0432\u0430\u044f \u0442\u043e\u0440\u0433\u043e\u0432\u043b\u044f \u0438 \u043f\u0430\u0440\u0442\u043d\u0435\u0440\u0441\u0442\u0432\u043e:<br data-start=\"1810\" data-end=\"1813\" \/>\u0425\u043e\u0442\u0438\u0442\u0435 \u0441\u0442\u0430\u0442\u044c \u043d\u0435\u0437\u0430\u0432\u0438\u0441\u0438\u043c\u044b\u043c \u0434\u0438\u0441\u0442\u0440\u0438\u0431\u044c\u044e\u0442\u043e\u0440\u043e\u043c \u0438\u043b\u0438 \u0444\u0440\u0430\u043d\u0447\u0430\u0439\u0437\u0438\u043d\u0433\u043e\u0432\u044b\u043c \u043f\u0430\u0440\u0442\u043d\u0435\u0440\u043e\u043c?<br data-start=\"1874\" data-end=\"1877\" \/>\u041c\u044b \u043f\u0440\u0435\u0434\u043b\u0430\u0433\u0430\u0435\u043c \u043d\u0435\u0431\u043e\u043b\u044c\u0448\u0438\u0435 \u043c\u0438\u043d\u0438\u043c\u0430\u043b\u044c\u043d\u044b\u0435 \u043e\u0431\u044a\u0435\u043c\u044b, \u043f\u0440\u043e\u0444\u0435\u0441\u0441\u0438\u043e\u043d\u0430\u043b\u044c\u043d\u043e\u0435 \u043a\u0430\u0447\u0435\u0441\u0442\u0432\u043e \u0438 \u0433\u0438\u0431\u043a\u0438\u0435 \u0443\u0441\u043b\u043e\u0432\u0438\u044f.<\/p>\n<p data-start=\"1955\" data-end=\"2028\">\u041f\u0440\u0438\u0441\u043e\u0435\u0434\u0438\u043d\u044f\u0439\u0442\u0435\u0441\u044c \u043a \u043f\u0440\u043e\u0433\u0440\u0430\u043c\u043c\u0435 Cash &amp; Carry \u0438\u043b\u0438 \u043f\u0438\u0448\u0438\u0442\u0435: <a class=\"decorated-link cursor-pointer\" rel=\"noopener\" data-start=\"2008\" data-end=\"2026\">biz@cbditaly.store<\/a><\/p>\n<\/div>\n<\/div>\n<\/div>\n<\/div>","protected":false},"excerpt":{"rendered":"<p>XXL Apricot Joint X THCVO 60% \u2013 3 vnt. rinkinys (4 g)<\/p>","protected":false},"featured_media":1746,"comment_status":"closed","ping_status":"closed","template":"","meta":{"_joinchat":[]},"product_cat":[104,83,103],"product_tag":[],"tiered_pricing_type":"fixed","tiered_pricing_fixed_rules":[],"tiered_pricing_product_settings":{"layout":"default","base_unit_name":{"singular":null,"plural":null},"default_variation":null},"tiered_pricing_minimum_quantity":null,"tiered_pricing_roles_data":[],"tiered_pricing_percentage_rules":[],"tiered_pricing_maximum_quantity":null,"tiered_pricing_quantity_step":null,"_links":{"self":[{"href":"https:\/\/cbditaly.lt\/ru\/wp-json\/wp\/v2\/product\/1460"}],"collection":[{"href":"https:\/\/cbditaly.lt\/ru\/wp-json\/wp\/v2\/product"}],"about":[{"href":"https:\/\/cbditaly.lt\/ru\/wp-json\/wp\/v2\/types\/product"}],"replies":[{"embeddable":true,"href":"https:\/\/cbditaly.lt\/ru\/wp-json\/wp\/v2\/comments?post=1460"}],"wp:featuredmedia":[{"embeddable":true,"href":"https:\/\/cbditaly.lt\/ru\/wp-json\/wp\/v2\/media\/1746"}],"wp:attachment":[{"href":"https:\/\/cbditaly.lt\/ru\/wp-json\/wp\/v2\/media?parent=1460"}],"wp:term":[{"taxonomy":"product_cat","embeddable":true,"href":"https:\/\/cbditaly.lt\/ru\/wp-json\/wp\/v2\/product_cat?post=1460"},{"taxonomy":"product_tag","embeddable":true,"href":"https:\/\/cbditaly.lt\/ru\/wp-json\/wp\/v2\/product_tag?post=1460"}],"curies":[{"name":"wp","href":"https:\/\/api.w.org\/{rel}","templated":true}]}}