{"id":1461,"date":"2025-12-11T04:33:54","date_gmt":"2025-12-11T01:33:54","guid":{"rendered":"https:\/\/cbditaly.lt\/?post_type=product&#038;p=1461"},"modified":"2026-04-05T15:55:18","modified_gmt":"2026-04-05T12:55:18","slug":"xxl-amnesia-joint-x-thcvo-60-3-vnt-rinkinys-4-g","status":"publish","type":"product","link":"https:\/\/cbditaly.lt\/ru\/product\/xxl-amnesia-joint-x-thcvo-60-3-vnt-rinkinys-4-g\/","title":{"rendered":"XXL Amnesia Joint X THCVO 60% \u2013 3 vnt. rinkinys (4 g)"},"content":{"rendered":"<p data-start=\"260\" data-end=\"488\">XXL Amnesia Joint X THCVO 60% \u2013 3 vnt. rinkinys (4 g)<\/p>\n<p data-start=\"260\" data-end=\"488\">Atraskite kolekcinio lygio Amnesia joints\u2019\u0173 4 g rinkin\u012f. Kiekvienas 1,33g joints\u2019as yra paruo\u0161tas i\u0161 kruop\u0161\u010diai atrinkt\u0173 \u017eied\u0173 ir suvyniotas \u012f original\u0173 King Size RAW popieri\u0173 su filtru, u\u017etikrinant esteti\u0161k\u0105 ir vienod\u0105 pateikim\u0105.<\/p>\n<p data-start=\"490\" data-end=\"535\">Amnesia x THCVO 60%<br data-start=\"513\" data-end=\"516\" \/>\u0421\u043e\u0434\u0435\u0440\u0436\u0430\u043d\u0438\u0435 THC: 0%<\/p>\n<p data-start=\"537\" data-end=\"913\">\u041e\u0431\u0437\u043e\u0440:<br data-start=\"550\" data-end=\"553\" \/>Amnesia \u2014 \u0432\u0438\u0437\u0443\u0430\u043b\u044c\u043d\u043e \u0432\u044b\u0440\u0430\u0437\u0438\u0442\u0435\u043b\u044c\u043d\u044b\u0439 \u0441\u043e\u0440\u0442 \u043a\u0430\u043d\u043d\u0430\u0431\u0438\u0441\u0430, \u0446\u0435\u043d\u0438\u043c\u044b\u0439 \u0437\u0430 \u0441\u0442\u0430\u0431\u0438\u043b\u044c\u043d\u0443\u044e \u0441\u0442\u0440\u0443\u043a\u0442\u0443\u0440\u0443 \u0438 \u043d\u0430\u0442\u0443\u0440\u0430\u043b\u044c\u043d\u044b\u0439 \u0440\u0430\u0441\u0442\u0438\u0442\u0435\u043b\u044c\u043d\u043e-\u0446\u0438\u0442\u0440\u0443\u0441\u043e\u0432\u044b\u0439 \u0430\u0440\u043e\u043c\u0430\u0442\u0438\u0447\u0435\u0441\u043a\u0438\u0439 \u043f\u0440\u043e\u0444\u0438\u043b\u044c. \u0414\u0430\u043d\u043d\u0430\u044f \u0441\u043f\u0435\u0446\u0438\u0430\u043b\u044c\u043d\u0430\u044f \u0432\u0435\u0440\u0441\u0438\u044f \u0434\u043e\u043f\u043e\u043b\u043d\u0435\u043d\u0430 \u043f\u0435\u0440\u0435\u0434\u043e\u0432\u043e\u0439 \u043c\u043e\u043b\u0435\u043a\u0443\u043b\u043e\u0439 THCVO (60%), \u043f\u0440\u0438\u0434\u0430\u044e\u0449\u0435\u0439 \u043f\u0440\u043e\u0434\u0443\u043a\u0442\u0443 \u0442\u0435\u0445\u043d\u0438\u0447\u0435\u0441\u043a\u0443\u044e \u0438 \u043a\u043e\u043b\u043b\u0435\u043a\u0446\u0438\u043e\u043d\u043d\u0443\u044e \u0443\u043d\u0438\u043a\u0430\u043b\u044c\u043d\u043e\u0441\u0442\u044c. \u041f\u0440\u043e\u0434\u0443\u043a\u0442 \u043f\u0440\u0435\u043c\u0438\u0443\u043c-\u043a\u0430\u0442\u0435\u0433\u043e\u0440\u0438\u0438, \u043f\u043e\u0434\u0445\u043e\u0434\u044f\u0449\u0438\u0439 \u0434\u043b\u044f \u043f\u0440\u043e\u0444\u0435\u0441\u0441\u0438\u043e\u043d\u0430\u043b\u044c\u043d\u044b\u0445 \u043a\u043e\u043b\u043b\u0435\u043a\u0446\u0438\u0439 \u0438 \u0432\u044b\u0441\u0442\u0430\u0432\u043e\u0447\u043d\u044b\u0445 \u044d\u043a\u0441\u043f\u043e\u0437\u0438\u0446\u0438\u0439.<\/p>\n<p data-start=\"915\" data-end=\"1142\">\u0410\u0440\u043e\u043c\u0430\u0442 \u0438 \u0432\u043d\u0435\u0448\u043d\u0438\u0439 \u0432\u0438\u0434:<br data-start=\"940\" data-end=\"943\" \/>\u0421\u043e\u0446\u0432\u0435\u0442\u0438\u044f \u043f\u043b\u043e\u0442\u043d\u044b\u0435, \u0441\u043c\u043e\u043b\u0438\u0441\u0442\u044b\u0435, \u044f\u0440\u043a\u043e-\u0437\u0435\u043b\u0435\u043d\u044b\u0435, \u043f\u043e\u043a\u0440\u044b\u0442\u044b\u0435 \u043a\u0440\u0438\u0441\u0442\u0430\u043b\u043b\u0438\u0447\u0435\u0441\u043a\u0438\u043c \u0441\u043b\u043e\u0435\u043c \u0438 \u0434\u043e\u043f\u043e\u043b\u043d\u0435\u043d\u043d\u044b\u0435 \u043e\u0440\u0430\u043d\u0436\u0435\u0432\u044b\u043c\u0438 \u043f\u0435\u0441\u0442\u0438\u043a\u0430\u043c\u0438. \u0410\u0440\u043e\u043c\u0430\u0442\u0438\u0447\u0435\u0441\u043a\u0438\u0435 \u043d\u043e\u0442\u044b \u2014 \u0440\u0430\u0441\u0442\u0438\u0442\u0435\u043b\u044c\u043d\u044b\u0435 \u0438 \u0437\u0435\u043c\u043b\u044f\u043d\u044b\u0435, \u0441 \u043b\u0435\u0433\u043a\u0438\u043c \u0446\u0438\u0442\u0440\u0443\u0441\u043e\u0432\u044b\u043c \u043e\u0442\u0442\u0435\u043d\u043a\u043e\u043c, \u0445\u0430\u0440\u0430\u043a\u0442\u0435\u0440\u043d\u044b\u043c \u0434\u043b\u044f \u0433\u0435\u043d\u0435\u0442\u0438\u043a\u0438 Amnesia.<\/p>\n<p data-start=\"1144\" data-end=\"1284\">\u0425\u0430\u0440\u0430\u043a\u0442\u0435\u0440\u0438\u0441\u0442\u0438\u043a\u0438:<br data-start=\"1156\" data-end=\"1159\" \/>\u2022 THCVO: \u0434\u043e 60%<br data-start=\"1176\" data-end=\"1179\" \/>\u2022 CBD: \u043d\u0430\u0442\u0443\u0440\u0430\u043b\u044c\u043d\u043e\u0435 \u0440\u0430\u0441\u0442\u0438\u0442\u0435\u043b\u044c\u043d\u043e\u0435 \u0441\u043e\u0434\u0435\u0440\u0436\u0430\u043d\u0438\u0435<br data-start=\"1212\" data-end=\"1215\" \/>\u2022 THC: 0 %<br data-start=\"1225\" data-end=\"1228\" \/>\u2022 \u0421\u0442\u0430\u0431\u0438\u043b\u044c\u043d\u044b\u0439 \u0438 \u0432\u0438\u0437\u0443\u0430\u043b\u044c\u043d\u043e \u043f\u0440\u0438\u0432\u043b\u0435\u043a\u0430\u0442\u0435\u043b\u044c\u043d\u044b\u0439 \u043c\u043e\u0440\u0444\u043e\u043b\u043e\u0433\u0438\u0447\u0435\u0441\u043a\u0438\u0439 \u043f\u0440\u043e\u0444\u0438\u043b\u044c<\/p>\n<p data-start=\"1286\" data-end=\"1573\">\u041d\u0430\u0437\u043d\u0430\u0447\u0435\u043d\u0438\u0435 \u043f\u0440\u043e\u0434\u0443\u043a\u0442\u0430: \u0422\u043e\u043b\u044c\u043a\u043e \u0434\u043b\u044f \u043f\u0440\u043e\u0444\u0435\u0441\u0441\u0438\u043e\u043d\u0430\u043b\u044c\u043d\u043e\u0433\u043e \u0438\u0441\u043f\u043e\u043b\u044c\u0437\u043e\u0432\u0430\u043d\u0438\u044f \u0438\u043b\u0438 \u043a\u043e\u043b\u043b\u0435\u043a\u0446\u0438\u043e\u043d\u0438\u0440\u043e\u0432\u0430\u043d\u0438\u044f. \u041d\u0435 \u043f\u0440\u0435\u0434\u043d\u0430\u0437\u043d\u0430\u0447\u0435\u043d \u0434\u043b\u044f \u0443\u043f\u043e\u0442\u0440\u0435\u0431\u043b\u0435\u043d\u0438\u044f.<br data-start=\"1380\" data-end=\"1383\" \/>\u041e\u0433\u0440\u0430\u043d\u0438\u0447\u0435\u043d\u0438\u044f \u043f\u0440\u043e\u0434\u0430\u0436\u0438: \u041d\u0435 \u043f\u0440\u043e\u0434\u0430\u0435\u0442\u0441\u044f \u043b\u0438\u0446\u0430\u043c \u043c\u043b\u0430\u0434\u0448\u0435 18 \u043b\u0435\u0442.<br data-start=\"1442\" data-end=\"1445\" \/>\u0425\u0440\u0430\u043d\u0435\u043d\u0438\u0435: \u0425\u0440\u0430\u043d\u0438\u0442\u044c \u0432 \u0441\u0443\u0445\u043e\u043c \u043c\u0435\u0441\u0442\u0435, \u0437\u0430\u0449\u0438\u0449\u0435\u043d\u043d\u043e\u043c \u043e\u0442 \u0442\u0435\u043f\u043b\u0430 \u0438 \u043d\u0435\u0434\u043e\u0441\u0442\u0443\u043f\u043d\u043e\u043c \u0434\u043b\u044f \u0434\u0435\u0442\u0435\u0439.<br data-start=\"1544\" data-end=\"1547\" \/>\u0421\u0442\u0440\u0430\u043d\u0430 \u043f\u0440\u043e\u0438\u0441\u0445\u043e\u0436\u0434\u0435\u043d\u0438\u044f: \u0418\u0442\u0430\u043b\u0438\u044f.<\/p>\n<p data-start=\"1575\" data-end=\"1786\">\u041e\u043f\u0442\u043e\u0432\u0430\u044f \u0442\u043e\u0440\u0433\u043e\u0432\u043b\u044f \u0438 \u043f\u0430\u0440\u0442\u043d\u0435\u0440\u0441\u0442\u0432\u043e:<br data-start=\"1612\" data-end=\"1615\" \/>\u0425\u043e\u0442\u0438\u0442\u0435 \u0441\u0442\u0430\u0442\u044c \u043d\u0435\u0437\u0430\u0432\u0438\u0441\u0438\u043c\u044b\u043c \u0434\u0438\u0441\u0442\u0440\u0438\u0431\u044c\u044e\u0442\u043e\u0440\u043e\u043c \u0438\u043b\u0438 \u0444\u0440\u0430\u043d\u0447\u0430\u0439\u0437\u0438\u043d\u0433\u043e\u0432\u044b\u043c \u043f\u0430\u0440\u0442\u043d\u0435\u0440\u043e\u043c? \u041c\u044b \u043f\u0440\u0435\u0434\u043b\u0430\u0433\u0430\u0435\u043c \u043d\u0435\u0431\u043e\u043b\u044c\u0448\u0438\u0435 \u043c\u0438\u043d\u0438\u043c\u0430\u043b\u044c\u043d\u044b\u0435 \u043e\u0431\u044a\u0435\u043c\u044b, \u0432\u044b\u0441\u043e\u043a\u043e\u0435 \u043a\u0430\u0447\u0435\u0441\u0442\u0432\u043e \u0438 \u0433\u0438\u0431\u043a\u0438\u0435 \u0443\u0441\u043b\u043e\u0432\u0438\u044f \u0441\u043e\u0442\u0440\u0443\u0434\u043d\u0438\u0447\u0435\u0441\u0442\u0432\u0430.<br data-start=\"1748\" data-end=\"1751\" \/>\u0421\u0432\u044f\u0436\u0438\u0442\u0435\u0441\u044c \u0441 \u043d\u0430\u043c\u0438: <a class=\"decorated-link cursor-pointer\" rel=\"noopener\" data-start=\"1766\" data-end=\"1784\">biz@cbditaly.store<\/a><\/p>","protected":false},"excerpt":{"rendered":"<p>Premium Amnesia Joint X THCVO 60% \u2013 3 vnt. rinkinys (4 g)<\/p>","protected":false},"featured_media":1746,"comment_status":"closed","ping_status":"closed","template":"","meta":{"_joinchat":[]},"product_cat":[104,83,103],"product_tag":[],"tiered_pricing_type":"fixed","tiered_pricing_fixed_rules":[],"tiered_pricing_product_settings":{"layout":"default","base_unit_name":{"singular":null,"plural":null},"default_variation":null},"tiered_pricing_minimum_quantity":null,"tiered_pricing_roles_data":[],"tiered_pricing_percentage_rules":[],"tiered_pricing_maximum_quantity":null,"tiered_pricing_quantity_step":null,"_links":{"self":[{"href":"https:\/\/cbditaly.lt\/ru\/wp-json\/wp\/v2\/product\/1461"}],"collection":[{"href":"https:\/\/cbditaly.lt\/ru\/wp-json\/wp\/v2\/product"}],"about":[{"href":"https:\/\/cbditaly.lt\/ru\/wp-json\/wp\/v2\/types\/product"}],"replies":[{"embeddable":true,"href":"https:\/\/cbditaly.lt\/ru\/wp-json\/wp\/v2\/comments?post=1461"}],"wp:featuredmedia":[{"embeddable":true,"href":"https:\/\/cbditaly.lt\/ru\/wp-json\/wp\/v2\/media\/1746"}],"wp:attachment":[{"href":"https:\/\/cbditaly.lt\/ru\/wp-json\/wp\/v2\/media?parent=1461"}],"wp:term":[{"taxonomy":"product_cat","embeddable":true,"href":"https:\/\/cbditaly.lt\/ru\/wp-json\/wp\/v2\/product_cat?post=1461"},{"taxonomy":"product_tag","embeddable":true,"href":"https:\/\/cbditaly.lt\/ru\/wp-json\/wp\/v2\/product_tag?post=1461"}],"curies":[{"name":"wp","href":"https:\/\/api.w.org\/{rel}","templated":true}]}}