{"id":175,"date":"2024-04-11T22:04:05","date_gmt":"2024-04-11T22:04:05","guid":{"rendered":"https:\/\/cbditaly.lt\/?post_type=product&#038;p=175"},"modified":"2026-01-07T04:58:31","modified_gmt":"2026-01-07T01:58:31","slug":"cbg-6-mct-aliejus-sportline","status":"publish","type":"product","link":"https:\/\/cbditaly.lt\/ru\/product\/cbg-6-mct-aliejus-sportline\/","title":{"rendered":"CBG 6%, MCT aliejus SPORTLINE"},"content":{"rendered":"<p>CBG 6%, MCT aliejus, be THC, &#8222;SPORTLINE&#8221; sud\u0117tyje yra 600 mg ekologi\u0161ko CBG izoliato, 96,9% grynumo, i\u0161gauto i\u0161 Italijos kanapi\u0173, MCT aliejuje. Laikyti vaikams nepasiekiamoje vietoje. Vengti kontakto su akimis ir atviromis \u017eaizdomis. Be THC. &#8211; Pagaminta ES.<\/p>\n<p>\u041f\u0440\u043e\u0438\u0437\u0432\u043e\u0434\u0438\u0442\u0435\u043b\u044c: Organic CBDITALY Limited\n\u041e\u043f\u0442\u043e\u0432\u0430\u044f \u0442\u043e\u0440\u0433\u043e\u0432\u043b\u044f: <a href=\"http:\/\/www.cbditaly.store\/\" target=\"_new\" rel=\"noopener\">www.cbditaly.store<\/a><\/p>\n<pre>\u041a\u043e\u0441\u043c\u0435\u0442\u0438\u0447\u0435\u0441\u043a\u0438\u0439 \u043f\u0440\u043e\u0434\u0443\u043a\u0442, \u0437\u0430\u0440\u0435\u0433\u0438\u0441\u0442\u0440\u0438\u0440\u043e\u0432\u0430\u043d\u043d\u044b\u0439 \u0432 \u0441\u0438\u0441\u0442\u0435\u043c\u0435 \u0415\u0421 CPNP.<\/pre>\n<p>&nbsp;<\/p>","protected":false},"excerpt":{"rendered":"<p>CBG 6%, MCT aliejus SPORTLINE, be THC -10ml.-<\/p>","protected":false},"featured_media":208,"comment_status":"closed","ping_status":"closed","template":"","meta":{"_joinchat":[]},"product_cat":[28,18],"product_tag":[],"tiered_pricing_type":"fixed","tiered_pricing_fixed_rules":{"3":40,"5":35},"tiered_pricing_product_settings":{"layout":"default","base_unit_name":{"singular":null,"plural":null},"default_variation":null},"tiered_pricing_minimum_quantity":null,"tiered_pricing_roles_data":[],"tiered_pricing_percentage_rules":[],"tiered_pricing_maximum_quantity":null,"tiered_pricing_quantity_step":null,"_links":{"self":[{"href":"https:\/\/cbditaly.lt\/ru\/wp-json\/wp\/v2\/product\/175"}],"collection":[{"href":"https:\/\/cbditaly.lt\/ru\/wp-json\/wp\/v2\/product"}],"about":[{"href":"https:\/\/cbditaly.lt\/ru\/wp-json\/wp\/v2\/types\/product"}],"replies":[{"embeddable":true,"href":"https:\/\/cbditaly.lt\/ru\/wp-json\/wp\/v2\/comments?post=175"}],"wp:featuredmedia":[{"embeddable":true,"href":"https:\/\/cbditaly.lt\/ru\/wp-json\/wp\/v2\/media\/208"}],"wp:attachment":[{"href":"https:\/\/cbditaly.lt\/ru\/wp-json\/wp\/v2\/media?parent=175"}],"wp:term":[{"taxonomy":"product_cat","embeddable":true,"href":"https:\/\/cbditaly.lt\/ru\/wp-json\/wp\/v2\/product_cat?post=175"},{"taxonomy":"product_tag","embeddable":true,"href":"https:\/\/cbditaly.lt\/ru\/wp-json\/wp\/v2\/product_tag?post=175"}],"curies":[{"name":"wp","href":"https:\/\/api.w.org\/{rel}","templated":true}]}}