{"id":1763,"date":"2026-03-26T12:18:31","date_gmt":"2026-03-26T09:18:31","guid":{"rendered":"https:\/\/cbditaly.lt\/?post_type=product&#038;p=1763"},"modified":"2026-03-26T12:43:42","modified_gmt":"2026-03-26T09:43:42","slug":"booster-1000-mg-thcvo","status":"publish","type":"product","link":"https:\/\/cbditaly.lt\/ru\/product\/booster-1000-mg-thcvo\/","title":{"rendered":"BOOSTER 1000mg THCVO"},"content":{"rendered":"<p data-start=\"0\" data-end=\"21\">BOOSTER 1000 mg THCVO<\/p>\n<p data-start=\"23\" data-end=\"42\">Techninis produktas<\/p>\n<p data-start=\"44\" data-end=\"126\">Sud\u0117tis: propilenglikolis (PG), tetrahidrokanabivarinas-O (THCV-O) 99 % (1000 mg).<\/p>\n<p data-start=\"128\" data-end=\"213\">Naudojimas: tik profesionaliam ir techniniam naudojimui. Neskirtas \u017emoni\u0173 vartojimui.<\/p>\n<p data-start=\"215\" data-end=\"265\">\u012esp\u0117jimas: laikyti vaikams nepasiekiamoje vietoje.<\/p>\n<p data-start=\"267\" data-end=\"333\">Atsakinga \u012fmon\u0117 (ES): Organic CBD Italy Kft<br data-start=\"310\" data-end=\"313\" \/>PVM kodas: HU27323854-2-42<\/p>\n<p data-start=\"335\" data-end=\"357\">Grynasis kiekis: 10 ml<\/p>\n<p data-start=\"359\" data-end=\"605\">\u0425\u043e\u0442\u0438\u0442\u0435 \u0441\u0442\u0430\u0442\u044c \u043d\u0435\u0437\u0430\u0432\u0438\u0441\u0438\u043c\u044b\u043c \u0434\u0438\u0441\u0442\u0440\u0438\u0431\u044c\u044e\u0442\u043e\u0440\u043e\u043c \u0438\u043b\u0438 \u0444\u0440\u0430\u043d\u0447\u0430\u0439\u0437\u0438\u043d\u0433\u043e\u0432\u044b\u043c \u043f\u0430\u0440\u0442\u043d\u0435\u0440\u043e\u043c?<br data-start=\"422\" data-end=\"425\" \/>Ma\u017ei minimal\u016bs u\u017esakymo kiekiai, auk\u0161ta kokyb\u0117 ir j\u016bs\u0173 poreikiams pritaikytos kainos. Prisijunkite prie m\u016bs\u0173 \u201eCash &amp; Carry\u201c programos arba susisiekite el. pa\u0161tu: <a class=\"decorated-link cursor-pointer\" rel=\"noopener\" data-start=\"587\" data-end=\"605\">biz@cbditaly.store<\/a><\/p>\n<p data-start=\"607\" data-end=\"699\" data-is-last-node=\"\" data-is-only-node=\"\">Produkte n\u0117ra nikotino. Nerekomenduojama vartoti n\u0117\u0161\u010dioms ar kr\u016btimi maitinan\u010dioms moterims.<\/p>","protected":false},"excerpt":{"rendered":"<p>BOOSTER 1000 mg THCVO<\/p>","protected":false},"featured_media":1724,"comment_status":"closed","ping_status":"closed","template":"","meta":{"_joinchat":[]},"product_cat":[18,19,20],"product_tag":[],"tiered_pricing_type":"fixed","tiered_pricing_fixed_rules":{"3":70,"5":60,"10":50},"tiered_pricing_product_settings":{"layout":"default","base_unit_name":{"singular":null,"plural":null},"default_variation":null},"tiered_pricing_minimum_quantity":null,"tiered_pricing_roles_data":[],"tiered_pricing_percentage_rules":[],"tiered_pricing_maximum_quantity":null,"tiered_pricing_quantity_step":null,"_links":{"self":[{"href":"https:\/\/cbditaly.lt\/ru\/wp-json\/wp\/v2\/product\/1763"}],"collection":[{"href":"https:\/\/cbditaly.lt\/ru\/wp-json\/wp\/v2\/product"}],"about":[{"href":"https:\/\/cbditaly.lt\/ru\/wp-json\/wp\/v2\/types\/product"}],"replies":[{"embeddable":true,"href":"https:\/\/cbditaly.lt\/ru\/wp-json\/wp\/v2\/comments?post=1763"}],"wp:featuredmedia":[{"embeddable":true,"href":"https:\/\/cbditaly.lt\/ru\/wp-json\/wp\/v2\/media\/1724"}],"wp:attachment":[{"href":"https:\/\/cbditaly.lt\/ru\/wp-json\/wp\/v2\/media?parent=1763"}],"wp:term":[{"taxonomy":"product_cat","embeddable":true,"href":"https:\/\/cbditaly.lt\/ru\/wp-json\/wp\/v2\/product_cat?post=1763"},{"taxonomy":"product_tag","embeddable":true,"href":"https:\/\/cbditaly.lt\/ru\/wp-json\/wp\/v2\/product_tag?post=1763"}],"curies":[{"name":"wp","href":"https:\/\/api.w.org\/{rel}","templated":true}]}}