{"id":190,"date":"2024-04-11T22:04:29","date_gmt":"2024-04-11T22:04:29","guid":{"rendered":"https:\/\/cbditaly.lt\/?post_type=product&#038;p=190"},"modified":"2024-04-22T21:17:12","modified_gmt":"2024-04-22T21:17:12","slug":"cbd-kanapiu-aliejus-12-sportline","status":"publish","type":"product","link":"https:\/\/cbditaly.lt\/ru\/product\/cbd-kanapiu-aliejus-12-sportline\/","title":{"rendered":"CBD Kanapi\u0173 Aliejus 12% SPORTLINE"},"content":{"rendered":"<p><strong>CBD Kanapi\u0173 Aliejus 12% SPORTLINE<\/strong><\/p>\n<p>CBD 12%, ekstra neitsi kanapi\u0173 aliejus, be THC, &#8222;SPORTLINE&#8221; turi 1200 mg organi\u0161ko CBD izoliato, kurio grynumas yra 99,9% ir kuris i\u0161gautas i\u0161 Italijoje augint\u0173 kanapi\u0173, kanapi\u0173 aliejuje. Laikykite vaikams nepasiekiamoje vietoje. Venkite kontakto su akimis ir atviromis \u017eaizdomis. Be THC. \u2013 Pagaminta ES.<\/p>\n<p>\u041f\u0440\u043e\u0438\u0437\u0432\u043e\u0434\u0438\u0442\u0435\u043b\u044c: Organic CBDITALY Limited\n\u041e\u043f\u0442\u043e\u0432\u0430\u044f \u0442\u043e\u0440\u0433\u043e\u0432\u043b\u044f: <a href=\"http:\/\/www.cbditaly.store\/\" target=\"_new\" rel=\"noopener\">www.cbditaly.store<\/a><\/p>\n<pre>ELyje CPNP registre \u012fregistruotas kosmetikos gaminys.<\/pre>","protected":false},"excerpt":{"rendered":"<p>CBD Kanapi\u0173 Aliejus 12% SPORTLINE HEMP, be THC. -10ml.-<\/p>","protected":false},"featured_media":262,"comment_status":"closed","ping_status":"closed","template":"","meta":{"_joinchat":[]},"product_cat":[18],"product_tag":[],"tiered_pricing_type":"fixed","tiered_pricing_fixed_rules":{"3":35,"5":30},"tiered_pricing_product_settings":{"layout":"default","base_unit_name":{"singular":null,"plural":null},"default_variation":null},"tiered_pricing_minimum_quantity":null,"tiered_pricing_roles_data":[],"tiered_pricing_percentage_rules":[],"tiered_pricing_maximum_quantity":null,"tiered_pricing_quantity_step":null,"_links":{"self":[{"href":"https:\/\/cbditaly.lt\/ru\/wp-json\/wp\/v2\/product\/190"}],"collection":[{"href":"https:\/\/cbditaly.lt\/ru\/wp-json\/wp\/v2\/product"}],"about":[{"href":"https:\/\/cbditaly.lt\/ru\/wp-json\/wp\/v2\/types\/product"}],"replies":[{"embeddable":true,"href":"https:\/\/cbditaly.lt\/ru\/wp-json\/wp\/v2\/comments?post=190"}],"wp:featuredmedia":[{"embeddable":true,"href":"https:\/\/cbditaly.lt\/ru\/wp-json\/wp\/v2\/media\/262"}],"wp:attachment":[{"href":"https:\/\/cbditaly.lt\/ru\/wp-json\/wp\/v2\/media?parent=190"}],"wp:term":[{"taxonomy":"product_cat","embeddable":true,"href":"https:\/\/cbditaly.lt\/ru\/wp-json\/wp\/v2\/product_cat?post=190"},{"taxonomy":"product_tag","embeddable":true,"href":"https:\/\/cbditaly.lt\/ru\/wp-json\/wp\/v2\/product_tag?post=190"}],"curies":[{"name":"wp","href":"https:\/\/api.w.org\/{rel}","templated":true}]}}