{"id":202,"date":"2024-04-11T22:04:51","date_gmt":"2024-04-11T22:04:51","guid":{"rendered":"https:\/\/cbditaly.lt\/?post_type=product&#038;p=202"},"modified":"2026-02-10T18:22:22","modified_gmt":"2026-02-10T15:22:22","slug":"amnesia-cbd-22","status":"publish","type":"product","link":"https:\/\/cbditaly.lt\/ru\/product\/amnesia-cbd-22\/","title":{"rendered":"AMNESIA CBD 22%"},"content":{"rendered":"<p data-start=\"278\" data-end=\"599\">AMNESIA CBD 22%<\/p>\n<p>Amnesia \u2013 tai i\u0161skirtin\u0117 kanapi\u0173 veisl\u0117, gars\u0117janti intensyviu aromatu ir citrusini\u0173 vaisi\u0173 bei prieskoni\u0173 natomis. \u0160i versija, turinti net 22 % CBD ir tik 0,2 % THC, u\u017etikrina stipr\u0173 atpalaiduojant\u012f poveik\u012f be psichoaktyvaus poveikio. Puikus pasirinkimas ie\u0161kantiems proto skaidrumo ir emocin\u0117s pusiausvyros.<\/p>\n<p data-start=\"601\" data-end=\"761\">Aromatas ir skonis:<br data-start=\"620\" data-end=\"623\" \/>Citrusin\u0117s natos derinamos su sald\u017eiu, \u0161iek tiek pipiri\u0161ku aromatu. Skonis i\u0161rai\u0161kingas, aitrus, su maloniu gaivumu ir i\u0161liekamu poskoniu.<\/p>\n<p data-start=\"763\" data-end=\"959\">\u0425\u0430\u0440\u0430\u043a\u0442\u0435\u0440\u0438\u0441\u0442\u0438\u043a\u0438 \u0441\u043e\u0440\u0442\u0430:<br data-start=\"779\" data-end=\"782\" \/>CBD kiekis: 22 %<br data-start=\"798\" data-end=\"801\" \/>THC kiekis: 0,2 % (atitinka ES reikalavimus)<br data-start=\"845\" data-end=\"848\" \/>I\u0161vaizda: dervingi, pailgi \u017eiedai, \u0161viesiai \u017ealios spalvos su ry\u0161kiomis oran\u017ein\u0117mis plaukeli\u0173 gij\u0173 strukt\u016bromis<\/p>\n<p data-start=\"961\" data-end=\"1031\">Produktas jau prekyboje \u2013 atrinktas rankomis ir kruop\u0161\u010diai supakuotas.<\/p>\n<p data-start=\"1033\" data-end=\"1309\">Produkto naudojimas: tik profesionaliam naudojimui arba kolekcionavimui. Ne vartoti \u017emon\u0117ms.<br data-start=\"1125\" data-end=\"1128\" \/>\u041e\u0433\u0440\u0430\u043d\u0438\u0447\u0435\u043d\u0438\u044f \u043f\u0440\u043e\u0434\u0430\u0436\u0438: \u041d\u0435 \u043f\u0440\u043e\u0434\u0430\u0435\u0442\u0441\u044f \u043b\u0438\u0446\u0430\u043c \u043c\u043b\u0430\u0434\u0448\u0435 18 \u043b\u0435\u0442.<br data-start=\"1185\" data-end=\"1188\" \/>Laikymas: laikyti sausoje vietoje, toliau nuo \u0161ilumos \u0161altini\u0173 ir vaikams nepasiekiamoje vietoje.<br data-start=\"1285\" data-end=\"1288\" \/>\u0421\u0442\u0440\u0430\u043d\u0430 \u043f\u0440\u043e\u0438\u0441\u0445\u043e\u0436\u0434\u0435\u043d\u0438\u044f: \u0418\u0442\u0430\u043b\u0438\u044f<\/p>\n<p data-start=\"1311\" data-end=\"1537\">\u0425\u043e\u0442\u0438\u0442\u0435 \u0441\u0442\u0430\u0442\u044c \u043d\u0435\u0437\u0430\u0432\u0438\u0441\u0438\u043c\u044b\u043c \u0434\u0438\u0441\u0442\u0440\u0438\u0431\u044c\u044e\u0442\u043e\u0440\u043e\u043c \u0438\u043b\u0438 \u0444\u0440\u0430\u043d\u0447\u0430\u0439\u0437\u0438\u043d\u0433\u043e\u0432\u044b\u043c \u043f\u0430\u0440\u0442\u043d\u0435\u0440\u043e\u043c?<br data-start=\"1374\" data-end=\"1377\" \/>Ma\u017ei minimal\u016bs kiekiai, auk\u0161ta kokyb\u0117 ir kainos, pritaikytos j\u016bs\u0173 poreikiams. Prisijunkite prie m\u016bs\u0173 Cash &amp; Carry programos arba susisiekite: <a class=\"decorated-link cursor-pointer\" rel=\"noopener\" data-start=\"1519\" data-end=\"1537\">biz@cbditaly.store<\/a><\/p>","protected":false},"excerpt":{"rendered":"<p>Kanap\u0117s \u017eiedai AMNESIA CBD 22%<br \/>\nPrieinama pakuot\u0117se: 2g, 3g, 5g, 10g, 20g, 50g, 100g.<\/p>","protected":false},"featured_media":277,"comment_status":"closed","ping_status":"closed","template":"","meta":{"_joinchat":[]},"product_cat":[26,105],"product_tag":[],"tiered_pricing_type":"fixed","tiered_pricing_fixed_rules":{"2":8,"3":7,"5":6,"10":5,"20":4.5,"50":4,"100":3,"1000":2},"tiered_pricing_product_settings":{"layout":"default","base_unit_name":{"singular":null,"plural":null},"default_variation":null},"tiered_pricing_minimum_quantity":null,"tiered_pricing_roles_data":[],"tiered_pricing_percentage_rules":[],"tiered_pricing_maximum_quantity":null,"tiered_pricing_quantity_step":null,"_links":{"self":[{"href":"https:\/\/cbditaly.lt\/ru\/wp-json\/wp\/v2\/product\/202"}],"collection":[{"href":"https:\/\/cbditaly.lt\/ru\/wp-json\/wp\/v2\/product"}],"about":[{"href":"https:\/\/cbditaly.lt\/ru\/wp-json\/wp\/v2\/types\/product"}],"replies":[{"embeddable":true,"href":"https:\/\/cbditaly.lt\/ru\/wp-json\/wp\/v2\/comments?post=202"}],"wp:featuredmedia":[{"embeddable":true,"href":"https:\/\/cbditaly.lt\/ru\/wp-json\/wp\/v2\/media\/277"}],"wp:attachment":[{"href":"https:\/\/cbditaly.lt\/ru\/wp-json\/wp\/v2\/media?parent=202"}],"wp:term":[{"taxonomy":"product_cat","embeddable":true,"href":"https:\/\/cbditaly.lt\/ru\/wp-json\/wp\/v2\/product_cat?post=202"},{"taxonomy":"product_tag","embeddable":true,"href":"https:\/\/cbditaly.lt\/ru\/wp-json\/wp\/v2\/product_tag?post=202"}],"curies":[{"name":"wp","href":"https:\/\/api.w.org\/{rel}","templated":true}]}}