{"id":274,"date":"2024-04-11T22:06:23","date_gmt":"2024-04-11T22:06:23","guid":{"rendered":"https:\/\/cbditaly.lt\/?post_type=product&#038;p=274"},"modified":"2025-12-13T19:24:50","modified_gmt":"2025-12-13T16:24:50","slug":"blue-lotus-15g","status":"publish","type":"product","link":"https:\/\/cbditaly.lt\/ru\/product\/blue-lotus-15g\/","title":{"rendered":"Blue Lotus 15g"},"content":{"rendered":"<p><strong>Blue Lotus 15g<\/strong><\/p>\n<p>Sinin\u0117 Lotosa (M\u0117lynasis lotosas, Nymphaea caerulea), taip pat \u017einoma kaip Nilo g\u0117l\u0117, yra i\u0161skirtinai gra\u017eus vandens augalas, kil\u0119s i\u0161 \u0160iaur\u0117s Afrikos region\u0173. Jos \u017eavesys nesiremia vien i\u0161vaizda; Sinin\u0117 Lotosa turi turting\u0105 kult\u016brin\u0119 ir dvasin\u0119 istorij\u0105, b\u016bdama labai vertinama senov\u0117s Egipto civilizacijose d\u0117l savo ramyb\u0119 teikian\u010di\u0173 ir psichoaktyvi\u0173 savybi\u0173.<\/p>\n<p>Istoriniu po\u017ei\u016briu Sinin\u0117 Lotosa buvo naudojama religiniuose ritualuose ir kaip nat\u016brali priemon\u0117 skatinant atsipalaidavim\u0105, gerinant miego kokyb\u0119 ir sukeliant sapnus. \u0160io augalo vaizdai da\u017enai pasitaiko Egipto mene, kur jis da\u017enai siejamas su saule, atgimimu ir atsinaujinimu, simbolizuojant pereinam\u0105j\u012f etap\u0105 i\u0161 ne\u017einojimo \u012f s\u0105moningum\u0105, i\u0161 nakties \u012f dien\u0105.<\/p>\n<p>Sinin\u0117s Lotosos poveikis daugiausia kyla i\u0161 dviej\u0173 aktyvi\u0173 jungini\u0173: apomorfino ir nuciferino. Apomorfinas turi dopaminergines savybes, kurios gali sukelti pasitenkinimo ir gerov\u0117s jausm\u0105, tuo tarpu nuciferinas veikia kaip spazmolitikas, padedantis atpalaiduoti raumenis ir skatinti ramyb\u0117s poj\u016bt\u012f. \u0160ios savyb\u0117s daro Sinin\u0119 Lotos\u0105 puikiu s\u0105jungininku tiems, kurie ie\u0161ko nat\u016brali\u0173 b\u016bd\u0173 ma\u017einti stres\u0105 ir nerim\u0105 ar gerinti savo poilsio kokyb\u0119.<\/p>\n<p>M\u016bs\u0173 internetin\u0117je parduotuv\u0117je si\u016blome auk\u0161tos kokyb\u0117s d\u017eiovint\u0173 Sinin\u0117s Lotosos \u017eied\u0173, kurie yra atid\u017eiai atrinkti, u\u017etikrinant maksimal\u0173 j\u0173 potencial\u0105 ir veiksmingum\u0105. \u0160is produktas gali b\u016bti naudojamas arbatoms, u\u017epilams ar tinkt\u016broms gaminti, suteikiant atpalaiduojant\u012f ir atgaivinant\u012f patyrim\u0105, kuris apjungia \u0161io i\u0161skirtinio augalo istorin\u012f palikim\u0105.<\/p>\n<p>Atraskite Sinin\u0117s Lotosos magij\u0105 ir leiskite jai apgaubti jus istori\u0161kai ramybe. M\u016bs\u0173 d\u017eiovinta Sinin\u0117 Lotosa yra tiltas \u012f sen\u0105sias tradicijas, si\u016blantis nat\u016bral\u0173 b\u016bd\u0105 pasiekti vidin\u0119 ramyb\u0119 ir gerov\u0119.<\/p>\n<p>\u041e\u043f\u0442\u043e\u0432\u044b\u0435 \u043f\u043e\u0441\u0442\u0430\u0432\u043a\u0438 CBD \u0432 \u041b\u0438\u0442\u0432\u0443: <a href=\"http:\/\/www.cbditaly.store\" target=\"_new\" rel=\"noopener\" data-start=\"45\" data-end=\"63\" data-is-last-node=\"\">www.cbditaly.store<\/a><\/p>\n<p>Produkto naudojimas: Tik profesionaliam naudojimui arba kolekcionavimui. Nevartoti \u017emon\u0117ms. Pardavimo apribojimai: Neparduodama asmenims iki 18 met\u0173. Laikymas: Laikyti sausoje vietoje, toli nuo \u0161ilumos \u0161altini\u0173 ir nepasiekiamoje vaikams vietoje.<\/p>","protected":false},"excerpt":{"rendered":"<p><strong>Blue Lotus flowers 15g (Nymphaea caerulea):<\/strong> Sinin\u0117 Lotosa (M\u0117lynasis lotosas, Nymphaea caerulea), taip pat \u017einoma kaip Nilo g\u0117l\u0117, yra i\u0161skirtinai gra\u017eus vandens augalas, kil\u0119s i\u0161 \u0160iaur\u0117s Afrikos region\u0173.<\/p>","protected":false},"featured_media":301,"comment_status":"closed","ping_status":"closed","template":"","meta":{"_joinchat":[]},"product_cat":[20,56,22],"product_tag":[],"tiered_pricing_type":"fixed","tiered_pricing_fixed_rules":{"3":20},"tiered_pricing_product_settings":{"layout":"default","base_unit_name":{"singular":null,"plural":null},"default_variation":null},"tiered_pricing_minimum_quantity":null,"tiered_pricing_roles_data":[],"tiered_pricing_percentage_rules":[],"tiered_pricing_maximum_quantity":null,"tiered_pricing_quantity_step":null,"_links":{"self":[{"href":"https:\/\/cbditaly.lt\/ru\/wp-json\/wp\/v2\/product\/274"}],"collection":[{"href":"https:\/\/cbditaly.lt\/ru\/wp-json\/wp\/v2\/product"}],"about":[{"href":"https:\/\/cbditaly.lt\/ru\/wp-json\/wp\/v2\/types\/product"}],"replies":[{"embeddable":true,"href":"https:\/\/cbditaly.lt\/ru\/wp-json\/wp\/v2\/comments?post=274"}],"wp:featuredmedia":[{"embeddable":true,"href":"https:\/\/cbditaly.lt\/ru\/wp-json\/wp\/v2\/media\/301"}],"wp:attachment":[{"href":"https:\/\/cbditaly.lt\/ru\/wp-json\/wp\/v2\/media?parent=274"}],"wp:term":[{"taxonomy":"product_cat","embeddable":true,"href":"https:\/\/cbditaly.lt\/ru\/wp-json\/wp\/v2\/product_cat?post=274"},{"taxonomy":"product_tag","embeddable":true,"href":"https:\/\/cbditaly.lt\/ru\/wp-json\/wp\/v2\/product_tag?post=274"}],"curies":[{"name":"wp","href":"https:\/\/api.w.org\/{rel}","templated":true}]}}