{"id":507,"date":"2024-10-02T23:29:39","date_gmt":"2024-10-02T20:29:39","guid":{"rendered":"https:\/\/cbditaly.lt\/?post_type=product&#038;p=507"},"modified":"2026-01-07T01:30:23","modified_gmt":"2026-01-06T22:30:23","slug":"avokado-cbd-aliejus-masazui-100ml","status":"publish","type":"product","link":"https:\/\/cbditaly.lt\/ru\/product\/avokado-cbd-aliejus-masazui-100ml\/","title":{"rendered":"\u041c\u0430\u0441\u0441\u0430\u0436\u043d\u043e\u0435 \u043c\u0430\u0441\u043b\u043e \u0441 CBD \u0438 \u0430\u0432\u043e\u043a\u0430\u0434\u043e \u2013 100 \u043c\u043b"},"content":{"rendered":"<p>\u041c\u0430\u0441\u0441\u0430\u0436\u043d\u043e\u0435 \u043c\u0430\u0441\u043b\u043e \u0441 CBD \u0438 \u0430\u0432\u043e\u043a\u0430\u0434\u043e \u2013 100 \u043c\u043b<\/p>\n<p>\u041e\u0442\u043a\u0440\u043e\u0439\u0442\u0435 \u0434\u043b\u044f \u0441\u0435\u0431\u044f \u0432\u044b\u0441\u043e\u043a\u043e\u043a\u0430\u0447\u0435\u0441\u0442\u0432\u0435\u043d\u043d\u043e\u0435 \u043c\u0430\u0441\u0441\u0430\u0436\u043d\u043e\u0435 \u043c\u0430\u0441\u043b\u043e \u0441 CBD \u0438 \u0430\u0432\u043e\u043a\u0430\u0434\u043e, \u0441\u043f\u0435\u0446\u0438\u0430\u043b\u044c\u043d\u043e \u0440\u0430\u0437\u0440\u0430\u0431\u043e\u0442\u0430\u043d\u043d\u043e\u0435 \u0434\u043b\u044f \u043c\u0430\u0441\u0441\u0430\u0436\u043d\u044b\u0445 \u043f\u0440\u043e\u0446\u0435\u0434\u0443\u0440. \u0424\u043b\u0430\u043a\u043e\u043d \u0441 \u0434\u043e\u0437\u0430\u0442\u043e\u0440\u043e\u043c \u043e\u0431\u044a\u0435\u043c\u043e\u043c 100 \u043c\u043b \u043e\u0431\u043e\u0433\u0430\u0449\u0435\u043d 1% \u044d\u043a\u0441\u0442\u0440\u0430\u043a\u0442\u0430 CBD \u0438 \u043e\u0440\u0433\u0430\u043d\u0438\u0447\u0435\u0441\u043a\u0438\u043c \u043c\u0430\u0441\u043b\u043e\u043c \u0430\u0432\u043e\u043a\u0430\u0434\u043e, \u043e\u0431\u0435\u0441\u043f\u0435\u0447\u0438\u0432\u0430\u044f \u043d\u0430\u0442\u0443\u0440\u0430\u043b\u044c\u043d\u043e\u0435 \u0438 \u043f\u0440\u0438\u044f\u0442\u043d\u043e\u0435 \u043e\u0449\u0443\u0449\u0435\u043d\u0438\u0435 \u0432\u043e \u0432\u0440\u0435\u043c\u044f \u043c\u0430\u0441\u0441\u0430\u0436\u0430.<\/p>\n<p>\u0425\u0430\u0440\u0430\u043a\u0442\u0435\u0440\u0438\u0441\u0442\u0438\u043a\u0438:<\/p>\n<ul>\n<li>1% CBD: \u0418\u0437\u0433\u043e\u0442\u043e\u0432\u043b\u0435\u043d\u043e \u0438\u0437 \u0432\u044b\u0441\u043e\u043a\u043e\u043a\u0430\u0447\u0435\u0441\u0442\u0432\u0435\u043d\u043d\u043e\u0433\u043e \u043a\u0430\u043d\u043d\u0430\u0431\u0438\u0434\u0438\u043e\u043b\u0430, \u043f\u0440\u0435\u0434\u043d\u0430\u0437\u043d\u0430\u0447\u0435\u043d\u043d\u043e\u0433\u043e \u0434\u043b\u044f \u0441\u043e\u0437\u0434\u0430\u043d\u0438\u044f \u0440\u0430\u0441\u0441\u043b\u0430\u0431\u043b\u044f\u044e\u0449\u0435\u0433\u043e \u0438 \u0443\u0441\u043f\u043e\u043a\u0430\u0438\u0432\u0430\u044e\u0449\u0435\u0433\u043e \u043e\u0449\u0443\u0449\u0435\u043d\u0438\u044f.<\/li>\n<li>\u041e\u0440\u0433\u0430\u043d\u0438\u0447\u0435\u0441\u043a\u043e\u0435 \u043c\u0430\u0441\u043b\u043e \u0430\u0432\u043e\u043a\u0430\u0434\u043e: \u041d\u0430\u0442\u0443\u0440\u0430\u043b\u044c\u043d\u043e\u0435 \u0443\u0432\u043b\u0430\u0436\u043d\u044f\u044e\u0449\u0435\u0435 \u043c\u0430\u0441\u043b\u043e, \u043a\u043e\u0442\u043e\u0440\u043e\u0435 \u043f\u0438\u0442\u0430\u0435\u0442 \u0438 \u043e\u0431\u043d\u043e\u0432\u043b\u044f\u0435\u0442 \u043a\u043e\u0436\u0443, \u0434\u0435\u043b\u0430\u044f \u0435\u0435 \u043c\u044f\u0433\u043a\u043e\u0439 \u0438 \u044d\u043b\u0430\u0441\u0442\u0438\u0447\u043d\u043e\u0439.<\/li>\n<li>\u0424\u043b\u0430\u043a\u043e\u043d \u0441 \u0434\u043e\u0437\u0430\u0442\u043e\u0440\u043e\u043c 100 \u043c\u043b: \u0423\u0434\u043e\u0431\u043d\u0430\u044f \u0438 \u0433\u0438\u0433\u0438\u0435\u043d\u0438\u0447\u043d\u0430\u044f \u0443\u043f\u0430\u043a\u043e\u0432\u043a\u0430 \u0434\u043b\u044f \u043b\u0435\u0433\u043a\u043e\u0433\u043e \u0438 \u0442\u043e\u0447\u043d\u043e\u0433\u043e \u0438\u0441\u043f\u043e\u043b\u044c\u0437\u043e\u0432\u0430\u043d\u0438\u044f.<\/li>\n<\/ul>\n<p>\u041f\u0440\u0435\u0438\u043c\u0443\u0449\u0435\u0441\u0442\u0432\u0430:<\/p>\n<ul>\n<li>\u0420\u0430\u0441\u0441\u043b\u0430\u0431\u043b\u0435\u043d\u0438\u0435 \u0438 \u0441\u043d\u0438\u0436\u0435\u043d\u0438\u0435 \u0441\u0442\u0440\u0435\u0441\u0441\u0430: CBD \u0441\u043f\u043e\u0441\u043e\u0431\u0441\u0442\u0432\u0443\u0435\u0442 \u043e\u0449\u0443\u0449\u0435\u043d\u0438\u044e \u0441\u043f\u043e\u043a\u043e\u0439\u0441\u0442\u0432\u0438\u044f \u0438 \u0441\u043d\u0438\u0436\u0435\u043d\u0438\u044e \u043d\u0430\u043f\u0440\u044f\u0436\u0435\u043d\u0438\u044f.<\/li>\n<li>\u0423\u0445\u043e\u0434 \u0437\u0430 \u043a\u043e\u0436\u0435\u0439: \u041c\u0430\u0441\u043b\u043e \u0430\u0432\u043e\u043a\u0430\u0434\u043e \u043f\u0438\u0442\u0430\u0435\u0442 \u043a\u043e\u0436\u0443, \u043f\u043e\u043c\u043e\u0433\u0430\u0435\u0442 \u0441\u043e\u0445\u0440\u0430\u043d\u044f\u0442\u044c \u0435\u0441\u0442\u0435\u0441\u0442\u0432\u0435\u043d\u043d\u0443\u044e \u0432\u043b\u0430\u0436\u043d\u043e\u0441\u0442\u044c \u0438 \u043f\u0440\u0438\u0434\u0430\u0435\u0442 \u0437\u0434\u043e\u0440\u043e\u0432\u044b\u0439 \u0432\u043d\u0435\u0448\u043d\u0438\u0439 \u0432\u0438\u0434.<\/li>\n<li>\u041d\u0430\u0442\u0443\u0440\u0430\u043b\u044c\u043d\u044b\u0435 \u0438\u043d\u0433\u0440\u0435\u0434\u0438\u0435\u043d\u0442\u044b: \u0411\u0435\u0437 \u0441\u0438\u043d\u0442\u0435\u0442\u0438\u0447\u0435\u0441\u043a\u0438\u0445 \u0434\u043e\u0431\u0430\u0432\u043e\u043a, \u043f\u043e\u0434\u0445\u043e\u0434\u0438\u0442 \u0434\u043b\u044f \u0432\u0441\u0435\u0445 \u0442\u0438\u043f\u043e\u0432 \u043a\u043e\u0436\u0438.<\/li>\n<\/ul>\n<p>\u0421\u043f\u043e\u0441\u043e\u0431 \u043f\u0440\u0438\u043c\u0435\u043d\u0435\u043d\u0438\u044f:<\/p>\n<ol>\n<li>\u041f\u043e\u0434\u0433\u043e\u0442\u043e\u0432\u043a\u0430 \u043a\u043e\u0436\u0438: \u0423\u0431\u0435\u0434\u0438\u0442\u0435\u0441\u044c, \u0447\u0442\u043e \u043a\u043e\u0436\u0430 \u0447\u0438\u0441\u0442\u0430\u044f \u0438 \u0441\u0443\u0445\u0430\u044f.<\/li>\n<li>\u041d\u0430\u043d\u0435\u0441\u0435\u043d\u0438\u0435 \u043c\u0430\u0441\u043b\u0430: \u041d\u0430\u0436\u043c\u0438\u0442\u0435 \u043d\u0430 \u0434\u043e\u0437\u0430\u0442\u043e\u0440 \u0438 \u043d\u0430\u043d\u0435\u0441\u0438\u0442\u0435 \u043d\u0435\u043e\u0431\u0445\u043e\u0434\u0438\u043c\u043e\u0435 \u043a\u043e\u043b\u0438\u0447\u0435\u0441\u0442\u0432\u043e \u043c\u0430\u0441\u043b\u0430 \u043d\u0430 \u0440\u0443\u043a\u0443.<\/li>\n<li>\u041c\u0430\u0441\u0441\u0430\u0436: \u041c\u044f\u0433\u043a\u043e \u0432\u0442\u0438\u0440\u0430\u0439\u0442\u0435 \u043c\u0430\u0441\u043b\u043e \u043a\u0440\u0443\u0433\u043e\u0432\u044b\u043c\u0438 \u0434\u0432\u0438\u0436\u0435\u043d\u0438\u044f\u043c\u0438, \u0443\u0434\u0435\u043b\u044f\u044f \u043e\u0441\u043e\u0431\u043e\u0435 \u0432\u043d\u0438\u043c\u0430\u043d\u0438\u0435 \u043d\u0430\u043f\u0440\u044f\u0436\u0435\u043d\u043d\u044b\u043c \u0437\u043e\u043d\u0430\u043c.<\/li>\n<li>\u041d\u0430\u0441\u043b\u0430\u0436\u0434\u0435\u043d\u0438\u0435: \u0414\u0430\u0439\u0442\u0435 \u043c\u0430\u0441\u043b\u0443 \u0432\u043f\u0438\u0442\u0430\u0442\u044c\u0441\u044f \u0438 \u043d\u0430\u0441\u043b\u0430\u0434\u0438\u0442\u0435\u0441\u044c \u043e\u0449\u0443\u0449\u0435\u043d\u0438\u0435\u043c \u0441\u043f\u043e\u043a\u043e\u0439\u0441\u0442\u0432\u0438\u044f \u0438 \u0441\u0432\u0435\u0436\u0435\u0441\u0442\u0438.<\/li>\n<\/ol>\n<p>\u0423\u0441\u043b\u043e\u0432\u0438\u044f \u0445\u0440\u0430\u043d\u0435\u043d\u0438\u044f: \u0425\u0440\u0430\u043d\u0438\u0442\u044c \u0432 \u043f\u0440\u043e\u0445\u043b\u0430\u0434\u043d\u043e\u043c \u0438 \u0441\u0443\u0445\u043e\u043c \u043c\u0435\u0441\u0442\u0435, \u0432\u0434\u0430\u043b\u0438 \u043e\u0442 \u043f\u0440\u044f\u043c\u044b\u0445 \u0441\u043e\u043b\u043d\u0435\u0447\u043d\u044b\u0445 \u043b\u0443\u0447\u0435\u0439 \u0438 \u0432 \u043d\u0435\u0434\u043e\u0441\u0442\u0443\u043f\u043d\u043e\u043c \u0434\u043b\u044f \u0434\u0435\u0442\u0435\u0439 \u043c\u0435\u0441\u0442\u0435.<\/p>\n<p>\u0414\u043e\u043f\u043e\u043b\u043d\u0438\u0442\u0435\u043b\u044c\u043d\u0430\u044f \u0438\u043d\u0444\u043e\u0440\u043c\u0430\u0446\u0438\u044f: \u041f\u0435\u0440\u0435\u0434 \u043f\u0435\u0440\u0432\u044b\u043c \u043f\u0440\u0438\u043c\u0435\u043d\u0435\u043d\u0438\u0435\u043c \u0440\u0435\u043a\u043e\u043c\u0435\u043d\u0434\u0443\u0435\u0442\u0441\u044f \u043f\u0440\u043e\u0432\u0435\u0441\u0442\u0438 \u0442\u0435\u0441\u0442 \u043d\u0430 \u0447\u0443\u0432\u0441\u0442\u0432\u0438\u0442\u0435\u043b\u044c\u043d\u043e\u0441\u0442\u044c \u043a\u043e\u0436\u0438. \u041f\u0440\u0438 \u043f\u043e\u044f\u0432\u043b\u0435\u043d\u0438\u0438 \u0437\u0443\u0434\u0430, \u043f\u043e\u043a\u0440\u0430\u0441\u043d\u0435\u043d\u0438\u044f \u0438\u043b\u0438 \u0434\u0440\u0443\u0433\u0438\u0445 \u043d\u0435\u0436\u0435\u043b\u0430\u0442\u0435\u043b\u044c\u043d\u044b\u0445 \u0440\u0435\u0430\u043a\u0446\u0438\u0439 \u043f\u0440\u0435\u043a\u0440\u0430\u0442\u0438\u0442\u0435 \u0438\u0441\u043f\u043e\u043b\u044c\u0437\u043e\u0432\u0430\u043d\u0438\u0435 \u0438 \u043e\u0431\u0440\u0430\u0442\u0438\u0442\u0435\u0441\u044c \u043a \u0441\u043f\u0435\u0446\u0438\u0430\u043b\u0438\u0441\u0442\u0443.<\/p>\n<p>\u041e\u0442\u043a\u0440\u043e\u0439\u0442\u0435 \u0434\u043b\u044f \u0441\u0435\u0431\u044f \u0435\u0441\u0442\u0435\u0441\u0442\u0432\u0435\u043d\u043d\u043e\u0435 \u0440\u0430\u0441\u0441\u043b\u0430\u0431\u043b\u0435\u043d\u0438\u0435 \u0438 \u0443\u0445\u043e\u0434 \u0437\u0430 \u043a\u043e\u0436\u0435\u0439 \u0441 \u043c\u0430\u0441\u0441\u0430\u0436\u043d\u044b\u043c \u043c\u0430\u0441\u043b\u043e\u043c CBD \u0438 \u0430\u0432\u043e\u043a\u0430\u0434\u043e.<\/p>\n<p>\u041e\u043f\u0442\u043e\u0432\u044b\u0435 \u043f\u043e\u0441\u0442\u0430\u0432\u043a\u0438 CBD \u0432 \u041b\u0438\u0442\u0432\u0443: <a href=\"http:\/\/www.cbditaly.store\" target=\"_new\" rel=\"noopener\" data-start=\"45\" data-end=\"63\" data-is-last-node=\"\">www.cbditaly.store<\/a><\/p>\n<p>\u041d\u0430\u0437\u043d\u0430\u0447\u0435\u043d\u0438\u0435 \u043f\u0440\u043e\u0434\u0443\u043a\u0442\u0430: \u0422\u043e\u043b\u044c\u043a\u043e \u0434\u043b\u044f \u043f\u0440\u043e\u0444\u0435\u0441\u0441\u0438\u043e\u043d\u0430\u043b\u044c\u043d\u043e\u0433\u043e \u0438\u0441\u043f\u043e\u043b\u044c\u0437\u043e\u0432\u0430\u043d\u0438\u044f \u0438\u043b\u0438 \u043a\u043e\u043b\u043b\u0435\u043a\u0446\u0438\u043e\u043d\u0438\u0440\u043e\u0432\u0430\u043d\u0438\u044f. \u041d\u0435 \u043f\u0440\u0435\u0434\u043d\u0430\u0437\u043d\u0430\u0447\u0435\u043d\u043e \u0434\u043b\u044f \u0443\u043f\u043e\u0442\u0440\u0435\u0431\u043b\u0435\u043d\u0438\u044f \u0447\u0435\u043b\u043e\u0432\u0435\u043a\u043e\u043c.\n\u041e\u0433\u0440\u0430\u043d\u0438\u0447\u0435\u043d\u0438\u044f \u043f\u0440\u043e\u0434\u0430\u0436\u0438: \u041d\u0435 \u043f\u0440\u043e\u0434\u0430\u0435\u0442\u0441\u044f \u043b\u0438\u0446\u0430\u043c \u043c\u043b\u0430\u0434\u0448\u0435 18 \u043b\u0435\u0442.\n\u0425\u0440\u0430\u043d\u0435\u043d\u0438\u0435: \u0425\u0440\u0430\u043d\u0438\u0442\u044c \u0432 \u0441\u0443\u0445\u043e\u043c \u043c\u0435\u0441\u0442\u0435, \u0432\u0434\u0430\u043b\u0438 \u043e\u0442 \u0438\u0441\u0442\u043e\u0447\u043d\u0438\u043a\u043e\u0432 \u0442\u0435\u043f\u043b\u0430 \u0438 \u0432 \u043d\u0435\u0434\u043e\u0441\u0442\u0443\u043f\u043d\u043e\u043c \u0434\u043b\u044f \u0434\u0435\u0442\u0435\u0439 \u043c\u0435\u0441\u0442\u0435.\n\u0421\u0442\u0440\u0430\u043d\u0430 \u043f\u0440\u043e\u0438\u0441\u0445\u043e\u0436\u0434\u0435\u043d\u0438\u044f: \u0418\u0442\u0430\u043b\u0438\u044f.<\/p>","protected":false},"excerpt":{"rendered":"<div class=\"flex-shrink-0 flex flex-col relative items-end\">\n<div>\n<div class=\"pt-0\">\n<div class=\"gizmo-bot-avatar flex h-8 w-8 items-center justify-center overflow-hidden rounded-full\">\n<div class=\"relative p-1 rounded-sm flex items-center justify-center bg-token-main-surface-primary text-token-text-primary h-8 w-8\">Avokado CBD aliejus masa\u017eui \u2013 100 ml buteliuke su patogiu pompiniu dozatoriumi. Sud\u0117tyje yra 1% CBD ekstrakto ir ekologi\u0161ko avokado aliejaus, kurie kartu padeda nuraminti od\u0105, j\u0105 maitina, dr\u0117kina ir skatina atsipalaidavim\u0105 masa\u017eo metu.<\/div>\n<\/div>\n<\/div>\n<\/div>\n<\/div>","protected":false},"featured_media":508,"comment_status":"closed","ping_status":"closed","template":"","meta":{"_joinchat":[]},"product_cat":[20,56],"product_tag":[],"tiered_pricing_type":"fixed","tiered_pricing_fixed_rules":{"4":15},"tiered_pricing_product_settings":{"layout":"default","base_unit_name":{"singular":null,"plural":null},"default_variation":null},"tiered_pricing_minimum_quantity":null,"tiered_pricing_roles_data":[],"tiered_pricing_percentage_rules":[],"tiered_pricing_maximum_quantity":null,"tiered_pricing_quantity_step":null,"_links":{"self":[{"href":"https:\/\/cbditaly.lt\/ru\/wp-json\/wp\/v2\/product\/507"}],"collection":[{"href":"https:\/\/cbditaly.lt\/ru\/wp-json\/wp\/v2\/product"}],"about":[{"href":"https:\/\/cbditaly.lt\/ru\/wp-json\/wp\/v2\/types\/product"}],"replies":[{"embeddable":true,"href":"https:\/\/cbditaly.lt\/ru\/wp-json\/wp\/v2\/comments?post=507"}],"wp:featuredmedia":[{"embeddable":true,"href":"https:\/\/cbditaly.lt\/ru\/wp-json\/wp\/v2\/media\/508"}],"wp:attachment":[{"href":"https:\/\/cbditaly.lt\/ru\/wp-json\/wp\/v2\/media?parent=507"}],"wp:term":[{"taxonomy":"product_cat","embeddable":true,"href":"https:\/\/cbditaly.lt\/ru\/wp-json\/wp\/v2\/product_cat?post=507"},{"taxonomy":"product_tag","embeddable":true,"href":"https:\/\/cbditaly.lt\/ru\/wp-json\/wp\/v2\/product_tag?post=507"}],"curies":[{"name":"wp","href":"https:\/\/api.w.org\/{rel}","templated":true}]}}