{"id":510,"date":"2024-10-02T23:38:55","date_gmt":"2024-10-02T20:38:55","guid":{"rendered":"https:\/\/cbditaly.lt\/?post_type=product&#038;p=510"},"modified":"2025-12-11T22:08:49","modified_gmt":"2025-12-11T19:08:49","slug":"vynuogiu-seklu-cbd-aliejus-masazui-100ml","status":"publish","type":"product","link":"https:\/\/cbditaly.lt\/ru\/product\/vynuogiu-seklu-cbd-aliejus-masazui-100ml\/","title":{"rendered":"Vynuogi\u0173 s\u0117kl\u0173 CBD aliejus masa\u017eui \u2013 100ml"},"content":{"rendered":"<p>Vynuogi\u0173 s\u0117kl\u0173 CBD aliejus masa\u017eui \u2013 100ml<\/p>\n<p>M\u016bs\u0173 Vynuogi\u0173 s\u0117kl\u0173 CBD aliejus masa\u017eui yra puikus pasirinkimas nat\u016braliai odos prie\u017ei\u016brai ir giliam atsipalaidavimui. \u0160is 100 ml buteliukas su patogiu pumpiniu dozatoriumi yra praturtintas 1% auk\u0161tos kokyb\u0117s CBD ekstraktu ir ekologi\u0161ku vynuogi\u0173 s\u0117kl\u0173 aliejumi, kuris \u017einomas d\u0117l savo lengvos tekst\u016bros ir odos atgaivinimo savybi\u0173.<\/p>\n<p>\u0425\u0430\u0440\u0430\u043a\u0442\u0435\u0440\u0438\u0441\u0442\u0438\u043a\u0438:<\/p>\n<ul>\n<li>1% CBD ekstraktas: Kanabidiolis (CBD) padeda atsipalaiduoti, ma\u017eina raumen\u0173 \u012ftamp\u0105 ir gerina bendr\u0105 savijaut\u0105.<\/li>\n<li>Biologinis Vynuogi\u0173 s\u0117kl\u0173 aliejus: Lengvos tekst\u016bros aliejus, turintis daug antioksidant\u0173, kurie skatina odos atsinaujinim\u0105, apsaugo nuo i\u0161saus\u0117jimo ir suteikia \u0161veln\u0173 \u0161vyt\u0117jim\u0105.<\/li>\n<li>Patogi pakuot\u0117: 100ml pumpinis butelis u\u017etikrina lengv\u0105 ir higieni\u0161k\u0105 naudojim\u0105, i\u0161laikant aliej\u0173 \u0161vie\u017ei\u0105.<\/li>\n<\/ul>\n<p>\u041f\u0440\u0435\u0438\u043c\u0443\u0449\u0435\u0441\u0442\u0432\u0430:<\/p>\n<ul>\n<li>Atsipalaidavimas ir Raumen\u0173 Atpalaidavimas: CBD padeda suma\u017einti raumen\u0173 \u012ftamp\u0105, o vynuogi\u0173 s\u0117kl\u0173 aliejus ramina od\u0105 ir pagerina jos b\u016bkl\u0119.<\/li>\n<li>Dr\u0117kinimas ir Maistingumas: Vynuogi\u0173 s\u0117kl\u0173 aliejus lengvai susigeria \u012f od\u0105, maitina j\u0105 ir padeda i\u0161laikyti nat\u016brali\u0105 dr\u0117gm\u0117s pusiausvyr\u0105.<\/li>\n<li>Nat\u016bral\u016bs Ingredientai: Produktas yra ekologi\u0161kas, be joki\u0173 chemini\u0173 pried\u0173, tinkantis net jautriai odai.<\/li>\n<\/ul>\n<p>\u0421\u043f\u043e\u0441\u043e\u0431 \u043f\u0440\u0438\u043c\u0435\u043d\u0435\u043d\u0438\u044f:<\/p>\n<ol>\n<li>Spaudykite nedidel\u012f kiek\u012f aliejaus ant rank\u0173 ir pa\u0161ildykite j\u012f tarp deln\u0173.<\/li>\n<li>\u0160velniais, sukamaisiais judesiais masa\u017euokite od\u0105, ypating\u0105 d\u0117mes\u012f skirdami \u012ftemptoms k\u016bno vietoms.<\/li>\n<li>Leiskite aliejui \u012fsigerti \u012f od\u0105 ir m\u0117gaukit\u0117s ilgalaikiu dr\u0117kinimu bei atsipalaidavimu.<\/li>\n<\/ol>\n<p>\u0160is aliejus ne tik maitina ir dr\u0117kina od\u0105, bet ir suteikia ramyb\u0117s bei komforto jausm\u0105, ypa\u010d po \u012ftemptos dienos ar fizin\u0117s veiklos.<\/p>\n<p>\u041e\u043f\u0442\u043e\u0432\u044b\u0435 \u043f\u043e\u0441\u0442\u0430\u0432\u043a\u0438 CBD \u0432 \u041b\u0438\u0442\u0432\u0443: <a href=\"http:\/\/www.cbditaly.store\" target=\"_new\" rel=\"noopener\" data-start=\"45\" data-end=\"63\" data-is-last-node=\"\">www.cbditaly.store<\/a><\/p>\n<p>\u041d\u0430\u0437\u043d\u0430\u0447\u0435\u043d\u0438\u0435 \u043f\u0440\u043e\u0434\u0443\u043a\u0442\u0430: \u0422\u043e\u043b\u044c\u043a\u043e \u0434\u043b\u044f \u043f\u0440\u043e\u0444\u0435\u0441\u0441\u0438\u043e\u043d\u0430\u043b\u044c\u043d\u043e\u0433\u043e \u0438\u0441\u043f\u043e\u043b\u044c\u0437\u043e\u0432\u0430\u043d\u0438\u044f \u0438\u043b\u0438 \u043a\u043e\u043b\u043b\u0435\u043a\u0446\u0438\u043e\u043d\u0438\u0440\u043e\u0432\u0430\u043d\u0438\u044f. \u041d\u0435 \u043f\u0440\u0435\u0434\u043d\u0430\u0437\u043d\u0430\u0447\u0435\u043d\u043e \u0434\u043b\u044f \u0443\u043f\u043e\u0442\u0440\u0435\u0431\u043b\u0435\u043d\u0438\u044f \u0447\u0435\u043b\u043e\u0432\u0435\u043a\u043e\u043c.\n\u041e\u0433\u0440\u0430\u043d\u0438\u0447\u0435\u043d\u0438\u044f \u043f\u0440\u043e\u0434\u0430\u0436\u0438: \u041d\u0435 \u043f\u0440\u043e\u0434\u0430\u0435\u0442\u0441\u044f \u043b\u0438\u0446\u0430\u043c \u043c\u043b\u0430\u0434\u0448\u0435 18 \u043b\u0435\u0442.\n\u0425\u0440\u0430\u043d\u0435\u043d\u0438\u0435: \u0425\u0440\u0430\u043d\u0438\u0442\u044c \u0432 \u0441\u0443\u0445\u043e\u043c \u043c\u0435\u0441\u0442\u0435, \u0432\u0434\u0430\u043b\u0438 \u043e\u0442 \u0438\u0441\u0442\u043e\u0447\u043d\u0438\u043a\u043e\u0432 \u0442\u0435\u043f\u043b\u0430 \u0438 \u0432 \u043d\u0435\u0434\u043e\u0441\u0442\u0443\u043f\u043d\u043e\u043c \u0434\u043b\u044f \u0434\u0435\u0442\u0435\u0439 \u043c\u0435\u0441\u0442\u0435.\n\u0421\u0442\u0440\u0430\u043d\u0430 \u043f\u0440\u043e\u0438\u0441\u0445\u043e\u0436\u0434\u0435\u043d\u0438\u044f: \u0418\u0442\u0430\u043b\u0438\u044f.<\/p>","protected":false},"excerpt":{"rendered":"<p>Vynuogi\u0173 s\u0117kl\u0173 CBD aliejus masa\u017eui \u2013 100ml buteliukas su 1% CBD ir biologiniu vynuogi\u0173 s\u0117kl\u0173 aliejumi, kuris atpalaiduoja raumenis, dr\u0117kina ir maitina od\u0105 nat\u016braliu b\u016bdu.<\/p>","protected":false},"featured_media":508,"comment_status":"closed","ping_status":"closed","template":"","meta":{"_joinchat":[]},"product_cat":[20,56],"product_tag":[],"tiered_pricing_type":"fixed","tiered_pricing_fixed_rules":{"4":15},"tiered_pricing_product_settings":{"layout":"default","base_unit_name":{"singular":null,"plural":null},"default_variation":null},"tiered_pricing_minimum_quantity":null,"tiered_pricing_roles_data":[],"tiered_pricing_percentage_rules":[],"tiered_pricing_maximum_quantity":null,"tiered_pricing_quantity_step":null,"_links":{"self":[{"href":"https:\/\/cbditaly.lt\/ru\/wp-json\/wp\/v2\/product\/510"}],"collection":[{"href":"https:\/\/cbditaly.lt\/ru\/wp-json\/wp\/v2\/product"}],"about":[{"href":"https:\/\/cbditaly.lt\/ru\/wp-json\/wp\/v2\/types\/product"}],"replies":[{"embeddable":true,"href":"https:\/\/cbditaly.lt\/ru\/wp-json\/wp\/v2\/comments?post=510"}],"wp:featuredmedia":[{"embeddable":true,"href":"https:\/\/cbditaly.lt\/ru\/wp-json\/wp\/v2\/media\/508"}],"wp:attachment":[{"href":"https:\/\/cbditaly.lt\/ru\/wp-json\/wp\/v2\/media?parent=510"}],"wp:term":[{"taxonomy":"product_cat","embeddable":true,"href":"https:\/\/cbditaly.lt\/ru\/wp-json\/wp\/v2\/product_cat?post=510"},{"taxonomy":"product_tag","embeddable":true,"href":"https:\/\/cbditaly.lt\/ru\/wp-json\/wp\/v2\/product_tag?post=510"}],"curies":[{"name":"wp","href":"https:\/\/api.w.org\/{rel}","templated":true}]}}