{"id":646,"date":"2025-03-06T01:36:55","date_gmt":"2025-03-05T22:36:55","guid":{"rendered":"https:\/\/cbditaly.lt\/?post_type=product&#038;p=646"},"modified":"2025-12-11T22:08:12","modified_gmt":"2025-12-11T19:08:12","slug":"raw-clipper-ziebtuvelis-juodas","status":"publish","type":"product","link":"https:\/\/cbditaly.lt\/ru\/product\/raw-clipper-ziebtuvelis-juodas\/","title":{"rendered":"RAW Clipper \u017diebtuv\u0117lis Juodas"},"content":{"rendered":"<div class=\"flex max-w-full flex-col flex-grow\">\n<div class=\"min-h-8 text-message relative flex w-full flex-col items-end gap-2 whitespace-normal break-words text-start [.text-message+&amp;]:mt-5\" dir=\"auto\" data-message-author-role=\"assistant\" data-message-id=\"5566eb62-22e4-43a7-914e-73a864bd8af3\" data-message-model-slug=\"gpt-4o\">\n<div class=\"flex w-full flex-col gap-1 empty:hidden first:pt-[3px]\">\n<div class=\"markdown prose w-full break-words dark:prose-invert light\">\n<p data-start=\"0\" data-end=\"32\">RAW Clipper \u017diebtuv\u0117lis Juodas<\/p>\n<p data-start=\"34\" data-end=\"304\">RAW Clipper \u017diebtuv\u0117lis Juodas yra idealus pasirinkimas tikriems r\u016bkymo entuziastams, kurie vertina stili\u0173, funkcionalum\u0105 ir tvarum\u0105. Eleganti\u0161kas juodas dizainas su ikoniniu RAW logotipu paver\u010dia \u0161\u012f \u017eiebtuv\u0117l\u012f ne tik \u012frankiu, bet ir kokyb\u0117s bei autenti\u0161kumo simboliu.<\/p>\n<p data-start=\"306\" data-end=\"650\">\u017dinomas d\u0117l savo patvarumo ir aplinkai draugi\u0161ko dizaino, Clipper \u017eiebtuv\u0117lis yra daugkartinio naudojimo \u2013 galima papildyti degalais, pakeisti titnago mechanizm\u0105 ir i\u0161imti presavimo \u012frank\u012f, kuris puikiai tinka tabakui suspausti. U\u017etikrina stabil\u0173 liepsnos degim\u0105, suteikdamas patikimum\u0105 kiekvien\u0105 kart\u0105, laikantis RAW \u012fsipareigojimo tvarumui.<\/p>\n<p data-start=\"652\" data-end=\"660\">Dydis:<\/p>\n<ul data-start=\"661\" data-end=\"701\">\n<li data-start=\"661\" data-end=\"680\">Auk\u0161tis: 7,4 cm<\/li>\n<li data-start=\"681\" data-end=\"701\">Skersmuo: 1,6 cm<\/li>\n<\/ul>\n<p data-start=\"703\" data-end=\"817\">Puikiai tinka tiems, kurie vertina prakti\u0161kum\u0105, patikimum\u0105 ir RAW i\u0161skirtin\u012f stili\u0173 kiekvienoje r\u016bkymo sesijoje.<\/p>\n<p>\u041e\u043f\u0442\u043e\u0432\u044b\u0435 \u043f\u043e\u0441\u0442\u0430\u0432\u043a\u0438 CBD \u0432 \u041b\u0438\u0442\u0432\u0443: <a href=\"http:\/\/www.cbditaly.store\" target=\"_new\" rel=\"noopener\" data-start=\"45\" data-end=\"63\" data-is-last-node=\"\">www.cbditaly.store<\/a><\/p>\n<\/div>\n<div class=\"markdown prose w-full break-words dark:prose-invert light\">\n<p data-start=\"886\" data-end=\"1160\" data-is-last-node=\"\" data-is-only-node=\"\">Produkto naudojimas: tik profesionaliam naudojimui arba kolekcionavimui. Neskirtas \u017emoni\u0173 vartojimui.<br data-start=\"987\" data-end=\"990\" \/>Prekybos apribojimai: neparduodama asmenims, jaunesniems nei 18 met\u0173.<br data-start=\"1059\" data-end=\"1062\" \/>Laikymas: laikyti sausoje vietoje, atokiau nuo kar\u0161\u010dio \u0161altini\u0173 ir vaikams nepasiekiamoje vietoje.<\/p>\n<\/div>\n<\/div>\n<\/div>\n<\/div>","protected":false},"excerpt":{"rendered":"<p>RAW Clipper \u017diebtuv\u0117lis Juodas<\/p>","protected":false},"featured_media":642,"comment_status":"open","ping_status":"closed","template":"","meta":{"_joinchat":[]},"product_cat":[20,49],"product_tag":[],"tiered_pricing_type":"fixed","tiered_pricing_fixed_rules":{"2":3},"tiered_pricing_product_settings":{"layout":"default","base_unit_name":{"singular":null,"plural":null},"default_variation":null},"tiered_pricing_minimum_quantity":null,"tiered_pricing_roles_data":[],"tiered_pricing_percentage_rules":[],"tiered_pricing_maximum_quantity":null,"tiered_pricing_quantity_step":null,"_links":{"self":[{"href":"https:\/\/cbditaly.lt\/ru\/wp-json\/wp\/v2\/product\/646"}],"collection":[{"href":"https:\/\/cbditaly.lt\/ru\/wp-json\/wp\/v2\/product"}],"about":[{"href":"https:\/\/cbditaly.lt\/ru\/wp-json\/wp\/v2\/types\/product"}],"replies":[{"embeddable":true,"href":"https:\/\/cbditaly.lt\/ru\/wp-json\/wp\/v2\/comments?post=646"}],"wp:featuredmedia":[{"embeddable":true,"href":"https:\/\/cbditaly.lt\/ru\/wp-json\/wp\/v2\/media\/642"}],"wp:attachment":[{"href":"https:\/\/cbditaly.lt\/ru\/wp-json\/wp\/v2\/media?parent=646"}],"wp:term":[{"taxonomy":"product_cat","embeddable":true,"href":"https:\/\/cbditaly.lt\/ru\/wp-json\/wp\/v2\/product_cat?post=646"},{"taxonomy":"product_tag","embeddable":true,"href":"https:\/\/cbditaly.lt\/ru\/wp-json\/wp\/v2\/product_tag?post=646"}],"curies":[{"name":"wp","href":"https:\/\/api.w.org\/{rel}","templated":true}]}}