{"id":647,"date":"2025-03-06T02:17:05","date_gmt":"2025-03-05T23:17:05","guid":{"rendered":"https:\/\/cbditaly.lt\/?post_type=product&#038;p=647"},"modified":"2025-12-11T22:06:31","modified_gmt":"2025-12-11T19:06:31","slug":"raw-king-size-ekologiski-kanapiu-popieriai","status":"publish","type":"product","link":"https:\/\/cbditaly.lt\/ru\/product\/raw-king-size-ekologiski-kanapiu-popieriai\/","title":{"rendered":"RAW King Size Ekologi\u0161ki Kanapi\u0173 Popieriai"},"content":{"rendered":"<p data-start=\"77\" data-end=\"123\"><strong data-start=\"77\" data-end=\"123\">RAW King Size Ekologi\u0161ki Kanapi\u0173 Popieriai<\/strong><\/p>\n<p data-start=\"125\" data-end=\"350\">RAW King Size \u2013 nat\u016bral\u016bs, nebalinti ir ekologi\u0161ki kanapi\u0173 popieriai, sukurti ie\u0161kantiems \u0161varesn\u0117s ir autenti\u0161kesn\u0117s patirties. Pagaminti i\u0161 100% neapdoroto kanapi\u0173 pluo\u0161to, be kreidos, da\u017eikli\u0173 ir gyv\u016bnin\u0117s kilm\u0117s med\u017eiag\u0173.<\/p>\n<p data-start=\"352\" data-end=\"561\">Pagrindin\u0117s savyb\u0117s:<br data-start=\"376\" data-end=\"379\" \/>\u2022 King Size Slim dydis (110 \u00d7 44 mm)<br data-start=\"415\" data-end=\"418\" \/>\u2022 32 lapeliai pakuot\u0117je<br data-start=\"441\" data-end=\"444\" \/>\u2022 Ypa\u010d plonas, tolygiai degantis popierius<br data-start=\"486\" data-end=\"489\" \/>\u2022 RAW patentuotas vandens \u017eenklas<br data-start=\"522\" data-end=\"525\" \/>\u2022 Nat\u016brali med\u017ei\u0173 derva klijavimui<\/p>\n<p data-start=\"563\" data-end=\"644\">Tinka vartotojams, vertinantiems ekologi\u0161kum\u0105, nat\u016bralum\u0105 ir l\u0117t\u0105, tolyg\u0173 degim\u0105.<\/p>\n<p>\u041e\u043f\u0442\u043e\u0432\u044b\u0435 \u043f\u043e\u0441\u0442\u0430\u0432\u043a\u0438 CBD \u0432 \u041b\u0438\u0442\u0432\u0443: <a href=\"http:\/\/www.cbditaly.store\" target=\"_new\" rel=\"noopener\" data-start=\"45\" data-end=\"63\" data-is-last-node=\"\">www.cbditaly.store<\/a><\/p>\n<p>Produkto naudojimas: tik profesionaliam naudojimui arba kolekcionavimui. Neskirtas \u017emoni\u0173 vartojimui.<br \/>\nPrekybos apribojimai: neparduodama asmenims, jaunesniems nei 18 met\u0173.<br \/>\nLaikymas: laikyti sausoje vietoje, atokiau nuo kar\u0161\u010dio \u0161altini\u0173 ir vaikams nepasiekiamoje vietoje.<\/p>","protected":false},"excerpt":{"rendered":"<p>RAW King Size Ekologi\u0161ki Kanapi\u0173 Popieriai<\/p>","protected":false},"featured_media":651,"comment_status":"open","ping_status":"closed","template":"","meta":{"_joinchat":[]},"product_cat":[20,49],"product_tag":[],"tiered_pricing_type":"fixed","tiered_pricing_fixed_rules":[],"tiered_pricing_product_settings":{"layout":"default","base_unit_name":{"singular":null,"plural":null},"default_variation":null},"tiered_pricing_minimum_quantity":null,"tiered_pricing_roles_data":[],"tiered_pricing_percentage_rules":[],"tiered_pricing_maximum_quantity":null,"tiered_pricing_quantity_step":null,"_links":{"self":[{"href":"https:\/\/cbditaly.lt\/ru\/wp-json\/wp\/v2\/product\/647"}],"collection":[{"href":"https:\/\/cbditaly.lt\/ru\/wp-json\/wp\/v2\/product"}],"about":[{"href":"https:\/\/cbditaly.lt\/ru\/wp-json\/wp\/v2\/types\/product"}],"replies":[{"embeddable":true,"href":"https:\/\/cbditaly.lt\/ru\/wp-json\/wp\/v2\/comments?post=647"}],"wp:featuredmedia":[{"embeddable":true,"href":"https:\/\/cbditaly.lt\/ru\/wp-json\/wp\/v2\/media\/651"}],"wp:attachment":[{"href":"https:\/\/cbditaly.lt\/ru\/wp-json\/wp\/v2\/media?parent=647"}],"wp:term":[{"taxonomy":"product_cat","embeddable":true,"href":"https:\/\/cbditaly.lt\/ru\/wp-json\/wp\/v2\/product_cat?post=647"},{"taxonomy":"product_tag","embeddable":true,"href":"https:\/\/cbditaly.lt\/ru\/wp-json\/wp\/v2\/product_tag?post=647"}],"curies":[{"name":"wp","href":"https:\/\/api.w.org\/{rel}","templated":true}]}}