{"id":653,"date":"2025-03-06T02:33:26","date_gmt":"2025-03-05T23:33:26","guid":{"rendered":"https:\/\/cbditaly.lt\/?post_type=product&#038;p=653"},"modified":"2025-12-11T22:05:48","modified_gmt":"2025-12-11T19:05:48","slug":"raw-wide-perforuoti-filtrai","status":"publish","type":"product","link":"https:\/\/cbditaly.lt\/ru\/product\/raw-wide-perforuoti-filtrai\/","title":{"rendered":"RAW Wide Perforuoti Filtrai"},"content":{"rendered":"<p>RAW Wide Perforuoti Filtrai \u2013 Sklandi ir Patogi R\u016bkymo Patirtis<\/p>\n<p>RAW Wide Perforuoti Filtrai pagerina j\u016bs\u0173 r\u016bkymo patirt\u012f, u\u017etikrindami tolygesn\u012f, v\u0117sesn\u012f \u012ftraukim\u0105 ir apsaugodami nuo smulki\u0173 daleli\u0173 patekimo \u012f burn\u0105. Matmenys 58mm x 25mm suteikia puik\u0173 oro sraut\u0105, suma\u017eina per stipr\u0173 traukim\u0105 ir i\u0161laiko degant\u012f gal\u0105 saugiu atstumu nuo l\u016bp\u0173.<\/p>\n<p>Pagrindin\u0117s savyb\u0117s:<\/p>\n<ul>\n<li>Sklandus ir nat\u016bralus traukimas: u\u017etikrina tolyg\u0173 ir malon\u0173 oro sraut\u0105.<\/li>\n<li>Apsauga nuo smulki\u0173 daleli\u0173: veikia kaip patikimas filtras, suteikiantis \u0161vari\u0105 ir maloni\u0105 r\u016bkymo patirt\u012f.<\/li>\n<li>Patvarus ir tvirtas dizainas: nesusispaud\u017eia, leid\u017eia lengvai susukti.<\/li>\n<li>Reguliuojama forma: leid\u017eia pritaikyti oro sraut\u0105 ir traukimo stiprum\u0105 pagal j\u016bs\u0173 poreikius.<\/li>\n<\/ul>\n<p>Geriausiam rezultatui: vien\u0105 filtro gal\u0105 perlenkite akordeono stiliumi, kad suteiktum\u0117te papildom\u0105 stabilum\u0105 ir i\u0161vengtum\u0117te nepatogum\u0173 r\u016bkymo metu.<\/p>\n<p>R\u016bkykite kaip profesionalas su RAW Wide Perforuotais Filtrais ir m\u0117gaukit\u0117s maksimaliu komfortu su kiekvienu \u012ftraukimu!<\/p>\n<div class=\"flex max-w-full flex-col flex-grow\">\n<div class=\"min-h-8 text-message relative flex w-full flex-col items-end gap-2 whitespace-normal break-words text-start [.text-message+&amp;]:mt-5\" dir=\"auto\" data-message-author-role=\"assistant\" data-message-id=\"cf7b126d-934f-4b70-871e-00a8a7ab4229\" data-message-model-slug=\"gpt-4o\">\n<div class=\"flex w-full flex-col gap-1 empty:hidden first:pt-[3px]\">\n<div class=\"markdown prose w-full break-words dark:prose-invert light\">\n<p data-start=\"0\" data-end=\"63\" data-is-last-node=\"\" data-is-only-node=\"\">\u041e\u043f\u0442\u043e\u0432\u044b\u0435 \u043f\u043e\u0441\u0442\u0430\u0432\u043a\u0438 CBD \u0432 \u041b\u0438\u0442\u0432\u0443: <a href=\"http:\/\/www.cbditaly.store\" target=\"_new\" rel=\"noopener\" data-start=\"45\" data-end=\"63\" data-is-last-node=\"\">www.cbditaly.store<\/a><\/p>\n<\/div>\n<\/div>\n<\/div>\n<\/div>\n<p>Produkto naudojimas: tik profesionaliam naudojimui arba kolekcionavimui. Neskirtas \u017emoni\u0173 vartojimui.<br \/>\nPrekybos apribojimai: neparduodama asmenims, jaunesniems nei 18 met\u0173.<br \/>\nLaikymas: laikyti sausoje vietoje, atokiau nuo kar\u0161\u010dio \u0161altini\u0173 ir vaikams nepasiekiamoje vietoje.<\/p>","protected":false},"excerpt":{"rendered":"<p>RAW Wide Perforuoti Filtrai<\/p>","protected":false},"featured_media":645,"comment_status":"open","ping_status":"closed","template":"","meta":{"_joinchat":[]},"product_cat":[20,49],"product_tag":[],"tiered_pricing_type":"fixed","tiered_pricing_fixed_rules":[],"tiered_pricing_product_settings":{"layout":"default","base_unit_name":{"singular":null,"plural":null},"default_variation":null},"tiered_pricing_minimum_quantity":null,"tiered_pricing_roles_data":[],"tiered_pricing_percentage_rules":[],"tiered_pricing_maximum_quantity":null,"tiered_pricing_quantity_step":null,"_links":{"self":[{"href":"https:\/\/cbditaly.lt\/ru\/wp-json\/wp\/v2\/product\/653"}],"collection":[{"href":"https:\/\/cbditaly.lt\/ru\/wp-json\/wp\/v2\/product"}],"about":[{"href":"https:\/\/cbditaly.lt\/ru\/wp-json\/wp\/v2\/types\/product"}],"replies":[{"embeddable":true,"href":"https:\/\/cbditaly.lt\/ru\/wp-json\/wp\/v2\/comments?post=653"}],"wp:featuredmedia":[{"embeddable":true,"href":"https:\/\/cbditaly.lt\/ru\/wp-json\/wp\/v2\/media\/645"}],"wp:attachment":[{"href":"https:\/\/cbditaly.lt\/ru\/wp-json\/wp\/v2\/media?parent=653"}],"wp:term":[{"taxonomy":"product_cat","embeddable":true,"href":"https:\/\/cbditaly.lt\/ru\/wp-json\/wp\/v2\/product_cat?post=653"},{"taxonomy":"product_tag","embeddable":true,"href":"https:\/\/cbditaly.lt\/ru\/wp-json\/wp\/v2\/product_tag?post=653"}],"curies":[{"name":"wp","href":"https:\/\/api.w.org\/{rel}","templated":true}]}}